{"id":37075,"date":"2025-10-20T14:12:14","date_gmt":"2025-10-20T14:12:14","guid":{"rendered":"https:\/\/controlar.com\/?page_id=37075"},"modified":"2025-12-16T10:06:14","modified_gmt":"2025-12-16T10:06:14","slug":"cdim","status":"publish","type":"page","link":"https:\/\/controlar.com\/es\/areas-de-negocio\/sistemas-de-test\/cdim\/","title":{"rendered":"CDIM"},"content":{"rendered":"[vc_row type=\u00bbfull_width_background\u00bb full_screen_row_position=\u00bbmiddle\u00bb column_margin=\u00bbnone\u00bb column_direction=\u00bbdefault\u00bb column_direction_tablet=\u00bbdefault\u00bb column_direction_phone=\u00bbdefault\u00bb bg_color=\u00bb#858e92&#8243; scene_position=\u00bbcenter\u00bb text_color=\u00bbcustom\u00bb custom_text_color=\u00bb#919191&#8243; text_align=\u00bbleft\u00bb row_border_radius=\u00bbnone\u00bb row_border_radius_applies=\u00bbbg\u00bb overflow=\u00bbvisible\u00bb overlay_strength=\u00bb0.3&#8243; gradient_direction=\u00bbleft_to_right\u00bb shape_divider_position=\u00bbbottom\u00bb bg_image_animation=\u00bbnone\u00bb shape_type=\u00bb\u00bb gradient_type=\u00bbdefault\u00bb][vc_column top_padding_desktop=\u00bb8%\u00bb bottom_padding_desktop=\u00bb2%\u00bb column_element_direction_desktop=\u00bbdefault\u00bb column_element_spacing=\u00bbdefault\u00bb desktop_text_alignment=\u00bbdefault\u00bb tablet_text_alignment=\u00bbdefault\u00bb phone_text_alignment=\u00bbdefault\u00bb background_color_opacity=\u00bb1&#8243; background_hover_color_opacity=\u00bb1&#8243; column_backdrop_filter=\u00bbnone\u00bb column_shadow=\u00bbnone\u00bb column_border_radius=\u00bbnone\u00bb column_link_target=\u00bb_self\u00bb column_position=\u00bbdefault\u00bb gradient_direction=\u00bbleft_to_right\u00bb overlay_strength=\u00bb0.3&#8243; width=\u00bb1\/1&#8243; tablet_width_inherit=\u00bbdefault\u00bb animation_type=\u00bbdefault\u00bb bg_image_animation=\u00bbnone\u00bb border_type=\u00bbsimple\u00bb column_border_width=\u00bbnone\u00bb column_border_style=\u00bbsolid\u00bb column_padding_type=\u00bbadvanced\u00bb gradient_type=\u00bbdefault\u00bb][vc_custom_heading source=\u00bbpost_title\u00bb font_container=\u00bbtag:h2|text_align:left|color:%23ffffff\u00bb use_theme_fonts=\u00bbyes\u00bb][\/vc_column][\/vc_row][vc_row type=\u00bbin_container\u00bb full_screen_row_position=\u00bbmiddle\u00bb column_margin=\u00bb50px\u00bb column_direction=\u00bbdefault\u00bb column_direction_tablet=\u00bbdefault\u00bb column_direction_phone=\u00bbdefault\u00bb scene_position=\u00bbcenter\u00bb text_color=\u00bbcustom\u00bb custom_text_color=\u00bb#919191&#8243; text_align=\u00bbleft\u00bb row_border_radius=\u00bbnone\u00bb row_border_radius_applies=\u00bbbg\u00bb overflow=\u00bbvisible\u00bb overlay_strength=\u00bb0.3&#8243; gradient_direction=\u00bbleft_to_right\u00bb shape_divider_position=\u00bbbottom\u00bb bg_image_animation=\u00bbnone\u00bb shape_type=\u00bb\u00bb][vc_column column_padding=\u00bbno-extra-padding\u00bb column_padding_tablet=\u00bbinherit\u00bb column_padding_phone=\u00bbinherit\u00bb column_padding_position=\u00bball\u00bb column_element_direction_desktop=\u00bbdefault\u00bb column_element_spacing=\u00bbdefault\u00bb desktop_text_alignment=\u00bbdefault\u00bb tablet_text_alignment=\u00bbdefault\u00bb phone_text_alignment=\u00bbdefault\u00bb background_color_opacity=\u00bb1&#8243; background_hover_color_opacity=\u00bb1&#8243; column_backdrop_filter=\u00bbnone\u00bb column_shadow=\u00bbnone\u00bb column_border_radius=\u00bbnone\u00bb column_link_target=\u00bb_self\u00bb column_position=\u00bbdefault\u00bb gradient_direction=\u00bbleft_to_right\u00bb overlay_strength=\u00bb0.3&#8243; width=\u00bb5\/12&#8243; tablet_width_inherit=\u00bbdefault\u00bb animation_type=\u00bbdefault\u00bb bg_image_animation=\u00bbnone\u00bb border_type=\u00bbsimple\u00bb column_border_width=\u00bbnone\u00bb column_border_style=\u00bbsolid\u00bb][vc_custom_heading text=\u00bbSistema de Inspecci\u00f3n para Pantallas Curvas\u00bb font_container=\u00bbtag:h5|text_align:left\u00bb use_theme_fonts=\u00bbyes\u00bb css=\u00bb.vc_custom_1760969009628{margin-top: 30px !important;}\u00bb][\/vc_column][vc_column column_padding=\u00bbno-extra-padding\u00bb column_padding_tablet=\u00bbinherit\u00bb column_padding_phone=\u00bbinherit\u00bb column_padding_position=\u00bball\u00bb top_margin=\u00bb-50px\u00bb top_margin_phone=\u00bb0&#8243; column_element_direction_desktop=\u00bbdefault\u00bb column_element_spacing=\u00bbdefault\u00bb desktop_text_alignment=\u00bbdefault\u00bb tablet_text_alignment=\u00bbdefault\u00bb phone_text_alignment=\u00bbdefault\u00bb background_color_opacity=\u00bb1&#8243; background_hover_color_opacity=\u00bb1&#8243; column_backdrop_filter=\u00bbnone\u00bb column_shadow=\u00bbnone\u00bb column_border_radius=\u00bbnone\u00bb column_link_target=\u00bb_self\u00bb column_position=\u00bbdefault\u00bb boxed=\u00bbtrue\u00bb gradient_direction=\u00bbleft_to_right\u00bb overlay_strength=\u00bb0.3&#8243; width=\u00bb7\/12&#8243; tablet_width_inherit=\u00bbdefault\u00bb animation_type=\u00bbdefault\u00bb bg_image_animation=\u00bbnone\u00bb border_type=\u00bbsimple\u00bb column_border_width=\u00bbnone\u00bb column_border_style=\u00bbsolid\u00bb column_padding_type=\u00bbdefault\u00bb gradient_type=\u00bbdefault\u00bb][image_with_animation image_url=\u00bb37091&#8243; image_size=\u00bbfull\u00bb animation_type=\u00bbentrance\u00bb animation=\u00bbFade In\u00bb animation_easing=\u00bbdefault\u00bb animation_movement_type=\u00bbtransform_y\u00bb hover_animation=\u00bbnone\u00bb alignment=\u00bbcenter\u00bb border_radius=\u00bbnone\u00bb box_shadow=\u00bbnone\u00bb image_loading=\u00bbdefault\u00bb max_width=\u00bb100%\u00bb max_width_mobile=\u00bbdefault\u00bb][\/vc_column][\/vc_row][vc_row type=\u00bbin_container\u00bb full_screen_row_position=\u00bbmiddle\u00bb column_margin=\u00bb50px\u00bb column_direction=\u00bbdefault\u00bb column_direction_tablet=\u00bbdefault\u00bb column_direction_phone=\u00bbdefault\u00bb scene_position=\u00bbcenter\u00bb text_color=\u00bbdark\u00bb text_align=\u00bbleft\u00bb row_border_radius=\u00bbnone\u00bb row_border_radius_applies=\u00bbbg\u00bb overflow=\u00bbvisible\u00bb overlay_strength=\u00bb0.3&#8243; gradient_direction=\u00bbleft_to_right\u00bb shape_divider_position=\u00bbbottom\u00bb bg_image_animation=\u00bbnone\u00bb shape_type=\u00bb\u00bb][vc_column column_padding=\u00bbno-extra-padding\u00bb column_padding_tablet=\u00bbinherit\u00bb column_padding_phone=\u00bbinherit\u00bb column_padding_position=\u00bball\u00bb column_element_direction_desktop=\u00bbdefault\u00bb column_element_spacing=\u00bbdefault\u00bb desktop_text_alignment=\u00bbdefault\u00bb tablet_text_alignment=\u00bbdefault\u00bb phone_text_alignment=\u00bbdefault\u00bb background_color_opacity=\u00bb1&#8243; background_hover_color_opacity=\u00bb1&#8243; column_backdrop_filter=\u00bbnone\u00bb column_shadow=\u00bbnone\u00bb column_border_radius=\u00bbnone\u00bb column_link_target=\u00bb_self\u00bb column_position=\u00bbdefault\u00bb el_class=\u00bbproduct-details\u00bb gradient_direction=\u00bbleft_to_right\u00bb overlay_strength=\u00bb0.3&#8243; width=\u00bb1\/1&#8243; tablet_width_inherit=\u00bbdefault\u00bb animation_type=\u00bbdefault\u00bb bg_image_animation=\u00bbnone\u00bb border_type=\u00bbsimple\u00bb column_border_width=\u00bbnone\u00bb column_border_style=\u00bbsolid\u00bb offset=\u00bbvc_col-lg-5 vc_col-md-6&#8243;][toggles style=\u00bbminimal\u00bb accordion=\u00bbtrue\u00bb accordion_starting_functionality=\u00bbdefault\u00bb][toggle color=\u00bbDefault\u00bb heading_tag=\u00bbdefault\u00bb heading_tag_functionality=\u00bbdefault\u00bb title=\u00bbCaracter\u00edsticas Destacadas\u00bb][vc_column_text]\n<hr \/>\n<h6><span style=\"font-size: 16px;\">Sistema de inspecci\u00f3n independiente para pantallas curvas, compatible con m\u00faltiples tipos de producto sin necesidad de grandes cambios en el hardware.<br \/>\n<\/span><\/h6>\n<hr \/>\n<h6><span style=\"font-size: 16px;\">Sistema de c\u00e1mara lineal para la conversi\u00f3n de im\u00e1genes curvas a planas y detecci\u00f3n precisa de defectos.<br \/>\n<\/span><\/h6>\n<hr \/>\n<h6><span style=\"font-size: 16px;\">Algoritmos de deep learning para la detecci\u00f3n adaptativa de una amplia variedad de tipos de defectos.<br \/>\n<\/span><\/h6>\n<hr \/>\n<h6><span style=\"font-size: 16px;\">Robot montado en la parte superior que permite una manipulaci\u00f3n flexible de los productos.<\/span><\/h6>\n<hr \/>\n<h6><span style=\"font-size: 16px;\">\u00datiles de sujeci\u00f3n de cambio r\u00e1pido para una reconfiguraci\u00f3n \u00e1gil entre diferentes pantallas.<\/span><\/h6>\n<hr \/>\n<h6><span style=\"font-size: 16px;\">Interfaz configurable para configurar, supervisar y personalizar las pruebas de forma r\u00e1pida y flexible mediante una aplicaci\u00f3n de visi\u00f3n propietaria.<\/span><\/h6>\n<hr \/>\n[\/vc_column_text][\/toggle][toggle color=\u00bbDefault\u00bb heading_tag=\u00bbdefault\u00bb heading_tag_functionality=\u00bbdefault\u00bb title=\u00bbApp de Visi\u00f3n (Proprietario)\u00bb][vc_column_text]\n<h4>FUNCIONALIDADES<\/h4>\n<ul>\n<li><strong>Modo de disparo:<\/strong> manual o autom\u00e1tico (configurable en la aplicaci\u00f3n).<\/li>\n<li><strong>Modo MSA:<\/strong> configurable para pruebas de calidad.<\/li>\n<li><strong>Base de datos local con modo hist\u00f3rico:<\/strong> para la revisi\u00f3n de im\u00e1genes.<\/li>\n<li><strong>Exportaci\u00f3n de datos a CSV:<\/strong> para an\u00e1lisis externo e integraci\u00f3n.<\/li>\n<li><strong>Modo de c\u00e1mara en vivo:<\/strong> para supervisi\u00f3n en tiempo real.<\/li>\n<li><strong>Mapa de estaci\u00f3n\/l\u00ednea:<\/strong> para guiar al operario.<\/li>\n<li><strong>M\u00faltiples modos de prueba:<\/strong> para diferentes necesidades de inspecci\u00f3n (defectos en pantalla, visualizaci\u00f3n de imagen, defectos en el marco).<\/li>\n<\/ul>\n[\/vc_column_text][vc_column_text]\n<h4>AJUSTES Y RECETAS DIN\u00c1MICAS<\/h4>\n<ul>\n<li><strong>Par\u00e1metros de c\u00e1mara ajustables:<\/strong> tiempo de exposici\u00f3n [ms], velocidad de fotogramas [fps].<\/li>\n<li><strong>Referencia de imagen:<\/strong> configurable para probar productos en diferentes posiciones (requiere un rango de c\u00e1mara adecuado).<\/li>\n<li><strong>Creaci\u00f3n de modelos de prueba:<\/strong> definici\u00f3n de criterios para localizar caracter\u00edsticas (por ejemplo, posiciones de tornillos, marcados alfanum\u00e9ricos) y verificar la correcta colocaci\u00f3n de las piezas (el elemento configurable es el criterio de b\u00fasqueda; la prueba se adapta en consecuencia).<\/li>\n<\/ul>\n[\/vc_column_text][\/toggle][toggle color=\u00bbDefault\u00bb heading_tag=\u00bbdefault\u00bb heading_tag_functionality=\u00bbdefault\u00bb title=\u00bbDescargas\u00bb]<div class=\"nectar-fancy-ul\" data-list-icon=\"fa fa-arrow-circle-o-down\" data-animation=\"false\" data-animation-delay=\"0\" data-color=\"extra-color-2\" data-spacing=\"default\" data-alignment=\"left\"> \n<ul>\n<li><a href=\"https:\/\/controlar.com\/wp-content\/uploads\/2025\/10\/Mod.239CDIM.EN_.D.pdf\" target=\"_blank\" rel=\"noopener\">Datasheet<\/a><\/li>\n<li><a href=\"https:\/\/controlar.com\/wp-content\/uploads\/2026\/02\/Mod._238TS.EN_.D8_Test_Systems_Solutions.pdf\" target=\"_blank\" rel=\"noopener\">Brochure<\/a><\/li>\n<\/ul>\n <\/div>[\/toggle][\/toggles][vc_video link=\u00bbhttps:\/\/www.youtube.com\/watch?v=Qpodsd1EK04&#8243;]<div class=\"iwithtext\"><div class=\"iwt-icon\"> <i class=\"icon-default-style fa fa-envelope-o extra-color-2\"><\/i> <\/div><div class=\"iwt-text\"> For additional information, please contact Controlar at\u00a0<a href=\"mailto:info@pt.controlar.com\">info@pt.controlar.com<\/a> <\/div><div class=\"clear\"><\/div><\/div>[\/vc_column][vc_column column_padding=\u00bbno-extra-padding\u00bb column_padding_tablet=\u00bbinherit\u00bb column_padding_phone=\u00bbinherit\u00bb column_padding_position=\u00bball\u00bb column_element_direction_desktop=\u00bbdefault\u00bb column_element_spacing=\u00bbdefault\u00bb desktop_text_alignment=\u00bbdefault\u00bb tablet_text_alignment=\u00bbdefault\u00bb phone_text_alignment=\u00bbdefault\u00bb background_color_opacity=\u00bb1&#8243; background_hover_color_opacity=\u00bb1&#8243; column_backdrop_filter=\u00bbnone\u00bb column_shadow=\u00bbnone\u00bb column_border_radius=\u00bbnone\u00bb column_link_target=\u00bb_self\u00bb column_position=\u00bbdefault\u00bb gradient_direction=\u00bbleft_to_right\u00bb overlay_strength=\u00bb0.3&#8243; width=\u00bb1\/1&#8243; tablet_width_inherit=\u00bbdefault\u00bb animation_type=\u00bbdefault\u00bb bg_image_animation=\u00bbnone\u00bb border_type=\u00bbsimple\u00bb column_border_width=\u00bbnone\u00bb column_border_style=\u00bbsolid\u00bb offset=\u00bbvc_col-lg-7 vc_col-md-6&#8243;][vc_custom_heading text=\u00bbDescripci\u00f3n General\u00bb font_container=\u00bbtag:h3|text_align:left|color:%2392d2e4&#8243; use_theme_fonts=\u00bbyes\u00bb][vc_column_text]\n<div class=\"page\" title=\"Page 1\">\n<div class=\"section\">\n<div class=\"layoutArea\">\n<div class=\"column\">\n<p>La <strong>CDIM \u2013 Curved Display Inspection Machine<\/strong> es un sistema de inspecci\u00f3n independiente para pantallas curvas. En el n\u00facleo de la CDIM se encuentra un <strong>sistema de c\u00e1mara lineal<\/strong> que traduce las im\u00e1genes curvas en representaciones planas, permitiendo una inspecci\u00f3n precisa y coherente en toda la superficie de la pantalla. Este enfoque garantiza que ninguna zona quede sin inspeccionar y que todos los datos recogidos puedan procesarse con la misma precisi\u00f3n que en un panel plano.<\/p>\n<p>El sistema funciona mediante <strong>algoritmos de deep learning<\/strong> capaces de aprender el perfil de imagen esperado e identificar una amplia variedad de tipos de defectos, desde p\u00edxeles muertos o errores de visualizaci\u00f3n (cuando la pantalla est\u00e1 encendida) hasta desviaciones de curvatura, defectos en la superficie o irregularidades en el marco (cuando est\u00e1 apagada).<\/p>\n<p>El <strong>robot montado en la parte superior<\/strong> de la m\u00e1quina proporciona flexibilidad para manejar distintos tipos de productos, permitiendo una r\u00e1pida reconfiguraci\u00f3n simplemente cambiando el \u00fatil de sujeci\u00f3n y\/o el gripper, y actualizando el programa del robot.<\/p>\n<p data-start=\"4088\" data-end=\"4333\">La operaci\u00f3n y configuraci\u00f3n de las pruebas se gestionan a trav\u00e9s de la <strong>Controlar Vision App<\/strong>, una interfaz propietaria y configurable que permite a los usuarios configurar, supervisar y personalizar las pruebas de inspecci\u00f3n de forma r\u00e1pida y flexible.<\/p>\n<\/div>\n<\/div>\n<\/div>\n<\/div>\n[\/vc_column_text][vc_custom_heading text=\u00bbConfiguraci\u00f3n del Producto\u00bb font_container=\u00bbtag:h3|text_align:left|color:%2392d2e4&#8243; use_theme_fonts=\u00bbyes\u00bb][vc_column_text]Esta estaci\u00f3n est\u00e1 compuesta por:<\/p>\n<ul>\n<li>Sistema de c\u00e1mara lineal con iluminaci\u00f3n dedicada.<\/li>\n<li>Robot montado en la parte superior con codificador absoluto.<\/li>\n<li>\u00datiles de sujeci\u00f3n personalizables para distintos tipos de pantallas.<\/li>\n<li>Software de inspecci\u00f3n basado en deep learning.<\/li>\n<li>Aplicaci\u00f3n de visi\u00f3n propietaria.<\/li>\n<li>Monitor para el operario que muestra la imagen en directo del robot.<\/li>\n<\/ul>\n[\/vc_column_text][vc_custom_heading text=\u00bbPrincipales Aplicaciones\u00bb font_container=\u00bbtag:h3|text_align:left|color:%2392d2e4&#8243; use_theme_fonts=\u00bbyes\u00bb][vc_column_text]\n<div class=\"page\" title=\"Page 1\">\n<div class=\"section\">\n<div class=\"layoutArea\">\n<div class=\"column\">\n<div class=\"page\" title=\"Page 1\">\n<div class=\"section\">\n<div class=\"layoutArea\">\n<div class=\"column\">\n<p>La <strong>CDIM<\/strong> es adaptable a diferentes geometr\u00edas de pantallas y f\u00e1cil de integrar tanto en entornos de laboratorio como en entornos de producci\u00f3n.<\/p>\n<p>Dise\u00f1ada como una estaci\u00f3n independiente y lista para producci\u00f3n, la <strong>CDIM<\/strong> puede implementarse y reconfigurarse f\u00e1cilmente sin necesidad de realizar cambios importantes en el hardware.<\/p>\n<p>Su combinaci\u00f3n de una <strong>arquitectura mec\u00e1nica precisa<\/strong>, <strong>tecnolog\u00eda de visi\u00f3n adaptativa<\/strong> y <strong>software inteligente<\/strong> la convierte en una soluci\u00f3n robusta y escalable para garantizar la calidad y fiabilidad de las pantallas curvas, ayudando a los fabricantes a mantener altos est\u00e1ndares mientras mantienen la inspecci\u00f3n r\u00e1pida, flexible y rentable.<\/p>\n<\/div>\n<\/div>\n<\/div>\n<\/div>\n<\/div>\n<\/div>\n<\/div>\n<\/div>\n[\/vc_column_text][\/vc_column][\/vc_row][vc_row type=\u00bbin_container\u00bb full_screen_row_position=\u00bbmiddle\u00bb column_margin=\u00bbdefault\u00bb column_direction=\u00bbdefault\u00bb column_direction_tablet=\u00bbdefault\u00bb column_direction_phone=\u00bbdefault\u00bb scene_position=\u00bbcenter\u00bb text_color=\u00bbdark\u00bb text_align=\u00bbleft\u00bb row_border_radius=\u00bbnone\u00bb row_border_radius_applies=\u00bbbg\u00bb overflow=\u00bbvisible\u00bb overlay_strength=\u00bb0.3&#8243; gradient_direction=\u00bbleft_to_right\u00bb shape_divider_position=\u00bbbottom\u00bb bg_image_animation=\u00bbnone\u00bb][vc_column column_padding=\u00bbno-extra-padding\u00bb column_padding_tablet=\u00bbinherit\u00bb column_padding_phone=\u00bbinherit\u00bb column_padding_position=\u00bball\u00bb column_element_direction_desktop=\u00bbdefault\u00bb column_element_spacing=\u00bbdefault\u00bb desktop_text_alignment=\u00bbdefault\u00bb tablet_text_alignment=\u00bbdefault\u00bb phone_text_alignment=\u00bbdefault\u00bb background_color_opacity=\u00bb1&#8243; background_hover_color_opacity=\u00bb1&#8243; column_backdrop_filter=\u00bbnone\u00bb column_shadow=\u00bbnone\u00bb column_border_radius=\u00bbnone\u00bb column_link_target=\u00bb_self\u00bb column_position=\u00bbdefault\u00bb gradient_direction=\u00bbleft_to_right\u00bb overlay_strength=\u00bb0.3&#8243; width=\u00bb1\/1&#8243; tablet_width_inherit=\u00bbdefault\u00bb animation_type=\u00bbdefault\u00bb bg_image_animation=\u00bbnone\u00bb border_type=\u00bbsimple\u00bb column_border_width=\u00bbnone\u00bb column_border_style=\u00bbsolid\u00bb][nectar_cta btn_style=\u00bbarrow-animation\u00bb heading_tag=\u00bbh6&#8243; button_color=\u00bbaccent-color\u00bb button_color_hover=\u00bb#40a5d1&#8243; text_color=\u00bb#ffffff\u00bb button_border_thickness=\u00bb0px\u00bb link_type=\u00bbnew_tab\u00bb alignment=\u00bbcenter\u00bb alignment_tablet=\u00bbdefault\u00bb alignment_phone=\u00bbdefault\u00bb display=\u00bbblock\u00bb display_tablet=\u00bbinherit\u00bb display_phone=\u00bbinherit\u00bb link_text=\u00bbExplora la Tecnolog\u00eda tras Nuestro CDIM\u00bb url=\u00bbhttps:\/\/controlar.com\/es\/cdim-productronica-2025-producto-destacado\/\u00bb margin_top=\u00bb36px\u00bb padding_top=\u00bb15&#8243; padding_bottom=\u00bb15&#8243; padding_left=\u00bb35&#8243; padding_right=\u00bb35&#8243;][\/vc_column][\/vc_row][vc_row type=\u00bbin_container\u00bb full_screen_row_position=\u00bbmiddle\u00bb column_margin=\u00bbdefault\u00bb column_direction=\u00bbdefault\u00bb column_direction_tablet=\u00bbdefault\u00bb column_direction_phone=\u00bbdefault\u00bb scene_position=\u00bbcenter\u00bb text_color=\u00bbdark\u00bb text_align=\u00bbleft\u00bb row_border_radius=\u00bbnone\u00bb row_border_radius_applies=\u00bbbg\u00bb overflow=\u00bbvisible\u00bb overlay_strength=\u00bb0.3&#8243; gradient_direction=\u00bbleft_to_right\u00bb shape_divider_position=\u00bbbottom\u00bb bg_image_animation=\u00bbnone\u00bb][vc_column column_padding=\u00bbno-extra-padding\u00bb column_padding_tablet=\u00bbinherit\u00bb column_padding_phone=\u00bbinherit\u00bb column_padding_position=\u00bball\u00bb column_element_direction_desktop=\u00bbdefault\u00bb column_element_spacing=\u00bbdefault\u00bb desktop_text_alignment=\u00bbdefault\u00bb tablet_text_alignment=\u00bbdefault\u00bb phone_text_alignment=\u00bbdefault\u00bb background_color_opacity=\u00bb1&#8243; background_hover_color_opacity=\u00bb1&#8243; column_backdrop_filter=\u00bbnone\u00bb column_shadow=\u00bbnone\u00bb column_border_radius=\u00bbnone\u00bb column_link_target=\u00bb_self\u00bb column_position=\u00bbdefault\u00bb gradient_direction=\u00bbleft_to_right\u00bb overlay_strength=\u00bb0.3&#8243; width=\u00bb1\/1&#8243; tablet_width_inherit=\u00bbdefault\u00bb animation_type=\u00bbdefault\u00bb bg_image_animation=\u00bbnone\u00bb border_type=\u00bbsimple\u00bb column_border_width=\u00bbnone\u00bb column_border_style=\u00bbsolid\u00bb][vc_raw_js]JTNDc2NyaXB0JTNFJTBBdmFyJTIwaW1hZ2VFbGVtZW50JTIwJTNEJTIwZG9jdW1lbnQucXVlcnlTZWxlY3RvciUyOCUyNy5zdG5kLnNraXAtbGF6eS5kYXJrLXZlcnNpb24lMjclMjklM0JpZiUyMCUyOGltYWdlRWxlbWVudCUyOSUyMCU3QiUwQSVDMiVBMCUyMCVDMiVBMCUyMGltYWdlRWxlbWVudC5zcmMlMjAlM0QlMjAlMjdodHRwcyUzQSUyRiUyRmNvbnRyb2xhci5jb20lMkZ3cC1jb250ZW50JTJGdXBsb2FkcyUyRjIwMjAlMkYwMSUyRkNvbnRyb2xhcl90ZXN0ZV9zeXN0ZW1fTG9nb19jb3Jlcy5zdmclMjclM0IlMjAlMkYlMkZNVURBUiUyMExPR08lMjBBUVVJJTIwJUMyJUEwJTIwJUMyJUEwJTBBdmFyJTIwYW5jaG9yRWxlbWVudCUyMCUzRCUyMGltYWdlRWxlbWVudC5jbG9zZXN0JTI4JTI3YSUyNyUyOSUzQiUwQSVDMiVBMCUyMCVDMiVBMCUyMGlmJTIwJTI4YW5jaG9yRWxlbWVudCUyOSUyMCU3QiUwQSVDMiVBMCUyMCVDMiVBMCUyMCVDMiVBMCUyMCVDMiVBMCUyMGFuY2hvckVsZW1lbnQuaHJlZiUyMCUzRCUyMCUyN2h0dHBzJTNBJTJGJTJGY29udHJvbGFyLmNvbSUyRmVuJTJGYnVzaW5lc3MtdW5pdHMlMkZ0ZXN0LXN5c3RlbXMlMkYlMjclM0IlMjAlMkYlMkZNVURBUiUyMExJTkslMjBBUVVJJTBBJUMyJUEwJTIwJUMyJUEwJTIwJTdEJTIwZWxzZSUyMCU3QiUwQSVDMiVBMCUyMCVDMiVBMCUyMCVDMiVBMCUyMCVDMiVBMCUyMHZhciUyMG5ld0FuY2hvciUyMCUzRCUyMGRvY3VtZW50LmNyZWF0ZUVsZW1lbnQlMjglMjdhJTI3JTI5JTNCJTBBJUMyJUEwJTIwJUMyJUEwJTIwJUMyJUEwJTIwJUMyJUEwJTIwbmV3QW5jaG9yLmhyZWYlMjAlM0QlMjAlMjdodHRwcyUzQSUyRiUyRmNvbnRyb2xhci5jb20lMkZlbiUyRmJ1c2luZXNzLXVuaXRzJTJGdGVzdC1zeXN0ZW1zJTJGJTI3JTNCJTIwJTJGJTJGTVVEQVIlMjBMSU5LJTIwQVFVSSUwQSVDMiVBMCUyMCVDMiVBMCUyMCVDMiVBMCUyMCVDMiVBMCUyMGltYWdlRWxlbWVudC5wYXJlbnROb2RlLmluc2VydEJlZm9yZSUyOG5ld0FuY2hvciUyQyUyMGltYWdlRWxlbWVudCUyOSUzQiUwQSVDMiVBMCUyMCVDMiVBMCUyMCVDMiVBMCUyMCVDMiVBMCUyMG5ld0FuY2hvci5hcHBlbmRDaGlsZCUyOGltYWdlRWxlbWVudCUyOSUzQiUwQSVDMiVBMCUyMCVDMiVBMCUyMCU3RCUwQSU3RCUwQSUzQyUyRnNjcmlwdCUzRQ==[\/vc_raw_js][\/vc_column][\/vc_row]\n","protected":false},"excerpt":{"rendered":"<p>[vc_row type=\u00bbfull_width_background\u00bb full_screen_row_position=\u00bbmiddle\u00bb column_margin=\u00bbnone\u00bb column_direction=\u00bbdefault\u00bb column_direction_tablet=\u00bbdefault\u00bb column_direction_phone=\u00bbdefault\u00bb bg_color=\u00bb#858e92&#8243; scene_position=\u00bbcenter\u00bb text_color=\u00bbcustom\u00bb custom_text_color=\u00bb#919191&#8243; text_align=\u00bbleft\u00bb row_border_radius=\u00bbnone\u00bb row_border_radius_applies=\u00bbbg\u00bb overflow=\u00bbvisible\u00bb overlay_strength=\u00bb0.3&#8243; gradient_direction=\u00bbleft_to_right\u00bb shape_divider_position=\u00bbbottom\u00bb bg_image_animation=\u00bbnone\u00bb shape_type=\u00bb\u00bb gradient_type=\u00bbdefault\u00bb][vc_column top_padding_desktop=\u00bb8%\u00bb bottom_padding_desktop=\u00bb2%\u00bb column_element_direction_desktop=\u00bbdefault\u00bb column_element_spacing=\u00bbdefault\u00bb desktop_text_alignment=\u00bbdefault\u00bb tablet_text_alignment=\u00bbdefault\u00bb phone_text_alignment=\u00bbdefault\u00bb background_color_opacity=\u00bb1&#8243; background_hover_color_opacity=\u00bb1&#8243;&#8230;<\/p>\n","protected":false},"author":3,"featured_media":37210,"parent":25294,"menu_order":0,"comment_status":"closed","ping_status":"closed","template":"","meta":{"_acf_changed":false,"inline_featured_image":false,"footnotes":""},"class_list":["post-37075","page","type-page","status-publish","has-post-thumbnail"],"acf":[],"aioseo_notices":[],"_links":{"self":[{"href":"https:\/\/controlar.com\/es\/wp-json\/wp\/v2\/pages\/37075","targetHints":{"allow":["GET"]}}],"collection":[{"href":"https:\/\/controlar.com\/es\/wp-json\/wp\/v2\/pages"}],"about":[{"href":"https:\/\/controlar.com\/es\/wp-json\/wp\/v2\/types\/page"}],"author":[{"embeddable":true,"href":"https:\/\/controlar.com\/es\/wp-json\/wp\/v2\/users\/3"}],"replies":[{"embeddable":true,"href":"https:\/\/controlar.com\/es\/wp-json\/wp\/v2\/comments?post=37075"}],"version-history":[{"count":5,"href":"https:\/\/controlar.com\/es\/wp-json\/wp\/v2\/pages\/37075\/revisions"}],"predecessor-version":[{"id":38253,"href":"https:\/\/controlar.com\/es\/wp-json\/wp\/v2\/pages\/37075\/revisions\/38253"}],"up":[{"embeddable":true,"href":"https:\/\/controlar.com\/es\/wp-json\/wp\/v2\/pages\/25294"}],"wp:featuredmedia":[{"embeddable":true,"href":"https:\/\/controlar.com\/es\/wp-json\/wp\/v2\/media\/37210"}],"wp:attachment":[{"href":"https:\/\/controlar.com\/es\/wp-json\/wp\/v2\/media?parent=37075"}],"curies":[{"name":"wp","href":"https:\/\/api.w.org\/{rel}","templated":true}]}}