{"id":35733,"date":"2025-10-14T13:33:00","date_gmt":"2025-10-14T13:33:00","guid":{"rendered":"https:\/\/controlar.com\/?page_id=35733"},"modified":"2025-10-24T11:32:46","modified_gmt":"2025-10-24T11:32:46","slug":"ptcase-2","status":"publish","type":"page","link":"https:\/\/controlar.com\/es\/areas-de-negocio\/sistemas-de-test\/ptcase-2\/","title":{"rendered":"USB<sub>2<\/sub>HDBT"},"content":{"rendered":"[vc_row type=\u00bbfull_width_background\u00bb full_screen_row_position=\u00bbmiddle\u00bb column_margin=\u00bbnone\u00bb column_direction=\u00bbdefault\u00bb column_direction_tablet=\u00bbdefault\u00bb column_direction_phone=\u00bbdefault\u00bb bg_color=\u00bb#858e92&#8243; scene_position=\u00bbcenter\u00bb text_color=\u00bbcustom\u00bb custom_text_color=\u00bb#919191&#8243; text_align=\u00bbleft\u00bb row_border_radius=\u00bbnone\u00bb row_border_radius_applies=\u00bbbg\u00bb overflow=\u00bbvisible\u00bb overlay_strength=\u00bb0.3&#8243; gradient_direction=\u00bbleft_to_right\u00bb shape_divider_position=\u00bbbottom\u00bb bg_image_animation=\u00bbnone\u00bb shape_type=\u00bb\u00bb gradient_type=\u00bbdefault\u00bb][vc_column top_padding_desktop=\u00bb8%\u00bb bottom_padding_desktop=\u00bb2%\u00bb column_element_direction_desktop=\u00bbdefault\u00bb column_element_spacing=\u00bbdefault\u00bb desktop_text_alignment=\u00bbdefault\u00bb tablet_text_alignment=\u00bbdefault\u00bb phone_text_alignment=\u00bbdefault\u00bb background_color_opacity=\u00bb1&#8243; background_hover_color_opacity=\u00bb1&#8243; column_backdrop_filter=\u00bbnone\u00bb column_shadow=\u00bbnone\u00bb column_border_radius=\u00bbnone\u00bb column_link_target=\u00bb_self\u00bb column_position=\u00bbdefault\u00bb gradient_direction=\u00bbleft_to_right\u00bb overlay_strength=\u00bb0.3&#8243; width=\u00bb1\/1&#8243; tablet_width_inherit=\u00bbdefault\u00bb animation_type=\u00bbdefault\u00bb bg_image_animation=\u00bbnone\u00bb border_type=\u00bbsimple\u00bb column_border_width=\u00bbnone\u00bb column_border_style=\u00bbsolid\u00bb column_padding_type=\u00bbadvanced\u00bb gradient_type=\u00bbdefault\u00bb][vc_custom_heading source=\u00bbpost_title\u00bb font_container=\u00bbtag:h2|text_align:left|color:%23ffffff\u00bb use_theme_fonts=\u00bbyes\u00bb][\/vc_column][\/vc_row][vc_row type=\u00bbin_container\u00bb full_screen_row_position=\u00bbmiddle\u00bb column_margin=\u00bb50px\u00bb column_direction=\u00bbdefault\u00bb column_direction_tablet=\u00bbdefault\u00bb column_direction_phone=\u00bbdefault\u00bb scene_position=\u00bbcenter\u00bb text_color=\u00bbcustom\u00bb custom_text_color=\u00bb#919191&#8243; text_align=\u00bbleft\u00bb row_border_radius=\u00bbnone\u00bb row_border_radius_applies=\u00bbbg\u00bb overflow=\u00bbvisible\u00bb overlay_strength=\u00bb0.3&#8243; gradient_direction=\u00bbleft_to_right\u00bb shape_divider_position=\u00bbbottom\u00bb bg_image_animation=\u00bbnone\u00bb shape_type=\u00bb\u00bb][vc_column column_padding=\u00bbno-extra-padding\u00bb column_padding_tablet=\u00bbinherit\u00bb column_padding_phone=\u00bbinherit\u00bb column_padding_position=\u00bball\u00bb column_element_direction_desktop=\u00bbdefault\u00bb column_element_spacing=\u00bbdefault\u00bb desktop_text_alignment=\u00bbdefault\u00bb tablet_text_alignment=\u00bbdefault\u00bb phone_text_alignment=\u00bbdefault\u00bb background_color_opacity=\u00bb1&#8243; background_hover_color_opacity=\u00bb1&#8243; column_backdrop_filter=\u00bbnone\u00bb column_shadow=\u00bbnone\u00bb column_border_radius=\u00bbnone\u00bb column_link_target=\u00bb_self\u00bb column_position=\u00bbdefault\u00bb gradient_direction=\u00bbleft_to_right\u00bb overlay_strength=\u00bb0.3&#8243; width=\u00bb5\/12&#8243; tablet_width_inherit=\u00bbdefault\u00bb animation_type=\u00bbdefault\u00bb bg_image_animation=\u00bbnone\u00bb border_type=\u00bbsimple\u00bb column_border_width=\u00bbnone\u00bb column_border_style=\u00bbsolid\u00bb][divider line_type=\u00bbNo Line\u00bb][vc_custom_heading text=\u00bbPlaca de Intertaz de Red Gigabit USB 3.1 (NIC) con Interfaz HDBaseT\u00bb font_container=\u00bbtag:h5|text_align:left\u00bb use_theme_fonts=\u00bbyes\u00bb css=\u00bb.vc_custom_1761304891149{margin-top: 30px !important;}\u00bb][\/vc_column][vc_column column_padding=\u00bbno-extra-padding\u00bb column_padding_tablet=\u00bbinherit\u00bb column_padding_phone=\u00bbinherit\u00bb column_padding_position=\u00bball\u00bb top_margin=\u00bb-50px\u00bb top_margin_phone=\u00bb0&#8243; column_element_direction_desktop=\u00bbdefault\u00bb column_element_spacing=\u00bbdefault\u00bb desktop_text_alignment=\u00bbdefault\u00bb tablet_text_alignment=\u00bbdefault\u00bb phone_text_alignment=\u00bbdefault\u00bb background_color_opacity=\u00bb1&#8243; background_hover_color_opacity=\u00bb1&#8243; column_backdrop_filter=\u00bbnone\u00bb column_shadow=\u00bbnone\u00bb column_border_radius=\u00bbnone\u00bb column_link_target=\u00bb_self\u00bb column_position=\u00bbdefault\u00bb boxed=\u00bbtrue\u00bb gradient_direction=\u00bbleft_to_right\u00bb overlay_strength=\u00bb0.3&#8243; width=\u00bb7\/12&#8243; tablet_width_inherit=\u00bbdefault\u00bb animation_type=\u00bbdefault\u00bb bg_image_animation=\u00bbnone\u00bb border_type=\u00bbsimple\u00bb column_border_width=\u00bbnone\u00bb column_border_style=\u00bbsolid\u00bb column_padding_type=\u00bbdefault\u00bb gradient_type=\u00bbdefault\u00bb][image_with_animation image_url=\u00bb35740&#8243; image_size=\u00bbfull\u00bb animation_type=\u00bbentrance\u00bb animation=\u00bbFade In\u00bb animation_easing=\u00bbdefault\u00bb animation_movement_type=\u00bbtransform_y\u00bb hover_animation=\u00bbnone\u00bb alignment=\u00bbcenter\u00bb border_radius=\u00bbnone\u00bb box_shadow=\u00bbnone\u00bb image_loading=\u00bbdefault\u00bb max_width=\u00bb100%\u00bb max_width_mobile=\u00bbdefault\u00bb][\/vc_column][\/vc_row][vc_row type=\u00bbin_container\u00bb full_screen_row_position=\u00bbmiddle\u00bb column_margin=\u00bb50px\u00bb column_direction=\u00bbdefault\u00bb column_direction_tablet=\u00bbdefault\u00bb column_direction_phone=\u00bbdefault\u00bb scene_position=\u00bbcenter\u00bb text_color=\u00bbdark\u00bb text_align=\u00bbleft\u00bb row_border_radius=\u00bbnone\u00bb row_border_radius_applies=\u00bbbg\u00bb overflow=\u00bbvisible\u00bb overlay_strength=\u00bb0.3&#8243; gradient_direction=\u00bbleft_to_right\u00bb shape_divider_position=\u00bbbottom\u00bb bg_image_animation=\u00bbnone\u00bb shape_type=\u00bb\u00bb][vc_column column_padding=\u00bbno-extra-padding\u00bb column_padding_tablet=\u00bbinherit\u00bb column_padding_phone=\u00bbinherit\u00bb column_padding_position=\u00bball\u00bb column_element_direction_desktop=\u00bbdefault\u00bb column_element_spacing=\u00bbdefault\u00bb desktop_text_alignment=\u00bbdefault\u00bb tablet_text_alignment=\u00bbdefault\u00bb phone_text_alignment=\u00bbdefault\u00bb background_color_opacity=\u00bb1&#8243; background_hover_color_opacity=\u00bb1&#8243; column_backdrop_filter=\u00bbnone\u00bb column_shadow=\u00bbnone\u00bb column_border_radius=\u00bbnone\u00bb column_link_target=\u00bb_self\u00bb column_position=\u00bbdefault\u00bb el_class=\u00bbproduct-details\u00bb gradient_direction=\u00bbleft_to_right\u00bb overlay_strength=\u00bb0.3&#8243; width=\u00bb1\/1&#8243; tablet_width_inherit=\u00bbdefault\u00bb animation_type=\u00bbdefault\u00bb bg_image_animation=\u00bbnone\u00bb border_type=\u00bbsimple\u00bb column_border_width=\u00bbnone\u00bb column_border_style=\u00bbsolid\u00bb offset=\u00bbvc_col-lg-5 vc_col-md-6&#8243;][toggles style=\u00bbminimal\u00bb accordion=\u00bbtrue\u00bb accordion_starting_functionality=\u00bbdefault\u00bb][toggle color=\u00bbDefault\u00bb heading_tag=\u00bbdefault\u00bb heading_tag_functionality=\u00bbdefault\u00bb title=\u00bbCaracter\u00edsticas Destacadas\u00bb][vc_column_text]\n<h6><span style=\"font-size: 16px;\">Alta capacidad de ancho de banda: NIC Gigabit sobre USB 3.1, para un tr\u00e1fico de red r\u00e1pido y fiable.<\/span><\/h6>\n<hr \/>\n<h6><span style=\"font-size: 16px;\">Transporte HDBaseT: Multiplexa audio, USB, Ethernet y se\u00f1ales de control a trav\u00e9s de un \u00fanico enlace HDBaseT.<\/span><\/h6>\n<hr \/>\n<h6><span style=\"font-size: 16px;\">Plug-and-play: F\u00e1cil de usar, sin necesidad de controladores adicionales para su correcto funcionamiento.<\/span><\/h6>\n<hr \/>\n<h6><span style=\"font-size: 16px;\">Compatibilidad de interfaz completa: Admite el uso de USB 2.0, I2C, I2S y t\u00faneles UART.<\/span><\/h6>\n<hr \/>\n<h6><span style=\"font-size: 16px;\">Compatible con software: Totalmente compatible con el SDK de Valens.<\/span><\/h6>\n<hr \/>\n<h6><span style=\"font-size: 16px;\">Formatos flexibles: Disponible como PCB sin carcasa o en un recinto compacto.<\/span><\/h6>\n[\/vc_column_text][\/toggle][toggle color=\u00bbDefault\u00bb heading_tag=\u00bbdefault\u00bb heading_tag_functionality=\u00bbdefault\u00bb title=\u00bbEspecificaciones T\u00e9cnicas\u00bb][vc_row_inner equal_height=\u00bbyes\u00bb content_placement=\u00bbmiddle\u00bb column_margin=\u00bbnone\u00bb column_direction=\u00bbdefault\u00bb column_direction_tablet=\u00bbdefault\u00bb column_direction_phone=\u00bbdefault\u00bb text_align=\u00bbleft\u00bb row_position=\u00bbdefault\u00bb row_position_tablet=\u00bbinherit\u00bb row_position_phone=\u00bbinherit\u00bb overflow=\u00bbvisible\u00bb pointer_events=\u00bball\u00bb][vc_column_inner column_padding=\u00bbpadding-2-percent\u00bb column_padding_tablet=\u00bbinherit\u00bb column_padding_phone=\u00bbinherit\u00bb column_padding_position=\u00bball\u00bb column_element_direction_desktop=\u00bbdefault\u00bb column_element_spacing=\u00bbdefault\u00bb desktop_text_alignment=\u00bbdefault\u00bb tablet_text_alignment=\u00bbdefault\u00bb phone_text_alignment=\u00bbdefault\u00bb background_color=\u00bb#a2a7aa\u00bb background_color_opacity=\u00bb1&#8243; background_hover_color_opacity=\u00bb1&#8243; column_backdrop_filter=\u00bbnone\u00bb font_color=\u00bb#ffffff\u00bb column_shadow=\u00bbnone\u00bb column_border_radius=\u00bbnone\u00bb column_link_target=\u00bb_self\u00bb overflow=\u00bbvisible\u00bb el_class=\u00bbunit-color\u00bb gradient_direction=\u00bbleft_to_right\u00bb overlay_strength=\u00bb0.3&#8243; width=\u00bb1\/3&#8243; tablet_width_inherit=\u00bbdefault\u00bb animation_type=\u00bbdefault\u00bb bg_image_animation=\u00bbnone\u00bb border_type=\u00bbsimple\u00bb column_border_width=\u00bbnone\u00bb column_border_style=\u00bbsolid\u00bb offset=\u00bbvc_col-xs-4&#8243;][vc_column_text]<strong>Dimensiones<br \/>\n<\/strong>(en mm)[\/vc_column_text][\/vc_column_inner][vc_column_inner column_padding=\u00bbpadding-2-percent\u00bb column_padding_tablet=\u00bbinherit\u00bb column_padding_phone=\u00bbinherit\u00bb column_padding_position=\u00bball\u00bb column_element_direction_desktop=\u00bbdefault\u00bb column_element_spacing=\u00bbdefault\u00bb desktop_text_alignment=\u00bbdefault\u00bb tablet_text_alignment=\u00bbdefault\u00bb phone_text_alignment=\u00bbdefault\u00bb background_color_opacity=\u00bb1&#8243; background_hover_color_opacity=\u00bb1&#8243; column_backdrop_filter=\u00bbnone\u00bb column_shadow=\u00bbnone\u00bb column_border_radius=\u00bbnone\u00bb column_link_target=\u00bb_self\u00bb overflow=\u00bbvisible\u00bb gradient_direction=\u00bbleft_to_right\u00bb overlay_strength=\u00bb0.3&#8243; width=\u00bb2\/3&#8243; tablet_width_inherit=\u00bbdefault\u00bb animation_type=\u00bbdefault\u00bb bg_image_animation=\u00bbnone\u00bb border_type=\u00bbsimple\u00bb column_border_width=\u00bbnone\u00bb column_border_style=\u00bbsolid\u00bb offset=\u00bbvc_col-xs-8&#8243;][vc_column_text]50 (A) 60 (L) x 20 (Al)[\/vc_column_text][\/vc_column_inner][\/vc_row_inner][vc_row_inner equal_height=\u00bbyes\u00bb content_placement=\u00bbmiddle\u00bb column_margin=\u00bbnone\u00bb column_direction=\u00bbdefault\u00bb column_direction_tablet=\u00bbdefault\u00bb column_direction_phone=\u00bbdefault\u00bb text_align=\u00bbleft\u00bb row_position=\u00bbdefault\u00bb row_position_tablet=\u00bbinherit\u00bb row_position_phone=\u00bbinherit\u00bb overflow=\u00bbvisible\u00bb pointer_events=\u00bball\u00bb][vc_column_inner column_padding=\u00bbpadding-2-percent\u00bb column_padding_tablet=\u00bbinherit\u00bb column_padding_phone=\u00bbinherit\u00bb column_padding_position=\u00bball\u00bb column_element_direction_desktop=\u00bbdefault\u00bb column_element_spacing=\u00bbdefault\u00bb desktop_text_alignment=\u00bbdefault\u00bb tablet_text_alignment=\u00bbdefault\u00bb phone_text_alignment=\u00bbdefault\u00bb background_color=\u00bb#a2a7aa\u00bb background_color_opacity=\u00bb1&#8243; background_hover_color_opacity=\u00bb1&#8243; column_backdrop_filter=\u00bbnone\u00bb font_color=\u00bb#ffffff\u00bb column_shadow=\u00bbnone\u00bb column_border_radius=\u00bbnone\u00bb column_link_target=\u00bb_self\u00bb overflow=\u00bbvisible\u00bb el_class=\u00bbunit-color\u00bb gradient_direction=\u00bbleft_to_right\u00bb overlay_strength=\u00bb0.3&#8243; width=\u00bb1\/3&#8243; tablet_width_inherit=\u00bbdefault\u00bb animation_type=\u00bbdefault\u00bb bg_image_animation=\u00bbnone\u00bb border_type=\u00bbsimple\u00bb column_border_width=\u00bbnone\u00bb column_border_style=\u00bbsolid\u00bb offset=\u00bbvc_col-xs-4&#8243;][vc_column_text]<strong>Peso<\/strong>[\/vc_column_text][\/vc_column_inner][vc_column_inner column_padding=\u00bbpadding-2-percent\u00bb column_padding_tablet=\u00bbinherit\u00bb column_padding_phone=\u00bbinherit\u00bb column_padding_position=\u00bball\u00bb column_element_direction_desktop=\u00bbdefault\u00bb column_element_spacing=\u00bbdefault\u00bb desktop_text_alignment=\u00bbdefault\u00bb tablet_text_alignment=\u00bbdefault\u00bb phone_text_alignment=\u00bbdefault\u00bb background_color_opacity=\u00bb1&#8243; background_hover_color_opacity=\u00bb1&#8243; column_backdrop_filter=\u00bbnone\u00bb column_shadow=\u00bbnone\u00bb column_border_radius=\u00bbnone\u00bb column_link_target=\u00bb_self\u00bb overflow=\u00bbvisible\u00bb gradient_direction=\u00bbleft_to_right\u00bb overlay_strength=\u00bb0.3&#8243; width=\u00bb2\/3&#8243; tablet_width_inherit=\u00bbdefault\u00bb animation_type=\u00bbdefault\u00bb bg_image_animation=\u00bbnone\u00bb border_type=\u00bbsimple\u00bb column_border_width=\u00bbnone\u00bb column_border_style=\u00bbsolid\u00bb offset=\u00bbvc_col-xs-8&#8243;][vc_column_text]\n<p class=\"p1\">0,2 kg<\/p>\n[\/vc_column_text][\/vc_column_inner][\/vc_row_inner][vc_row_inner equal_height=\u00bbyes\u00bb content_placement=\u00bbmiddle\u00bb column_margin=\u00bbnone\u00bb column_direction=\u00bbdefault\u00bb column_direction_tablet=\u00bbdefault\u00bb column_direction_phone=\u00bbdefault\u00bb text_align=\u00bbleft\u00bb row_position=\u00bbdefault\u00bb row_position_tablet=\u00bbinherit\u00bb row_position_phone=\u00bbinherit\u00bb overflow=\u00bbvisible\u00bb pointer_events=\u00bball\u00bb][vc_column_inner column_padding=\u00bbpadding-2-percent\u00bb column_padding_tablet=\u00bbinherit\u00bb column_padding_phone=\u00bbinherit\u00bb column_padding_position=\u00bball\u00bb column_element_direction_desktop=\u00bbdefault\u00bb column_element_spacing=\u00bbdefault\u00bb desktop_text_alignment=\u00bbdefault\u00bb tablet_text_alignment=\u00bbdefault\u00bb phone_text_alignment=\u00bbdefault\u00bb background_color=\u00bb#a2a7aa\u00bb background_color_opacity=\u00bb1&#8243; background_hover_color_opacity=\u00bb1&#8243; column_backdrop_filter=\u00bbnone\u00bb font_color=\u00bb#ffffff\u00bb column_shadow=\u00bbnone\u00bb column_border_radius=\u00bbnone\u00bb column_link_target=\u00bb_self\u00bb overflow=\u00bbvisible\u00bb el_class=\u00bbunit-color\u00bb gradient_direction=\u00bbleft_to_right\u00bb overlay_strength=\u00bb0.3&#8243; width=\u00bb1\/3&#8243; tablet_width_inherit=\u00bbdefault\u00bb animation_type=\u00bbdefault\u00bb bg_image_animation=\u00bbnone\u00bb border_type=\u00bbsimple\u00bb column_border_width=\u00bbnone\u00bb column_border_style=\u00bbsolid\u00bb offset=\u00bbvc_col-xs-4&#8243;][vc_column_text]<strong>Alimentaci\u00f3n<\/strong><br \/>\nVoltaje<br \/>\nFrecuencia<br \/>\nCorriente[\/vc_column_text][\/vc_column_inner][vc_column_inner column_padding=\u00bbpadding-2-percent\u00bb column_padding_tablet=\u00bbinherit\u00bb column_padding_phone=\u00bbinherit\u00bb column_padding_position=\u00bball\u00bb column_element_direction_desktop=\u00bbdefault\u00bb column_element_spacing=\u00bbdefault\u00bb desktop_text_alignment=\u00bbdefault\u00bb tablet_text_alignment=\u00bbdefault\u00bb phone_text_alignment=\u00bbdefault\u00bb background_color_opacity=\u00bb1&#8243; background_hover_color_opacity=\u00bb1&#8243; column_backdrop_filter=\u00bbnone\u00bb column_shadow=\u00bbnone\u00bb column_border_radius=\u00bbnone\u00bb column_link_target=\u00bb_self\u00bb overflow=\u00bbvisible\u00bb gradient_direction=\u00bbleft_to_right\u00bb overlay_strength=\u00bb0.3&#8243; width=\u00bb2\/3&#8243; tablet_width_inherit=\u00bbdefault\u00bb animation_type=\u00bbdefault\u00bb bg_image_animation=\u00bbnone\u00bb border_type=\u00bbsimple\u00bb column_border_width=\u00bbnone\u00bb column_border_style=\u00bbsolid\u00bb offset=\u00bbvc_col-xs-8&#8243;][vc_column_text]5V CD<br \/>\nDC<br \/>\n2A (max)[\/vc_column_text][\/vc_column_inner][\/vc_row_inner][\/toggle][toggle color=\u00bbDefault\u00bb heading_tag=\u00bbdefault\u00bb heading_tag_functionality=\u00bbdefault\u00bb title=\u00bbDescargas\u00bb]<div class=\"nectar-fancy-ul\" data-list-icon=\"fa fa-arrow-circle-o-down\" data-animation=\"false\" data-animation-delay=\"0\" data-color=\"extra-color-2\" data-spacing=\"default\" data-alignment=\"left\"> \n<ul>\n<li><a href=\"https:\/\/controlar.com\/wp-content\/uploads\/2025\/10\/Mod.239HDBT.EN_.D.pdf\" target=\"_blank\" rel=\"noopener\">Datasheet<\/a><\/li>\n<\/ul>\n <\/div>[\/toggle][\/toggles]<div class=\"iwithtext\"><div class=\"iwt-icon\"> <i class=\"icon-default-style fa fa-envelope-o extra-color-2\"><\/i> <\/div><div class=\"iwt-text\"> For additional information, please contact Controlar at\u00a0<a href=\"mailto:info@pt.controlar.com\">info@pt.controlar.com<\/a> <\/div><div class=\"clear\"><\/div><\/div>[\/vc_column][vc_column column_padding=\u00bbno-extra-padding\u00bb column_padding_tablet=\u00bbinherit\u00bb column_padding_phone=\u00bbinherit\u00bb column_padding_position=\u00bball\u00bb column_element_direction_desktop=\u00bbdefault\u00bb column_element_spacing=\u00bbdefault\u00bb desktop_text_alignment=\u00bbdefault\u00bb tablet_text_alignment=\u00bbdefault\u00bb phone_text_alignment=\u00bbdefault\u00bb background_color_opacity=\u00bb1&#8243; background_hover_color_opacity=\u00bb1&#8243; column_backdrop_filter=\u00bbnone\u00bb column_shadow=\u00bbnone\u00bb column_border_radius=\u00bbnone\u00bb column_link_target=\u00bb_self\u00bb column_position=\u00bbdefault\u00bb gradient_direction=\u00bbleft_to_right\u00bb overlay_strength=\u00bb0.3&#8243; width=\u00bb1\/1&#8243; tablet_width_inherit=\u00bbdefault\u00bb animation_type=\u00bbdefault\u00bb bg_image_animation=\u00bbnone\u00bb border_type=\u00bbsimple\u00bb column_border_width=\u00bbnone\u00bb column_border_style=\u00bbsolid\u00bb offset=\u00bbvc_col-lg-7 vc_col-md-6&#8243;][vc_custom_heading text=\u00bbDescripci\u00f3n General<br \/>\n\u00bb font_container=\u00bbtag:h3|text_align:left|color:%2392d2e4&#8243; use_theme_fonts=\u00bbyes\u00bb][vc_column_text]<strong>USB<sub>2<\/sub>HDBT<\/strong> ofrece una avanzada interfaz HDBaseT a trav\u00e9s de una conexi\u00f3n USB 3.1 (Tipo B).<\/p>\n<p>Desarrollada por Valens Semiconductor, la tecnolog\u00eda HDBaseT Automotive permite la transmisi\u00f3n de audio, datos, USB y Ethernet a trav\u00e9s de un \u00fanico cable de par trenzado (UTP), proporcionando un alto ancho de banda y baja latencia para distancias de hasta 15 metros.<\/p>\n<p>Esta soluci\u00f3n incorpora el Valens VA6000 con capacidades ampliadas de NIC, lo que permite una integraci\u00f3n r\u00e1pida mediante una tarjeta de interfaz de red Gigabit (NIC) a trav\u00e9s de USB 3.1.[\/vc_column_text][vc_custom_heading text=\u00bbConectores\u00bb font_container=\u00bbtag:h3|text_align:left|color:%2392d2e4&#8243; use_theme_fonts=\u00bbyes\u00bb][vc_column_text]\n<ul class=\"ul1\">\n<li style=\"padding-bottom: 16px;\"><strong>Interfaz MATEnet:<\/strong> conexi\u00f3n HDBaseT<\/li>\n<li style=\"padding-bottom: 16px;\"><strong>Interfaz de tarjeta de red USB 3.1:<\/strong> conexi\u00f3n USB 3.1 para NIC Gigabit.<\/li>\n<li style=\"padding-bottom: 16px;\"><strong>USB 2.0 Tipo-A (puerto 1):<\/strong> conectado a la interfaz USB del VA6000; los datos de la NIC pueden multiplexarse con los datos HDBaseT seg\u00fan el dise\u00f1o del producto.<\/li>\n<li style=\"padding-bottom: 16px;\"><strong>USB 2.0 Tipo-A (puerto 2):<\/strong> expone una interfaz serie virtual (CDC-ACM) para configuraci\u00f3n mediante ValUE (software de Valens).<\/li>\n<\/ul>\n[\/vc_column_text][vc_custom_heading text=\u00bbPrincipales Aplicaciones\u00bb font_container=\u00bbtag:h3|text_align:left|color:%2392d2e4&#8243; use_theme_fonts=\u00bbyes\u00bb][vc_column_text]<b>USB<\/b><span class=\"s1\"><b><sub>2<\/sub><\/b><b>HDBT<\/b> se utiliza principalmente en equipos autom\u00e1ticos de prueba (ATE) para componentes electr\u00f3nicos que emplean interfaces automotrices HDBaseT, permitiendo una validaci\u00f3n exhaustiva de la transmisi\u00f3n de audio y datos de alta velocidad.<\/span><\/p>\n<p class=\"p1\">Adem\u00e1s del uso en ATE, tambi\u00e9n puede emplearse en configuraciones de verificaci\u00f3n de dise\u00f1o para equipos de I+D que desarrollan sistemas de infoentretenimiento automotriz de nueva generaci\u00f3n, en equipos de prueba de fin de l\u00ednea de producci\u00f3n para garantizar un rendimiento constante del producto, y en laboratorios de aseguramiento de la calidad para pruebas de conformidad e interoperabilidad.<\/p>\n[\/vc_column_text][\/vc_column][\/vc_row][vc_row type=\u00bbin_container\u00bb full_screen_row_position=\u00bbmiddle\u00bb column_margin=\u00bbdefault\u00bb column_direction=\u00bbdefault\u00bb column_direction_tablet=\u00bbdefault\u00bb column_direction_phone=\u00bbdefault\u00bb scene_position=\u00bbcenter\u00bb text_color=\u00bbdark\u00bb text_align=\u00bbleft\u00bb row_border_radius=\u00bbnone\u00bb row_border_radius_applies=\u00bbbg\u00bb overflow=\u00bbvisible\u00bb overlay_strength=\u00bb0.3&#8243; gradient_direction=\u00bbleft_to_right\u00bb shape_divider_position=\u00bbbottom\u00bb bg_image_animation=\u00bbnone\u00bb][vc_column column_padding=\u00bbno-extra-padding\u00bb column_padding_tablet=\u00bbinherit\u00bb column_padding_phone=\u00bbinherit\u00bb column_padding_position=\u00bball\u00bb column_element_direction_desktop=\u00bbdefault\u00bb column_element_spacing=\u00bbdefault\u00bb desktop_text_alignment=\u00bbdefault\u00bb tablet_text_alignment=\u00bbdefault\u00bb phone_text_alignment=\u00bbdefault\u00bb background_color_opacity=\u00bb1&#8243; background_hover_color_opacity=\u00bb1&#8243; column_backdrop_filter=\u00bbnone\u00bb column_shadow=\u00bbnone\u00bb column_border_radius=\u00bbnone\u00bb column_link_target=\u00bb_self\u00bb column_position=\u00bbdefault\u00bb gradient_direction=\u00bbleft_to_right\u00bb overlay_strength=\u00bb0.3&#8243; width=\u00bb1\/1&#8243; tablet_width_inherit=\u00bbdefault\u00bb animation_type=\u00bbdefault\u00bb bg_image_animation=\u00bbnone\u00bb border_type=\u00bbsimple\u00bb column_border_width=\u00bbnone\u00bb column_border_style=\u00bbsolid\u00bb][vc_raw_js]JTNDc2NyaXB0JTNFJTBBdmFyJTIwaW1hZ2VFbGVtZW50JTIwJTNEJTIwZG9jdW1lbnQucXVlcnlTZWxlY3RvciUyOCUyNy5zdG5kLnNraXAtbGF6eS5kYXJrLXZlcnNpb24lMjclMjklM0JpZiUyMCUyOGltYWdlRWxlbWVudCUyOSUyMCU3QiUwQSUyMCUyMCUyMCUyMGltYWdlRWxlbWVudC5zcmMlMjAlM0QlMjAlMjdodHRwcyUzQSUyRiUyRmNvbnRyb2xhci5jb20lMkZ3cC1jb250ZW50JTJGdXBsb2FkcyUyRjIwMjAlMkYwMSUyRkNvbnRyb2xhcl90ZXN0ZV9zeXN0ZW1fTG9nb19jb3Jlcy5zdmclMjclM0IlMjAlMkYlMkZNVURBUiUyMExPR08lMjBBUVVJJTIwJTIwJTIwJTIwJTBBdmFyJTIwYW5jaG9yRWxlbWVudCUyMCUzRCUyMGltYWdlRWxlbWVudC5jbG9zZXN0JTI4JTI3YSUyNyUyOSUzQiUwQSUyMCUyMCUyMCUyMGlmJTIwJTI4YW5jaG9yRWxlbWVudCUyOSUyMCU3QiUwQSUyMCUyMCUyMCUyMCUyMCUyMCUyMCUyMGFuY2hvckVsZW1lbnQuaHJlZiUyMCUzRCUyMCUyN2h0dHBzJTNBJTJGJTJGY29udHJvbGFyLmNvbSUyRmFyZWFzLWRlLW5lZ29jaW8lMkZzaXN0ZW1hcy1kZS10ZXN0ZSUyRiUyNyUzQiUyMCUyRiUyRk1VREFSJTIwTElOSyUyMEFRVUklMEElMjAlMjAlMjAlMjAlN0QlMjBlbHNlJTIwJTdCJTBBJTIwJTIwJTIwJTIwJTIwJTIwJTIwJTIwdmFyJTIwbmV3QW5jaG9yJTIwJTNEJTIwZG9jdW1lbnQuY3JlYXRlRWxlbWVudCUyOCUyN2ElMjclMjklM0IlMEElMjAlMjAlMjAlMjAlMjAlMjAlMjAlMjBuZXdBbmNob3IuaHJlZiUyMCUzRCUyMCUyN2h0dHBzJTNBJTJGJTJGY29udHJvbGFyLmNvbSUyRmFyZWFzLWRlLW5lZ29jaW8lMkZzaXN0ZW1hcy1kZS10ZXN0ZSUyRiUyNyUzQiUyMCUyRiUyRk1VREFSJTIwTElOSyUyMEFRVUklMEElMjAlMjAlMjAlMjAlMjAlMjAlMjAlMjBpbWFnZUVsZW1lbnQucGFyZW50Tm9kZS5pbnNlcnRCZWZvcmUlMjhuZXdBbmNob3IlMkMlMjBpbWFnZUVsZW1lbnQlMjklM0IlMEElMjAlMjAlMjAlMjAlMjAlMjAlMjAlMjBuZXdBbmNob3IuYXBwZW5kQ2hpbGQlMjhpbWFnZUVsZW1lbnQlMjklM0IlMEElMjAlMjAlMjAlMjAlN0QlMEElN0QlMEElM0MlMkZzY3JpcHQlM0U=[\/vc_raw_js][\/vc_column][\/vc_row]\n","protected":false},"excerpt":{"rendered":"<p>[vc_row type=\u00bbfull_width_background\u00bb full_screen_row_position=\u00bbmiddle\u00bb column_margin=\u00bbnone\u00bb column_direction=\u00bbdefault\u00bb column_direction_tablet=\u00bbdefault\u00bb column_direction_phone=\u00bbdefault\u00bb bg_color=\u00bb#858e92&#8243; scene_position=\u00bbcenter\u00bb text_color=\u00bbcustom\u00bb custom_text_color=\u00bb#919191&#8243; text_align=\u00bbleft\u00bb row_border_radius=\u00bbnone\u00bb row_border_radius_applies=\u00bbbg\u00bb overflow=\u00bbvisible\u00bb overlay_strength=\u00bb0.3&#8243; gradient_direction=\u00bbleft_to_right\u00bb shape_divider_position=\u00bbbottom\u00bb bg_image_animation=\u00bbnone\u00bb shape_type=\u00bb\u00bb gradient_type=\u00bbdefault\u00bb][vc_column top_padding_desktop=\u00bb8%\u00bb bottom_padding_desktop=\u00bb2%\u00bb column_element_direction_desktop=\u00bbdefault\u00bb column_element_spacing=\u00bbdefault\u00bb desktop_text_alignment=\u00bbdefault\u00bb tablet_text_alignment=\u00bbdefault\u00bb phone_text_alignment=\u00bbdefault\u00bb background_color_opacity=\u00bb1&#8243; background_hover_color_opacity=\u00bb1&#8243;&#8230;<\/p>\n","protected":false},"author":4,"featured_media":36594,"parent":25294,"menu_order":0,"comment_status":"closed","ping_status":"closed","template":"","meta":{"_acf_changed":false,"inline_featured_image":false,"footnotes":""},"class_list":["post-35733","page","type-page","status-publish","has-post-thumbnail"],"acf":[],"aioseo_notices":[],"_links":{"self":[{"href":"https:\/\/controlar.com\/es\/wp-json\/wp\/v2\/pages\/35733","targetHints":{"allow":["GET"]}}],"collection":[{"href":"https:\/\/controlar.com\/es\/wp-json\/wp\/v2\/pages"}],"about":[{"href":"https:\/\/controlar.com\/es\/wp-json\/wp\/v2\/types\/page"}],"author":[{"embeddable":true,"href":"https:\/\/controlar.com\/es\/wp-json\/wp\/v2\/users\/4"}],"replies":[{"embeddable":true,"href":"https:\/\/controlar.com\/es\/wp-json\/wp\/v2\/comments?post=35733"}],"version-history":[{"count":4,"href":"https:\/\/controlar.com\/es\/wp-json\/wp\/v2\/pages\/35733\/revisions"}],"predecessor-version":[{"id":37347,"href":"https:\/\/controlar.com\/es\/wp-json\/wp\/v2\/pages\/35733\/revisions\/37347"}],"up":[{"embeddable":true,"href":"https:\/\/controlar.com\/es\/wp-json\/wp\/v2\/pages\/25294"}],"wp:featuredmedia":[{"embeddable":true,"href":"https:\/\/controlar.com\/es\/wp-json\/wp\/v2\/media\/36594"}],"wp:attachment":[{"href":"https:\/\/controlar.com\/es\/wp-json\/wp\/v2\/media?parent=35733"}],"curies":[{"name":"wp","href":"https:\/\/api.w.org\/{rel}","templated":true}]}}