{"id":32775,"date":"2025-06-17T15:26:08","date_gmt":"2025-06-17T15:26:08","guid":{"rendered":"https:\/\/controlar.com\/candidatura-espontanea\/"},"modified":"2026-02-20T15:18:35","modified_gmt":"2026-02-20T15:18:35","slug":"candidatura-espontanea","status":"publish","type":"page","link":"https:\/\/controlar.com\/es\/candidatura-espontanea\/","title":{"rendered":"Candidatura espont\u00e1nea"},"content":{"rendered":"[vc_row type=\u00bbin_container\u00bb full_screen_row_position=\u00bbmiddle\u00bb column_margin=\u00bbdefault\u00bb column_direction=\u00bbdefault\u00bb column_direction_tablet=\u00bbdefault\u00bb column_direction_phone=\u00bbdefault\u00bb scene_position=\u00bbcenter\u00bb text_color=\u00bbdark\u00bb text_align=\u00bbleft\u00bb row_border_radius=\u00bbnone\u00bb row_border_radius_applies=\u00bbbg\u00bb overflow=\u00bbvisible\u00bb overlay_strength=\u00bb0.3&#8243; gradient_direction=\u00bbleft_to_right\u00bb shape_divider_position=\u00bbbottom\u00bb bg_image_animation=\u00bbnone\u00bb][vc_column column_padding=\u00bbno-extra-padding\u00bb column_padding_tablet=\u00bbinherit\u00bb column_padding_phone=\u00bbinherit\u00bb column_padding_position=\u00bball\u00bb column_element_direction_desktop=\u00bbdefault\u00bb column_element_spacing=\u00bbdefault\u00bb desktop_text_alignment=\u00bbdefault\u00bb tablet_text_alignment=\u00bbdefault\u00bb phone_text_alignment=\u00bbdefault\u00bb background_color_opacity=\u00bb1&#8243; background_hover_color_opacity=\u00bb1&#8243; column_backdrop_filter=\u00bbnone\u00bb column_shadow=\u00bbnone\u00bb column_border_radius=\u00bbnone\u00bb column_link_target=\u00bb_self\u00bb column_position=\u00bbdefault\u00bb gradient_direction=\u00bbleft_to_right\u00bb overlay_strength=\u00bb0.3&#8243; width=\u00bb1\/1&#8243; tablet_width_inherit=\u00bbdefault\u00bb animation_type=\u00bbdefault\u00bb bg_image_animation=\u00bbnone\u00bb border_type=\u00bbsimple\u00bb column_border_width=\u00bbnone\u00bb column_border_style=\u00bbsolid\u00bb][vc_custom_heading text=\u00bbCandidatura espont\u00e1nea\u00bb font_container=\u00bbtag:h1|text_align:left\u00bb]\n<div class=\"wpcf7 no-js\" id=\"wpcf7-f32774-o1\" lang=\"pt-PT\" dir=\"ltr\" data-wpcf7-id=\"32774\">\n<div class=\"screen-reader-response\"><p role=\"status\" aria-live=\"polite\" aria-atomic=\"true\"><\/p> <ul><\/ul><\/div>\n<form action=\"\/es\/wp-json\/wp\/v2\/pages\/32775#wpcf7-f32774-o1\" method=\"post\" class=\"wpcf7-form init 3faa61d92095 cmatic-conn cmatic-aud-3 cmatic-mapd0-0 cmatic-v0977 cmatic-sent-0 cmatic-total-395\" aria-label=\"Formul\u00e1rio de contacto\" enctype=\"multipart\/form-data\" novalidate=\"novalidate\" data-status=\"init\">\n<fieldset class=\"hidden-fields-container\"><input type=\"hidden\" name=\"_wpcf7\" value=\"32774\" \/><input type=\"hidden\" name=\"_wpcf7_version\" value=\"6.1.5\" \/><input type=\"hidden\" name=\"_wpcf7_locale\" value=\"pt_PT\" \/><input type=\"hidden\" name=\"_wpcf7_unit_tag\" value=\"wpcf7-f32774-o1\" \/><input type=\"hidden\" name=\"_wpcf7_container_post\" value=\"0\" \/><input type=\"hidden\" name=\"_wpcf7_posted_data_hash\" value=\"\" \/><input type=\"hidden\" name=\"_wpcf7_recaptcha_response\" value=\"\" \/>\n<\/fieldset>\n<div class=\"custom-job-application\">\n\t<div class=\"custom-job-form-container\">\n\t\t<div class=\"custom-application-form awsm-application-form\">\n\n <!-- Personal Information -->\n\t\t\t<div class=\"form-section\">\n\t\t\t\t<h2 class=\"section-title\">Informaci\u00f3n personal\n\t\t\t\t<\/h2>\n\t\t\t\t<p class=\"section-subtitle\">Los campos marcados con * son obligatorios\n\t\t\t\t<\/p>\n\t\t\t\t<div class=\"avatar-upload\">\n\t\t\t\t\t<div class=\"avatar-preview\">\n\t\t\t\t\t\t<div id=\"imagePreview\">\n\t\t\t\t\t\t<\/div>\n\t\t\t\t\t<\/div>\n\t\t\t\t\t<div class=\"avatar-upload-wrapper\">\n\t\t\t\t\t\t<p><label class=\"avatar-upload-button\" title=\"Upload photo\"><svg xmlns=\"http:\/\/www.w3.org\/2000\/svg\" width=\"16\" height=\"17\" viewBox=\"0 0 16 17\" fill=\"none\">\n                            <path d=\"M14.2069 4.68559L11.4144 1.89246C11.3215 1.79958 11.2113 1.7259 11.0899 1.67563C10.9686 1.62536 10.8385 1.59949 10.7072 1.59949C10.5759 1.59949 10.4458 1.62536 10.3245 1.67563C10.2031 1.7259 10.0929 1.79958 10 1.89246L2.29313 9.59996C2.19987 9.69248 2.12593 9.80262 2.0756 9.92397C2.02528 10.0453 1.99959 10.1755 2.00001 10.3068V13.1C2.00001 13.3652 2.10536 13.6195 2.2929 13.8071C2.48043 13.9946 2.73479 14.1 3.00001 14.1H5.79313C5.9245 14.1004 6.05464 14.0747 6.17599 14.0244C6.29735 13.974 6.40748 13.9001 6.50001 13.8068L14.2069 6.09996C14.2998 6.0071 14.3734 5.89685 14.4237 5.77551C14.474 5.65417 14.4999 5.52411 14.4999 5.39277C14.4999 5.26143 14.474 5.13138 14.4237 5.01004C14.3734 4.8887 14.2998 4.77845 14.2069 4.68559ZM5.79313 13.1H3.00001V10.3068L8.50001 4.80684L11.2931 7.59996L5.79313 13.1ZM12 6.89246L9.20688 4.09996L10.7069 2.59996L13.5 5.39246L12 6.89246Z\" fill=\"white\"\/>\n                        <\/svg><span class=\"wpcf7-form-control-wrap\" data-name=\"awsm_avatar\"><input size=\"40\" class=\"wpcf7-form-control wpcf7-file avatar-input\" accept=\".jpg,.jpeg,.png,.gif,.webp,.svg,.bmp,.tiff,.ico\" aria-invalid=\"false\" type=\"file\" name=\"awsm_avatar\" \/><\/span><\/label>\n\t\t\t\t\t\t<\/p>\n\t\t\t\t\t<\/div>\n\t\t\t\t<\/div>\n\t\t\t\t<div class=\"form-row\">\n\t\t\t\t\t<div class=\"form-column\">\n\t\t\t\t\t\t<p><label for=\"awsm_first_name\">Nombre <span class=\"required\">*<\/span><\/label><span class=\"wpcf7-form-control-wrap\" data-name=\"awsm_first_name\"><input size=\"40\" maxlength=\"400\" class=\"wpcf7-form-control wpcf7-text wpcf7-validates-as-required\" id=\"awsm_first_name\" aria-required=\"true\" aria-invalid=\"false\" value=\"\" type=\"text\" name=\"awsm_first_name\" \/><\/span>\n\t\t\t\t\t\t<\/p>\n\t\t\t\t\t<\/div>\n\t\t\t\t\t<div class=\"form-column\">\n\t\t\t\t\t\t<p><label for=\"awsm_last_name\">Apellidos <span class=\"required\">*<\/span><\/label><span class=\"wpcf7-form-control-wrap\" data-name=\"awsm_last_name\"><input size=\"40\" maxlength=\"400\" class=\"wpcf7-form-control wpcf7-text wpcf7-validates-as-required\" id=\"awsm_last_name\" aria-required=\"true\" aria-invalid=\"false\" value=\"\" type=\"text\" name=\"awsm_last_name\" \/><\/span>\n\t\t\t\t\t\t<\/p>\n\t\t\t\t\t<\/div>\n\t\t\t\t<\/div>\n\t\t\t\t<div class=\"form-row\">\n\t\t\t\t\t<div class=\"form-column\">\n\t\t\t\t\t\t<p><label for=\"awsm_applicant_email\">Correo electr\u00f3nico <span class=\"required\">*<\/span><\/label><span class=\"wpcf7-form-control-wrap\" data-name=\"awsm_applicant_email\"><input size=\"40\" maxlength=\"400\" class=\"wpcf7-form-control wpcf7-email wpcf7-validates-as-required wpcf7-text wpcf7-validates-as-email\" id=\"awsm_applicant_email\" aria-required=\"true\" aria-invalid=\"false\" value=\"\" type=\"email\" name=\"awsm_applicant_email\" \/><\/span>\n\t\t\t\t\t\t<\/p>\n\t\t\t\t\t<\/div>\n\t\t\t\t\t<div class=\"form-column\">\n\t\t\t\t\t\t<p><label for=\"awsm_email_confirm\">Confirmar correo electr\u00f3nico <span class=\"required\">*<\/span><\/label><span class=\"wpcf7-form-control-wrap\" data-name=\"awsm_email_confirm\"><input size=\"40\" maxlength=\"400\" class=\"wpcf7-form-control wpcf7-email wpcf7-validates-as-required wpcf7-text wpcf7-validates-as-email\" id=\"awsm_email_confirm\" aria-required=\"true\" aria-invalid=\"false\" value=\"\" type=\"email\" name=\"awsm_email_confirm\" \/><\/span>\n\t\t\t\t\t\t<\/p>\n\t\t\t\t\t<\/div>\n\t\t\t\t<\/div>\n\t\t\t\t<div class=\"form-row\">\n\t\t\t\t\t<div class=\"form-column\">\n\t\t\t\t\t\t<p><label for=\"awsm_place\">Lugar de residencia<\/label><span class=\"wpcf7-form-control-wrap\" data-name=\"awsm_place\"><input size=\"40\" maxlength=\"400\" class=\"wpcf7-form-control wpcf7-text\" id=\"awsm_place\" aria-invalid=\"false\" value=\"\" type=\"text\" name=\"awsm_place\" \/><\/span>\n\t\t\t\t\t\t<\/p>\n\t\t\t\t\t<\/div>\n\t\t\t\t\t<div class=\"form-column\">\n\t\t\t\t\t\t<p><label for=\"awsm_applicant_phone\">N\u00famero de tel\u00e9fono <span class=\"required\">*<\/span><\/label><span class=\"wpcf7-form-control-wrap\" data-name=\"awsm_applicant_phone\"><input size=\"40\" maxlength=\"400\" class=\"wpcf7-form-control wpcf7-tel wpcf7-validates-as-required wpcf7-text wpcf7-validates-as-tel\" id=\"awsm_applicant_phone\" aria-required=\"true\" aria-invalid=\"false\" value=\"\" type=\"tel\" name=\"awsm_applicant_phone\" \/><\/span>\n\t\t\t\t\t\t<\/p>\n\t\t\t\t\t<\/div>\n\t\t\t\t<\/div>\n\t\t\t<\/div>\n\n <!-- Your Profiles -->\n\t\t\t<div class=\"form-section\">\n\t\t\t\t<h2 class=\"section-title\">Tus perfiles\n\t\t\t\t<\/h2>\n\t\t\t\t<div class=\"form-row\">\n\t\t\t\t\t<div class=\"form-column\">\n\t\t\t\t\t\t<p><label for=\"awsm_linkedin\">LinkedIn<\/label><span class=\"wpcf7-form-control-wrap\" data-name=\"awsm_linkedin\"><input size=\"40\" maxlength=\"400\" class=\"wpcf7-form-control wpcf7-text\" id=\"awsm_linkedin\" aria-invalid=\"false\" value=\"\" type=\"text\" name=\"awsm_linkedin\" \/><\/span>\n\t\t\t\t\t\t<\/p>\n\t\t\t\t\t<\/div>\n\t\t\t\t\t<div class=\"form-column\">\n\t\t\t\t\t\t<p><label for=\"awsm_website\">P\u00e1gina Web<\/label><span class=\"wpcf7-form-control-wrap\" data-name=\"awsm_website\"><input size=\"40\" maxlength=\"400\" class=\"wpcf7-form-control wpcf7-text\" id=\"awsm_website\" aria-invalid=\"false\" value=\"\" type=\"text\" name=\"awsm_website\" \/><\/span>\n\t\t\t\t\t\t<\/p>\n\t\t\t\t\t<\/div>\n\t\t\t\t<\/div>\n\t\t\t<\/div>\n\n <!-- Resume Upload -->\n\t\t\t<div class=\"form-section\">\n\t\t\t\t<h2 class=\"section-title\">Curr\u00edculum*\n\t\t\t\t<\/h2>\n\t\t\t\t<div class=\"file-upload-wrapper\">\n\t\t\t\t\t<p><label class=\"file-upload-label\"><span class=\"wpcf7-form-control-wrap\" data-name=\"awsm_file\"><input size=\"40\" class=\"wpcf7-form-control wpcf7-file wpcf7-validates-as-required file-upload-input\" id=\"awsm_file\" accept=\".pdf,.doc,.docx\" aria-required=\"true\" aria-invalid=\"false\" type=\"file\" name=\"awsm_file\" \/><\/span><br \/>\n<span class=\"file-text\"><br \/>\n<span class=\"select-text\">Selecciona un archivo<\/span><br \/>\n<span class=\"drag-text\"> o arr\u00e1stralo aqu\u00ed<\/span><br \/>\n<span class=\"file-name\"><\/span><br \/>\n<\/span><br \/>\n<\/label>\n\t\t\t\t\t<\/p>\n\t\t\t\t<\/div>\n\t\t\t<\/div>\n\n<!-- Supporting Documents -->\n\t\t\t<div class=\"form-section\">\n\t\t\t\t<h2 class=\"section-title\">Documentos complementarios\n\t\t\t\t<\/h2>\n\t\t\t\t<div class=\"file-upload-wrapper\">\n\t\t\t\t\t<p><label class=\"file-upload-label\"><span class=\"wpcf7-form-control-wrap\" data-name=\"awsm_file2\"><input size=\"40\" class=\"wpcf7-form-control wpcf7-file file-upload-input\" id=\"awsm_file2\" accept=\".pdf,.doc,.docx\" aria-invalid=\"false\" type=\"file\" name=\"awsm_file2\" \/><\/span><br \/>\n<span class=\"file-text\"><br \/>\n<span class=\"select-text\">Subir<\/span><br \/>\n<span class=\"drag-text\"> cualquier documento adicional<\/span><br \/>\n<span class=\"file-name\"><\/span><br \/>\n<\/span><br \/>\n<\/label>\n\t\t\t\t\t<\/p>\n\t\t\t\t<\/div>\n\t\t\t<\/div>\n\n <!-- Essential Questions -->\n\t\t\t<div class=\"form-section questions\">\n\t\t\t\t<h2 class=\"section-title questions\">Informaci\u00f3n esencial para asegurar la mejor adecuaci\u00f3n al puesto\n\t\t\t\t<\/h2>\n\t\t\t\t<div class=\"form-row questions\">\n\t\t\t\t\t<div class=\"form-column full-width questions\">\n\t\t\t\t\t\t<p><label for=\"awsm_question1\">\u00bfPara cu\u00e1l de las ubicaciones disponibles est\u00e1s aplicando?<\/label><span class=\"wpcf7-form-control-wrap\" data-name=\"awsm_question1\"><span class=\"wpcf7-form-control wpcf7-checkbox wpcf7-validates-as-required wpcf7-exclusive-checkbox\"><span class=\"wpcf7-list-item first\"><label><input type=\"checkbox\" name=\"awsm_question1\" value=\"Porto\" \/><span class=\"wpcf7-list-item-label\">Porto<\/span><\/label><\/span><span class=\"wpcf7-list-item\"><label><input type=\"checkbox\" name=\"awsm_question1\" value=\"Madrid\" \/><span class=\"wpcf7-list-item-label\">Madrid<\/span><\/label><\/span><span class=\"wpcf7-list-item\"><label><input type=\"checkbox\" name=\"awsm_question1\" value=\"Ja\u00e9n\" \/><span class=\"wpcf7-list-item-label\">Ja\u00e9n<\/span><\/label><\/span><span class=\"wpcf7-list-item last\"><label><input type=\"checkbox\" name=\"awsm_question1\" value=\"C\u00e1diz\" \/><span class=\"wpcf7-list-item-label\">C\u00e1diz<\/span><\/label><\/span><\/span><\/span>\n\t\t\t\t\t\t<\/p>\n\t\t\t\t\t<\/div>\n\t\t\t\t\t<div class=\"form-column full-width questions\">\n\t\t\t\t\t\t<p><label for=\"awsm_question2\">\u00bfPuedes vivir y trabajar en la ubicaci\u00f3n indicada?<\/label><span class=\"wpcf7-form-control-wrap\" data-name=\"awsm_question2\"><input size=\"40\" maxlength=\"400\" class=\"wpcf7-form-control wpcf7-text\" id=\"awsm_question2\" aria-invalid=\"false\" value=\"\" type=\"text\" name=\"awsm_question2\" \/><\/span>\n\t\t\t\t\t\t<\/p>\n\t\t\t\t\t<\/div>\n\t\t\t\t\t<div class=\"form-column full-width questions\">\n\t\t\t\t\t\t<p><label for=\"awsm_question3\">\u00bfEst\u00e1s disponible para comenzar en menos de un mes?<\/label><span class=\"wpcf7-form-control-wrap\" data-name=\"awsm_question3\"><input size=\"40\" maxlength=\"400\" class=\"wpcf7-form-control wpcf7-text\" id=\"awsm_question3\" aria-invalid=\"false\" value=\"\" type=\"text\" name=\"awsm_question3\" \/><\/span>\n\t\t\t\t\t\t<\/p>\n\t\t\t\t\t<\/div>\n\t\t\t\t<\/div>\n\t\t\t<\/div>\n\n <!-- Message to Hiring Team -->\n\t\t\t<div class=\"form-section last-section\">\n\t\t\t\t<h2 class=\"section-title\">Tu mensaje para el equipo de selecci\u00f3n\n\t\t\t\t<\/h2>\n\t\t\t\t<p class=\"section-subtitle\">Comp\u00e1rtenos cualquier informaci\u00f3n relevante sobre tu experiencia, motivaci\u00f3n o metas profesionales.\n\t\t\t\t<\/p>\n\t\t\t\t<div class=\"form-row\">\n\t\t\t\t\t<div class=\"form-column full-width\">\n\t\t\t\t\t\t<p><span class=\"wpcf7-form-control-wrap\" data-name=\"awsm_applicant_letter\"><textarea cols=\"40\" rows=\"5\" maxlength=\"2000\" class=\"wpcf7-form-control wpcf7-textarea\" id=\"awsm_applicant_letter\" aria-invalid=\"false\" name=\"awsm_applicant_letter\"><\/textarea><\/span>\n\t\t\t\t\t\t<\/p>\n\t\t\t\t\t<\/div>\n\t\t\t\t<\/div>\n\t\t\t<\/div>\n\n <!-- Privacy Consent -->\n\t\t\t<div class=\"form-section display-gdpr-cb-text\">\n\t\t\t\t<div class=\"form-row\">\n\t\t\t\t\t<div class=\"form-column full-width\">\n\t\t\t\t\t\t<div class=\"form-check\">\n\t\t\t\t\t\t\t<p>[acceptance* awsm_form_privacy_policy id:awsm_form_privacy_policy] Acepto la pol\u00edtica de privacidad.\n\t\t\t\t\t\t\t<\/p>\n\t\t\t\t\t\t<\/div>\n\t\t\t\t\t<\/div>\n\t\t\t\t<\/div>\n\t\t\t<\/div>\n\n <!-- Submit -->\n\t\t\t<div class=\"form-submit\">\n\t\t\t\t<p><input class=\"wpcf7-form-control wpcf7-submit has-spinner submit-button\" type=\"submit\" value=\"ENVIAR\" \/>\n\t\t\t\t<\/p>\n\t\t\t<\/div>\n\t\t<\/div>\n\t<\/div>\n<\/div><div class=\"wpcf7-response-output\" aria-hidden=\"true\"><\/div>\n<\/form>\n<\/div>\n[vc_raw_js]JTNDc2NyaXB0JTNFJTBBZG9jdW1lbnQuYWRkRXZlbnRMaXN0ZW5lciUyOCUyN0RPTUNvbnRlbnRMb2FkZWQlMjclMkMlMjBmdW5jdGlvbiUyMCUyOCUyOSUyMCU3QiUwQSUyMCUyMGNvbnN0JTIwZmlsZVdyYXBwZXJzJTIwJTNEJTIwZG9jdW1lbnQucXVlcnlTZWxlY3RvckFsbCUyOCUyNy5maWxlLXVwbG9hZC13cmFwcGVyJTI3JTI5JTNCJTBBJTBBJTIwJTIwZmlsZVdyYXBwZXJzLmZvckVhY2glMjh3cmFwcGVyJTIwJTNEJTNFJTIwJTdCJTBBJTIwJTIwJTIwJTIwY29uc3QlMjBpbnB1dCUyMCUzRCUyMHdyYXBwZXIucXVlcnlTZWxlY3RvciUyOCUyN2lucHV0JTVCdHlwZSUzRCUyMmZpbGUlMjIlNUQlMjclMjklM0IlMEElMjAlMjAlMjAlMjBjb25zdCUyMHNlbGVjdFRleHQlMjAlM0QlMjB3cmFwcGVyLnF1ZXJ5U2VsZWN0b3IlMjglMjcuc2VsZWN0LXRleHQlMjclMjklM0IlMEElMjAlMjAlMjAlMjBjb25zdCUyMGRyYWdUZXh0JTIwJTNEJTIwd3JhcHBlci5xdWVyeVNlbGVjdG9yJTI4JTI3LmRyYWctdGV4dCUyNyUyOSUzQiUwQSUyMCUyMCUyMCUyMGNvbnN0JTIwZmlsZU5hbWUlMjAlM0QlMjB3cmFwcGVyLnF1ZXJ5U2VsZWN0b3IlMjglMjcuZmlsZS1uYW1lJTI3JTI5JTNCJTBBJTBBJTIwJTIwJTIwJTIwZnVuY3Rpb24lMjB1cGRhdGVGaWxlTGFiZWwlMjglMjklMjAlN0IlMEElMjAlMjAlMjAlMjAlMjAlMjBpZiUyMCUyOGlucHV0LmZpbGVzLmxlbmd0aCUyMCUzRSUyMDAlMjklMjAlN0IlMEElMjAlMjAlMjAlMjAlMjAlMjAlMjAlMjBjb25zdCUyMG5hbWUlMjAlM0QlMjBpbnB1dC5maWxlcy5sZW5ndGglMjAlM0QlM0QlM0QlMjAxJTIwJTNGJTIwaW5wdXQuZmlsZXMlNUIwJTVELm5hbWUlMjAlM0ElMjAlNjAlMjQlN0JpbnB1dC5maWxlcy5sZW5ndGglN0QlMjBmaWxlcyUyMHNlbGVjdGVkJTYwJTNCJTBBJTIwJTIwJTIwJTIwJTIwJTIwJTIwJTIwZmlsZU5hbWUudGV4dENvbnRlbnQlMjAlM0QlMjBuYW1lJTNCJTBBJTIwJTIwJTIwJTIwJTIwJTIwJTIwJTIwc2VsZWN0VGV4dC5zdHlsZS5kaXNwbGF5JTIwJTNEJTIwJTI3bm9uZSUyNyUzQiUwQSUyMCUyMCUyMCUyMCUyMCUyMCUyMCUyMGRyYWdUZXh0LnN0eWxlLmRpc3BsYXklMjAlM0QlMjAlMjdub25lJTI3JTNCJTBBJTIwJTIwJTIwJTIwJTIwJTIwJTdEJTIwZWxzZSUyMCU3QiUwQSUyMCUyMCUyMCUyMCUyMCUyMCUyMCUyMGZpbGVOYW1lLnRleHRDb250ZW50JTIwJTNEJTIwJTI3JTI3JTNCJTBBJTIwJTIwJTIwJTIwJTIwJTIwJTIwJTIwc2VsZWN0VGV4dC5zdHlsZS5kaXNwbGF5JTIwJTNEJTIwJTI3aW5saW5lJTI3JTNCJTBBJTIwJTIwJTIwJTIwJTIwJTIwJTIwJTIwZHJhZ1RleHQuc3R5bGUuZGlzcGxheSUyMCUzRCUyMCUyN2lubGluZSUyNyUzQiUwQSUyMCUyMCUyMCUyMCUyMCUyMCU3RCUwQSUyMCUyMCUyMCUyMCU3RCUwQSUwQSUyMCUyMCUyMCUyMGlucHV0LmFkZEV2ZW50TGlzdGVuZXIlMjglMjdjaGFuZ2UlMjclMkMlMjB1cGRhdGVGaWxlTGFiZWwlMjklM0IlMEElMjAlMjAlMjAlMjB1cGRhdGVGaWxlTGFiZWwlMjglMjklM0IlMjAlMkYlMkYlMjBpbmljaWFsJTBBJTBBJTIwJTIwJTIwJTIwd3JhcHBlci5hZGRFdmVudExpc3RlbmVyJTI4JTI3ZHJhZ292ZXIlMjclMkMlMjBmdW5jdGlvbiUyMCUyOGUlMjklMjAlN0IlMEElMjAlMjAlMjAlMjAlMjAlMjBlLnByZXZlbnREZWZhdWx0JTI4JTI5JTNCJTBBJTIwJTIwJTIwJTIwJTIwJTIwd3JhcHBlci5jbGFzc0xpc3QuYWRkJTI4JTI3ZHJhZy1vdmVyJTI3JTI5JTNCJTBBJTIwJTIwJTIwJTIwJTdEJTI5JTNCJTBBJTBBJTIwJTIwJTIwJTIwd3JhcHBlci5hZGRFdmVudExpc3RlbmVyJTI4JTI3ZHJhZ2xlYXZlJTI3JTJDJTIwZnVuY3Rpb24lMjAlMjhlJTI5JTIwJTdCJTBBJTIwJTIwJTIwJTIwJTIwJTIwZS5wcmV2ZW50RGVmYXVsdCUyOCUyOSUzQiUwQSUyMCUyMCUyMCUyMCUyMCUyMHdyYXBwZXIuY2xhc3NMaXN0LnJlbW92ZSUyOCUyN2RyYWctb3ZlciUyNyUyOSUzQiUwQSUyMCUyMCUyMCUyMCU3RCUyOSUzQiUwQSUwQSUyMCUyMCUyMCUyMHdyYXBwZXIuYWRkRXZlbnRMaXN0ZW5lciUyOCUyN2Ryb3AlMjclMkMlMjBmdW5jdGlvbiUyMCUyOGUlMjklMjAlN0IlMEElMjAlMjAlMjAlMjAlMjAlMjBlLnByZXZlbnREZWZhdWx0JTI4JTI5JTNCJTBBJTIwJTIwJTIwJTIwJTIwJTIwd3JhcHBlci5jbGFzc0xpc3QucmVtb3ZlJTI4JTI3ZHJhZy1vdmVyJTI3JTI5JTNCJTBBJTBBJTIwJTIwJTIwJTIwJTIwJTIwaWYlMjAlMjhlLmRhdGFUcmFuc2Zlci5maWxlcy5sZW5ndGglMjAlM0UlMjAwJTI5JTIwJTdCJTBBJTIwJTIwJTIwJTIwJTIwJTIwJTIwJTIwY29uc3QlMjBkdCUyMCUzRCUyMG5ldyUyMERhdGFUcmFuc2ZlciUyOCUyOSUzQiUwQSUyMCUyMCUyMCUyMCUyMCUyMCUyMCUyMEFycmF5LmZyb20lMjhlLmRhdGFUcmFuc2Zlci5maWxlcyUyOS5mb3JFYWNoJTI4ZmlsZSUyMCUzRCUzRSUyMGR0Lml0ZW1zLmFkZCUyOGZpbGUlMjklMjklM0IlMEElMjAlMjAlMjAlMjAlMjAlMjAlMjAlMjBpbnB1dC5maWxlcyUyMCUzRCUyMGR0LmZpbGVzJTNCJTBBJTIwJTIwJTIwJTIwJTIwJTIwJTIwJTIwaW5wdXQuZGlzcGF0Y2hFdmVudCUyOG5ldyUyMEV2ZW50JTI4JTI3Y2hhbmdlJTI3JTI5JTI5JTNCJTBBJTIwJTIwJTIwJTIwJTIwJTIwJTdEJTBBJTIwJTIwJTIwJTIwJTdEJTI5JTNCJTBBJTIwJTIwJTdEJTI5JTNCJTBBJTdEJTI5JTNCJTBBJTNDJTJGc2NyaXB0JTNF[\/vc_raw_js][vc_raw_js]JTNDc2NyaXB0JTNFJTBBZG9jdW1lbnQuYWRkRXZlbnRMaXN0ZW5lciUyOCUyN0RPTUNvbnRlbnRMb2FkZWQlMjclMkMlMjBmdW5jdGlvbiUyMCUyOCUyOSUyMCU3QiUwQSUyMCUyMGNvbnN0JTIwYXZhdGFySW5wdXQlMjAlM0QlMjBkb2N1bWVudC5xdWVyeVNlbGVjdG9yJTI4JTI3aW5wdXQlNUJuYW1lJTNEJTIyYXdzbV9hdmF0YXIlMjIlNUQlMjclMjklM0IlMEElMjAlMjBjb25zdCUyMHByZXZpZXdEaXYlMjAlM0QlMjBkb2N1bWVudC5nZXRFbGVtZW50QnlJZCUyOCUyN2ltYWdlUHJldmlldyUyNyUyOSUzQiUwQSUwQSUyMCUyMGlmJTIwJTI4YXZhdGFySW5wdXQlMjAlMjYlMjYlMjBwcmV2aWV3RGl2JTI5JTIwJTdCJTBBJTIwJTIwJTIwJTIwYXZhdGFySW5wdXQuYWRkRXZlbnRMaXN0ZW5lciUyOCUyN2NoYW5nZSUyNyUyQyUyMGZ1bmN0aW9uJTIwJTI4JTI5JTIwJTdCJTBBJTIwJTIwJTIwJTIwJTIwJTIwY29uc3QlMjBmaWxlJTIwJTNEJTIwYXZhdGFySW5wdXQuZmlsZXMlNUIwJTVEJTNCJTBBJTIwJTIwJTIwJTIwJTIwJTIwaWYlMjAlMjhmaWxlJTIwJTI2JTI2JTIwZmlsZS50eXBlLnN0YXJ0c1dpdGglMjglMjdpbWFnZSUyRiUyNyUyOSUyOSUyMCU3QiUwQSUyMCUyMCUyMCUyMCUyMCUyMCUyMCUyMGNvbnN0JTIwcmVhZGVyJTIwJTNEJTIwbmV3JTIwRmlsZVJlYWRlciUyOCUyOSUzQiUwQSUyMCUyMCUyMCUyMCUyMCUyMCUyMCUyMHJlYWRlci5vbmxvYWQlMjAlM0QlMjBmdW5jdGlvbiUyMCUyOGUlMjklMjAlN0IlMEElMjAlMjAlMjAlMjAlMjAlMjAlMjAlMjAlMjAlMjBwcmV2aWV3RGl2LnN0eWxlLmJhY2tncm91bmRJbWFnZSUyMCUzRCUyMCUyN3VybCUyOCUyNyUyMCUyQiUyMGUudGFyZ2V0LnJlc3VsdCUyMCUyQiUyMCUyNyUyOSUyNyUzQiUwQSUyMCUyMCUyMCUyMCUyMCUyMCUyMCUyMCUyMCUyMHByZXZpZXdEaXYuc3R5bGUuYmFja2dyb3VuZFNpemUlMjAlM0QlMjAlMjdjb3ZlciUyNyUzQiUwQSUyMCUyMCUyMCUyMCUyMCUyMCUyMCUyMCUyMCUyMHByZXZpZXdEaXYuc3R5bGUuYmFja2dyb3VuZFBvc2l0aW9uJTIwJTNEJTIwJTI3Y2VudGVyJTI3JTNCJTBBJTIwJTIwJTIwJTIwJTIwJTIwJTIwJTIwJTdEJTBBJTIwJTIwJTIwJTIwJTIwJTIwJTIwJTIwcmVhZGVyLnJlYWRBc0RhdGFVUkwlMjhmaWxlJTI5JTNCJTBBJTIwJTIwJTIwJTIwJTIwJTIwJTdEJTIwZWxzZSUyMCU3QiUwQSUyMCUyMCUyMCUyMCUyMCUyMCUyMCUyMHByZXZpZXdEaXYuc3R5bGUuYmFja2dyb3VuZEltYWdlJTIwJTNEJTIwJTI3JTI3JTNCJTBBJTIwJTIwJTIwJTIwJTIwJTIwJTdEJTBBJTIwJTIwJTIwJTIwJTdEJTI5JTNCJTBBJTIwJTIwJTdEJTBBJTdEJTI5JTNCJTBBJTNDJTJGc2NyaXB0JTNFJTBB[\/vc_raw_js][\/vc_column][\/vc_row]\n","protected":false},"excerpt":{"rendered":"<p>[vc_row type=\u00bbin_container\u00bb full_screen_row_position=\u00bbmiddle\u00bb column_margin=\u00bbdefault\u00bb column_direction=\u00bbdefault\u00bb column_direction_tablet=\u00bbdefault\u00bb column_direction_phone=\u00bbdefault\u00bb scene_position=\u00bbcenter\u00bb text_color=\u00bbdark\u00bb text_align=\u00bbleft\u00bb row_border_radius=\u00bbnone\u00bb row_border_radius_applies=\u00bbbg\u00bb overflow=\u00bbvisible\u00bb overlay_strength=\u00bb0.3&#8243; gradient_direction=\u00bbleft_to_right\u00bb shape_divider_position=\u00bbbottom\u00bb bg_image_animation=\u00bbnone\u00bb][vc_column column_padding=\u00bbno-extra-padding\u00bb column_padding_tablet=\u00bbinherit\u00bb column_padding_phone=\u00bbinherit\u00bb column_padding_position=\u00bball\u00bb column_element_direction_desktop=\u00bbdefault\u00bb column_element_spacing=\u00bbdefault\u00bb desktop_text_alignment=\u00bbdefault\u00bb tablet_text_alignment=\u00bbdefault\u00bb phone_text_alignment=\u00bbdefault\u00bb background_color_opacity=\u00bb1&#8243; background_hover_color_opacity=\u00bb1&#8243; column_backdrop_filter=\u00bbnone\u00bb column_shadow=\u00bbnone\u00bb&#8230;<\/p>\n","protected":false},"author":7,"featured_media":0,"parent":0,"menu_order":0,"comment_status":"closed","ping_status":"closed","template":"","meta":{"_acf_changed":false,"inline_featured_image":false,"footnotes":""},"class_list":["post-32775","page","type-page","status-publish"],"acf":[],"aioseo_notices":[],"_links":{"self":[{"href":"https:\/\/controlar.com\/es\/wp-json\/wp\/v2\/pages\/32775","targetHints":{"allow":["GET"]}}],"collection":[{"href":"https:\/\/controlar.com\/es\/wp-json\/wp\/v2\/pages"}],"about":[{"href":"https:\/\/controlar.com\/es\/wp-json\/wp\/v2\/types\/page"}],"author":[{"embeddable":true,"href":"https:\/\/controlar.com\/es\/wp-json\/wp\/v2\/users\/7"}],"replies":[{"embeddable":true,"href":"https:\/\/controlar.com\/es\/wp-json\/wp\/v2\/comments?post=32775"}],"version-history":[{"count":3,"href":"https:\/\/controlar.com\/es\/wp-json\/wp\/v2\/pages\/32775\/revisions"}],"predecessor-version":[{"id":32778,"href":"https:\/\/controlar.com\/es\/wp-json\/wp\/v2\/pages\/32775\/revisions\/32778"}],"wp:attachment":[{"href":"https:\/\/controlar.com\/es\/wp-json\/wp\/v2\/media?parent=32775"}],"curies":[{"name":"wp","href":"https:\/\/api.w.org\/{rel}","templated":true}]}}