{"id":27428,"date":"2025-04-02T14:15:31","date_gmt":"2025-04-02T14:15:31","guid":{"rendered":"https:\/\/controlar.com\/?page_id=27428"},"modified":"2025-04-16T16:45:57","modified_gmt":"2025-04-16T16:45:57","slug":"solucion-iot-industrial-i4-0","status":"publish","type":"page","link":"https:\/\/controlar.com\/es\/areas-de-negocio\/sistemas-de-automatizacion\/solucion-iot-industrial-i4-0\/","title":{"rendered":"Soluci\u00f3n IoT Industrial (I4.0)"},"content":{"rendered":"[vc_row type=\u00bbfull_width_background\u00bb full_screen_row_position=\u00bbmiddle\u00bb column_margin=\u00bbnone\u00bb column_direction=\u00bbdefault\u00bb column_direction_tablet=\u00bbdefault\u00bb column_direction_phone=\u00bbdefault\u00bb bg_color=\u00bb#858e92&#8243; scene_position=\u00bbcenter\u00bb text_color=\u00bbcustom\u00bb custom_text_color=\u00bb#919191&#8243; text_align=\u00bbleft\u00bb row_border_radius=\u00bbnone\u00bb row_border_radius_applies=\u00bbbg\u00bb overflow=\u00bbvisible\u00bb overlay_strength=\u00bb0.3&#8243; gradient_direction=\u00bbleft_to_right\u00bb shape_divider_position=\u00bbbottom\u00bb bg_image_animation=\u00bbnone\u00bb shape_type=\u00bb\u00bb gradient_type=\u00bbdefault\u00bb][vc_column top_padding_desktop=\u00bb8%\u00bb bottom_padding_desktop=\u00bb2%\u00bb column_element_direction_desktop=\u00bbdefault\u00bb column_element_spacing=\u00bbdefault\u00bb desktop_text_alignment=\u00bbdefault\u00bb tablet_text_alignment=\u00bbdefault\u00bb phone_text_alignment=\u00bbdefault\u00bb background_color_opacity=\u00bb1&#8243; background_hover_color_opacity=\u00bb1&#8243; column_backdrop_filter=\u00bbnone\u00bb column_shadow=\u00bbnone\u00bb column_border_radius=\u00bbnone\u00bb column_link_target=\u00bb_self\u00bb column_position=\u00bbdefault\u00bb gradient_direction=\u00bbleft_to_right\u00bb overlay_strength=\u00bb0.3&#8243; width=\u00bb1\/1&#8243; tablet_width_inherit=\u00bbdefault\u00bb animation_type=\u00bbdefault\u00bb bg_image_animation=\u00bbnone\u00bb border_type=\u00bbsimple\u00bb column_border_width=\u00bbnone\u00bb column_border_style=\u00bbsolid\u00bb column_padding_type=\u00bbadvanced\u00bb gradient_type=\u00bbdefault\u00bb][vc_custom_heading source=\u00bbpost_title\u00bb font_container=\u00bbtag:h2|text_align:left|color:%23ffffff\u00bb use_theme_fonts=\u00bbyes\u00bb][\/vc_column][\/vc_row][vc_row type=\u00bbin_container\u00bb full_screen_row_position=\u00bbmiddle\u00bb column_margin=\u00bb50px\u00bb column_direction=\u00bbdefault\u00bb column_direction_tablet=\u00bbdefault\u00bb column_direction_phone=\u00bbdefault\u00bb scene_position=\u00bbcenter\u00bb text_color=\u00bbcustom\u00bb custom_text_color=\u00bb#919191&#8243; text_align=\u00bbleft\u00bb row_border_radius=\u00bbnone\u00bb row_border_radius_applies=\u00bbbg\u00bb overflow=\u00bbvisible\u00bb overlay_strength=\u00bb0.3&#8243; gradient_direction=\u00bbleft_to_right\u00bb shape_divider_position=\u00bbbottom\u00bb bg_image_animation=\u00bbnone\u00bb shape_type=\u00bb\u00bb][vc_column column_padding=\u00bbno-extra-padding\u00bb column_padding_tablet=\u00bbinherit\u00bb column_padding_phone=\u00bbinherit\u00bb column_padding_position=\u00bball\u00bb column_element_direction_desktop=\u00bbdefault\u00bb column_element_spacing=\u00bbdefault\u00bb desktop_text_alignment=\u00bbdefault\u00bb tablet_text_alignment=\u00bbdefault\u00bb phone_text_alignment=\u00bbdefault\u00bb background_color_opacity=\u00bb1&#8243; background_hover_color_opacity=\u00bb1&#8243; column_backdrop_filter=\u00bbnone\u00bb column_shadow=\u00bbnone\u00bb column_border_radius=\u00bbnone\u00bb column_link_target=\u00bb_self\u00bb column_position=\u00bbdefault\u00bb gradient_direction=\u00bbleft_to_right\u00bb overlay_strength=\u00bb0.3&#8243; width=\u00bb5\/12&#8243; tablet_width_inherit=\u00bbdefault\u00bb animation_type=\u00bbdefault\u00bb bg_image_animation=\u00bbnone\u00bb border_type=\u00bbsimple\u00bb column_border_width=\u00bbnone\u00bb column_border_style=\u00bbsolid\u00bb][vc_custom_heading text=\u00bbPlataforma End-to-End para Aplicaciones Distribuidas\u00bb font_container=\u00bbtag:h5|text_align:left\u00bb use_theme_fonts=\u00bbyes\u00bb css=\u00bb.vc_custom_1618393797516{margin-top: 30px !important;}\u00bb][\/vc_column][vc_column column_padding=\u00bbno-extra-padding\u00bb column_padding_tablet=\u00bbinherit\u00bb column_padding_phone=\u00bbinherit\u00bb column_padding_position=\u00bball\u00bb top_margin=\u00bb-50px\u00bb top_margin_phone=\u00bb0&#8243; column_element_direction_desktop=\u00bbdefault\u00bb column_element_spacing=\u00bbdefault\u00bb desktop_text_alignment=\u00bbdefault\u00bb tablet_text_alignment=\u00bbdefault\u00bb phone_text_alignment=\u00bbdefault\u00bb background_color_opacity=\u00bb1&#8243; background_hover_color_opacity=\u00bb1&#8243; column_backdrop_filter=\u00bbnone\u00bb column_shadow=\u00bbnone\u00bb column_border_radius=\u00bbnone\u00bb column_link_target=\u00bb_self\u00bb column_position=\u00bbdefault\u00bb boxed=\u00bbtrue\u00bb gradient_direction=\u00bbleft_to_right\u00bb overlay_strength=\u00bb0.3&#8243; width=\u00bb7\/12&#8243; tablet_width_inherit=\u00bbdefault\u00bb animation_type=\u00bbdefault\u00bb bg_image_animation=\u00bbnone\u00bb border_type=\u00bbsimple\u00bb column_border_width=\u00bbnone\u00bb column_border_style=\u00bbsolid\u00bb column_padding_type=\u00bbdefault\u00bb gradient_type=\u00bbdefault\u00bb][image_with_animation image_url=\u00bb7621&#8243; image_size=\u00bbfull\u00bb animation_type=\u00bbentrance\u00bb animation=\u00bbFade In\u00bb animation_easing=\u00bbdefault\u00bb animation_movement_type=\u00bbtransform_y\u00bb hover_animation=\u00bbnone\u00bb alignment=\u00bbcenter\u00bb border_radius=\u00bbnone\u00bb box_shadow=\u00bbnone\u00bb image_loading=\u00bbdefault\u00bb max_width=\u00bb100%\u00bb max_width_mobile=\u00bbdefault\u00bb][\/vc_column][\/vc_row][vc_row type=\u00bbin_container\u00bb full_screen_row_position=\u00bbmiddle\u00bb column_margin=\u00bb50px\u00bb column_direction=\u00bbdefault\u00bb column_direction_tablet=\u00bbdefault\u00bb column_direction_phone=\u00bbdefault\u00bb scene_position=\u00bbcenter\u00bb text_color=\u00bbdark\u00bb text_align=\u00bbleft\u00bb row_border_radius=\u00bbnone\u00bb row_border_radius_applies=\u00bbbg\u00bb overflow=\u00bbvisible\u00bb overlay_strength=\u00bb0.3&#8243; gradient_direction=\u00bbleft_to_right\u00bb shape_divider_position=\u00bbbottom\u00bb bg_image_animation=\u00bbnone\u00bb shape_type=\u00bb\u00bb][vc_column column_padding=\u00bbno-extra-padding\u00bb column_padding_tablet=\u00bbinherit\u00bb column_padding_phone=\u00bbinherit\u00bb column_padding_position=\u00bball\u00bb column_element_direction_desktop=\u00bbdefault\u00bb column_element_spacing=\u00bbdefault\u00bb desktop_text_alignment=\u00bbdefault\u00bb tablet_text_alignment=\u00bbdefault\u00bb phone_text_alignment=\u00bbdefault\u00bb background_color_opacity=\u00bb1&#8243; background_hover_color_opacity=\u00bb1&#8243; column_backdrop_filter=\u00bbnone\u00bb column_shadow=\u00bbnone\u00bb column_border_radius=\u00bbnone\u00bb column_link_target=\u00bb_self\u00bb column_position=\u00bbdefault\u00bb el_class=\u00bbproduct-details\u00bb gradient_direction=\u00bbleft_to_right\u00bb overlay_strength=\u00bb0.3&#8243; width=\u00bb1\/1&#8243; tablet_width_inherit=\u00bbdefault\u00bb animation_type=\u00bbdefault\u00bb bg_image_animation=\u00bbnone\u00bb border_type=\u00bbsimple\u00bb column_border_width=\u00bbnone\u00bb column_border_style=\u00bbsolid\u00bb offset=\u00bbvc_col-lg-5 vc_col-md-6&#8243;][toggles style=\u00bbminimal\u00bb accordion=\u00bbtrue\u00bb accordion_starting_functionality=\u00bbdefault\u00bb][toggle color=\u00bbDefault\u00bb heading_tag=\u00bbdefault\u00bb heading_tag_functionality=\u00bbdefault\u00bb title=\u00bbCaracter\u00edsticas Destacadas\u00bb][vc_column_text]\n<div class=\"page\" title=\"Page 1\">\n<div class=\"section\">\n<div class=\"layoutArea\">\n<div class=\"column\">\n<hr \/>\n<h6><span style=\"font-size: 16px;\"> Uso de redes LoRaWAN\u00ae\ufe0f como alternativa para proyectos IIoT\/I4.0<\/span><\/h6>\n<hr \/>\n<h6><span style=\"font-size: 16px;\">Gateway multiprotocolo que ofrece cobertura de redes LoRaWAN\u00ae\ufe0f y Wi-Fi<\/span><\/h6>\n<hr \/>\n<h6><span style=\"font-size: 16px;\">Monitoreo en tiempo real con varios plugins de integraci\u00f3n<\/span><\/h6>\n<hr \/>\n<h6><span style=\"font-size: 16px;\">Escalabilidad para m\u00e1s fuentes de datos y datos combinados, promoviendo una verdadera transformaci\u00f3n digital<\/span><\/h6>\n<\/div>\n<\/div>\n<\/div>\n<\/div>\n[\/vc_column_text][\/toggle][toggle color=\u00bbDefault\u00bb heading_tag=\u00bbdefault\u00bb heading_tag_functionality=\u00bbdefault\u00bb title=\u00bbDescargas\u00bb]<div class=\"nectar-fancy-ul\" data-list-icon=\"fa fa-arrow-circle-o-down\" data-animation=\"false\" data-animation-delay=\"0\" data-color=\"extra-color-2\" data-spacing=\"default\" data-alignment=\"left\"> \n<ul>\n<li><a href=\"https:\/\/controlar.com\/wp-content\/uploads\/2021\/04\/Web-Monofolha-QIO2-EN-1.pdf\">Folleto<\/a> (en ingl\u00eas)<\/li>\n<\/ul>\n <\/div>[\/toggle][\/toggles]<div class=\"iwithtext\"><div class=\"iwt-icon\"> <i class=\"icon-default-style fa fa-envelope-o extra-color-2\"><\/i> <\/div><div class=\"iwt-text\"> Si necesita m\u00e1s informaci\u00f3n, cont\u00e1ctenos a trav\u00e9s de <a href=\"mailto:info@pt.controlar.com\">info@pt.controlar.com<\/a> <\/div><div class=\"clear\"><\/div><\/div>[\/vc_column][vc_column column_padding=\u00bbno-extra-padding\u00bb column_padding_tablet=\u00bbinherit\u00bb column_padding_phone=\u00bbinherit\u00bb column_padding_position=\u00bball\u00bb column_element_direction_desktop=\u00bbdefault\u00bb column_element_spacing=\u00bbdefault\u00bb desktop_text_alignment=\u00bbdefault\u00bb tablet_text_alignment=\u00bbdefault\u00bb phone_text_alignment=\u00bbdefault\u00bb background_color_opacity=\u00bb1&#8243; background_hover_color_opacity=\u00bb1&#8243; column_backdrop_filter=\u00bbnone\u00bb column_shadow=\u00bbnone\u00bb column_border_radius=\u00bbnone\u00bb column_link_target=\u00bb_self\u00bb column_position=\u00bbdefault\u00bb gradient_direction=\u00bbleft_to_right\u00bb overlay_strength=\u00bb0.3&#8243; width=\u00bb1\/1&#8243; tablet_width_inherit=\u00bbdefault\u00bb animation_type=\u00bbdefault\u00bb bg_image_animation=\u00bbnone\u00bb border_type=\u00bbsimple\u00bb column_border_width=\u00bbnone\u00bb column_border_style=\u00bbsolid\u00bb offset=\u00bbvc_col-lg-7 vc_col-md-6&#8243;][vc_custom_heading text=\u00bbDescripci\u00f3n General\u00bb font_container=\u00bbtag:h3|text_align:left|color:%2340af6a\u00bb use_theme_fonts=\u00bbyes\u00bb][vc_column_text]<strong>QiO2<\/strong><sup>\u00ae\ufe0f<\/sup> es una soluci\u00f3n IoT altamente escalable para aplicaciones industriales (industria 4.0) que aprovecha la comunicaci\u00f3n LoRaWAN\u00ae\ufe0f y Wi-Fi para una cobertura de largo alcance y con una diversidad de sensores, actuadores y gateways.<br \/>\nEsta soluci\u00f3n est\u00e1 apoyada en un servidor hospedado en nube o aplicado localmente, lo que puede acomodar miles de sensores\/actuadores y gateways, otorgando un conjunto de plugins que act\u00faan como cliente\/servidor OPC-UA, broker MQTT\/AMQP, Modbus TCP\/RTU, entre varios otros, altamente adecuado para una conexi\u00f3n directa de dispositivos industriales comunes (por ejemplo, PLCs).<br \/>\nContiene tambi\u00e9n una aplicaci\u00f3n que permite f\u00e1cilmente gestionar, monitorear y analizar todos los par\u00e1metros provenientes de la plataforma.[\/vc_column_text][vc_custom_heading text=\u00bbConfiguraci\u00f3n del Producto\u00bb font_container=\u00bbtag:h3|text_align:left|color:%2340af6a\u00bb use_theme_fonts=\u00bbyes\u00bb][vc_column_text]La arquitectura de <strong>QiO2<\/strong><sup>\u00ae\ufe0f<\/sup>\u00a0integra los siguientes componentes:[\/vc_column_text]<div class=\"iwithtext\"><div class=\"iwt-icon\"> <i class=\"icon-default-style fa fa-sliders extra-color-3\"><\/i> <\/div><div class=\"iwt-text\"> <strong>NODE<\/strong> &#8211; circuitos integrados con sensores\/dispositivos finales localizados en los puntos de detecci\u00f3n y\/o actuaci\u00f3n, siendo compatibles con soluciones comerciales para m\u00f3dulos LoRaWAN\u00ae\ufe0f, Wi-Fi y Ethernet. Est\u00e1n disponibles sensores\/nodos personalizados con comunicaci\u00f3n LoRaWAN\u00ae\ufe0f, Wi-Fi y Ethernet (por ejemplo, medici\u00f3n de energ\u00eda, arreglo inteligente y cajas IoT para industria 4.0). <\/div><div class=\"clear\"><\/div><\/div><div class=\"iwithtext\"><div class=\"iwt-icon\"> <i class=\"icon-default-style fa fa-sign-out extra-color-3\"><\/i> <\/div><div class=\"iwt-text\"> <strong>GATEWAY &#8211;<\/strong>\u00a0Gateway multiprotocolo LoRaWAN\u00ae\ufe0f\/Wi-Fi,que re\u00fane los datos de nodos y los dirige para el SERVER a trav\u00e9s del protocolo TCP\/IP MQTT seguro. Puede ser gestionado mediante una interfaz web de usuario (UI) de f\u00e1cil acceso en cualquier buscador. <\/div><div class=\"clear\"><\/div><\/div><div class=\"iwithtext\"><div class=\"iwt-icon\"> <i class=\"icon-default-style fa fa-server extra-color-3\"><\/i> <\/div><div class=\"iwt-text\"> <strong>SERVER &#8211;<\/strong>\u00a0hospedado en nube o instalado localmente y basado en soluciones open-source. Gestiona los datos para uplink de los gateways (GATEWAY u otra soluci\u00f3n comercial) y agenda el downlink de los datos destinados a la actuaci\u00f3n del nudo. Soporta las principales funciones de un servidor(gesti\u00f3n de usuarios, visualizaci\u00f3n de datos, etc.) y puede ser gestionado remotamente mediante una interfaz web de usuario (UI). <\/div><div class=\"clear\"><\/div><\/div><div class=\"iwithtext\"><div class=\"iwt-icon\"> <i class=\"icon-default-style fa fa-desktop extra-color-3\"><\/i> <\/div><div class=\"iwt-text\"> <strong>MONITOR (UGUI) &#8211;<\/strong>\u00a0interfaz gr\u00e1fica universal del usuario con un dise\u00f1o moderno ideal para estandarizar las interfaces de m\u00e1quinas industriales. Garantiza facilidad de uso y acceso distribuido de cualquier equipo, sea en la propia m\u00e1quina o en un dispositivo m\u00f3vil, separando el capa del display de la capa de operaci\u00f3n funcional de la m\u00e1quina. <\/div><div class=\"clear\"><\/div><\/div>[vc_custom_heading text=\u00bbAplicaciones\u00bb font_container=\u00bbtag:h3|text_align:left|color:%2340af6a\u00bb use_theme_fonts=\u00bbyes\u00bb][vc_column_text]M\u00e1s adecuado para aplicaciones de la industria 4.0 que requieren muchos y diversos sensores\/actuadores con cobertura de largo alcance para ambientes industriales completos a trav\u00e9s de diferentes protocolos de comunicaci\u00f3n. Los ejemplos incluyen el uso en el proceso de monitoreo de par\u00e1metros y m\u00e9tricas de m\u00e1quina o f\u00e1brica, para su gesti\u00f3n remota y la actuaci\u00f3n de m\u00e1quinas\/dispositivos, entre muchos otros casos de uso de IoT industriales.[\/vc_column_text][\/vc_column][\/vc_row][vc_row type=\u00bbin_container\u00bb full_screen_row_position=\u00bbmiddle\u00bb column_margin=\u00bbdefault\u00bb column_direction=\u00bbdefault\u00bb column_direction_tablet=\u00bbdefault\u00bb column_direction_phone=\u00bbdefault\u00bb scene_position=\u00bbcenter\u00bb text_color=\u00bbdark\u00bb text_align=\u00bbleft\u00bb row_border_radius=\u00bbnone\u00bb row_border_radius_applies=\u00bbbg\u00bb overflow=\u00bbvisible\u00bb overlay_strength=\u00bb0.3&#8243; gradient_direction=\u00bbleft_to_right\u00bb shape_divider_position=\u00bbbottom\u00bb bg_image_animation=\u00bbnone\u00bb][vc_column column_padding=\u00bbno-extra-padding\u00bb column_padding_tablet=\u00bbinherit\u00bb column_padding_phone=\u00bbinherit\u00bb column_padding_position=\u00bball\u00bb column_element_direction_desktop=\u00bbdefault\u00bb column_element_spacing=\u00bbdefault\u00bb desktop_text_alignment=\u00bbdefault\u00bb tablet_text_alignment=\u00bbdefault\u00bb phone_text_alignment=\u00bbdefault\u00bb background_color_opacity=\u00bb1&#8243; background_hover_color_opacity=\u00bb1&#8243; column_backdrop_filter=\u00bbnone\u00bb column_shadow=\u00bbnone\u00bb column_border_radius=\u00bbnone\u00bb column_link_target=\u00bb_self\u00bb column_position=\u00bbdefault\u00bb gradient_direction=\u00bbleft_to_right\u00bb overlay_strength=\u00bb0.3&#8243; width=\u00bb1\/1&#8243; tablet_width_inherit=\u00bbdefault\u00bb animation_type=\u00bbdefault\u00bb bg_image_animation=\u00bbnone\u00bb border_type=\u00bbsimple\u00bb column_border_width=\u00bbnone\u00bb column_border_style=\u00bbsolid\u00bb][vc_raw_js]JTNDc2NyaXB0JTNFJTBBdmFyJTIwaW1hZ2VFbGVtZW50JTIwJTNEJTIwZG9jdW1lbnQucXVlcnlTZWxlY3RvciUyOCUyNy5zdG5kLnNraXAtbGF6eS5kYXJrLXZlcnNpb24lMjclMjklM0JpZiUyMCUyOGltYWdlRWxlbWVudCUyOSUyMCU3QiUwQSVDMiVBMCUyMCVDMiVBMCUyMGltYWdlRWxlbWVudC5zcmMlMjAlM0QlMjAlMjdodHRwcyUzQSUyRiUyRmNvbnRyb2xhci5jb20lMkZ3cC1jb250ZW50JTJGdXBsb2FkcyUyRjIwMjAlMkYwMSUyRkNvbnRyb2xhcl9hdXRvbWF0aW9uX3N5c3RlbV9Mb2dvX2NvcmVzLnN2ZyUyNyUzQiUyMCUyRiUyRk1VREFSJTIwTE9HTyUyMEFRVUklMjAlQzIlQTAlMjAlQzIlQTAlMEF2YXIlMjBhbmNob3JFbGVtZW50JTIwJTNEJTIwaW1hZ2VFbGVtZW50LmNsb3Nlc3QlMjglMjdhJTI3JTI5JTNCJTBBJUMyJUEwJTIwJUMyJUEwJTIwaWYlMjAlMjhhbmNob3JFbGVtZW50JTI5JTIwJTdCJTBBJUMyJUEwJTIwJUMyJUEwJTIwJUMyJUEwJTIwJUMyJUEwJTIwYW5jaG9yRWxlbWVudC5ocmVmJTIwJTNEJTIwJTI3aHR0cHMlM0ElMkYlMkZjb250cm9sYXIuY29tJTJGZXMlMkZhcmVhcy1kZS1uZWdvY2lvJTJGc2lzdGVtYXMtZGUtYXV0b21hdGl6YWNpb24lMkYlMjclM0IlMjAlMkYlMkZNVURBUiUyMExJTkslMjBBUVVJJTBBJUMyJUEwJTIwJUMyJUEwJTIwJTdEJTIwZWxzZSUyMCU3QiUwQSVDMiVBMCUyMCVDMiVBMCUyMCVDMiVBMCUyMCVDMiVBMCUyMHZhciUyMG5ld0FuY2hvciUyMCUzRCUyMGRvY3VtZW50LmNyZWF0ZUVsZW1lbnQlMjglMjdhJTI3JTI5JTNCJTBBJUMyJUEwJTIwJUMyJUEwJTIwJUMyJUEwJTIwJUMyJUEwJTIwbmV3QW5jaG9yLmhyZWYlMjAlM0QlMjAlMjdodHRwcyUzQSUyRiUyRmNvbnRyb2xhci5jb20lMkZlcyUyRmFyZWFzLWRlLW5lZ29jaW8lMkZzaXN0ZW1hcy1kZS1hdXRvbWF0aXphY2lvbiUyRiUyNyUzQiUyMCUyRiUyRk1VREFSJTIwTElOSyUyMEFRVUklMEElQzIlQTAlMjAlQzIlQTAlMjAlQzIlQTAlMjAlQzIlQTAlMjBpbWFnZUVsZW1lbnQucGFyZW50Tm9kZS5pbnNlcnRCZWZvcmUlMjhuZXdBbmNob3IlMkMlMjBpbWFnZUVsZW1lbnQlMjklM0IlMEElQzIlQTAlMjAlQzIlQTAlMjAlQzIlQTAlMjAlQzIlQTAlMjBuZXdBbmNob3IuYXBwZW5kQ2hpbGQlMjhpbWFnZUVsZW1lbnQlMjklM0IlMEElQzIlQTAlMjAlQzIlQTAlMjAlN0QlMEElN0QlMEElM0MlMkZzY3JpcHQlM0U=[\/vc_raw_js][\/vc_column][\/vc_row]\n","protected":false},"excerpt":{"rendered":"<p>[vc_row type=\u00bbfull_width_background\u00bb full_screen_row_position=\u00bbmiddle\u00bb column_margin=\u00bbnone\u00bb column_direction=\u00bbdefault\u00bb column_direction_tablet=\u00bbdefault\u00bb column_direction_phone=\u00bbdefault\u00bb bg_color=\u00bb#858e92&#8243; scene_position=\u00bbcenter\u00bb text_color=\u00bbcustom\u00bb custom_text_color=\u00bb#919191&#8243; text_align=\u00bbleft\u00bb row_border_radius=\u00bbnone\u00bb row_border_radius_applies=\u00bbbg\u00bb overflow=\u00bbvisible\u00bb overlay_strength=\u00bb0.3&#8243; gradient_direction=\u00bbleft_to_right\u00bb shape_divider_position=\u00bbbottom\u00bb bg_image_animation=\u00bbnone\u00bb shape_type=\u00bb\u00bb gradient_type=\u00bbdefault\u00bb][vc_column top_padding_desktop=\u00bb8%\u00bb bottom_padding_desktop=\u00bb2%\u00bb column_element_direction_desktop=\u00bbdefault\u00bb column_element_spacing=\u00bbdefault\u00bb desktop_text_alignment=\u00bbdefault\u00bb tablet_text_alignment=\u00bbdefault\u00bb phone_text_alignment=\u00bbdefault\u00bb background_color_opacity=\u00bb1&#8243; background_hover_color_opacity=\u00bb1&#8243;&#8230;<\/p>\n","protected":false},"author":6,"featured_media":0,"parent":25297,"menu_order":0,"comment_status":"closed","ping_status":"closed","template":"","meta":{"_acf_changed":false,"inline_featured_image":false,"footnotes":""},"class_list":["post-27428","page","type-page","status-publish"],"acf":[],"aioseo_notices":[],"_links":{"self":[{"href":"https:\/\/controlar.com\/es\/wp-json\/wp\/v2\/pages\/27428","targetHints":{"allow":["GET"]}}],"collection":[{"href":"https:\/\/controlar.com\/es\/wp-json\/wp\/v2\/pages"}],"about":[{"href":"https:\/\/controlar.com\/es\/wp-json\/wp\/v2\/types\/page"}],"author":[{"embeddable":true,"href":"https:\/\/controlar.com\/es\/wp-json\/wp\/v2\/users\/6"}],"replies":[{"embeddable":true,"href":"https:\/\/controlar.com\/es\/wp-json\/wp\/v2\/comments?post=27428"}],"version-history":[{"count":7,"href":"https:\/\/controlar.com\/es\/wp-json\/wp\/v2\/pages\/27428\/revisions"}],"predecessor-version":[{"id":28472,"href":"https:\/\/controlar.com\/es\/wp-json\/wp\/v2\/pages\/27428\/revisions\/28472"}],"up":[{"embeddable":true,"href":"https:\/\/controlar.com\/es\/wp-json\/wp\/v2\/pages\/25297"}],"wp:attachment":[{"href":"https:\/\/controlar.com\/es\/wp-json\/wp\/v2\/media?parent=27428"}],"curies":[{"name":"wp","href":"https:\/\/api.w.org\/{rel}","templated":true}]}}