{"id":26453,"date":"2025-03-20T12:56:10","date_gmt":"2025-03-20T12:56:10","guid":{"rendered":"https:\/\/controlar.com\/?page_id=26453"},"modified":"2025-10-28T09:50:44","modified_gmt":"2025-10-28T09:50:44","slug":"consolapruebamanual","status":"publish","type":"page","link":"https:\/\/controlar.com\/es\/areas-de-negocio\/sistemas-de-test\/consolapruebamanual\/","title":{"rendered":"Consolas de Prueba Manual"},"content":{"rendered":"[vc_row type=\u00bbfull_width_background\u00bb full_screen_row_position=\u00bbmiddle\u00bb column_margin=\u00bbnone\u00bb column_direction=\u00bbdefault\u00bb column_direction_tablet=\u00bbdefault\u00bb column_direction_phone=\u00bbdefault\u00bb bg_color=\u00bb#858e92&#8243; scene_position=\u00bbcenter\u00bb text_color=\u00bbcustom\u00bb custom_text_color=\u00bb#919191&#8243; text_align=\u00bbleft\u00bb row_border_radius=\u00bbnone\u00bb row_border_radius_applies=\u00bbbg\u00bb overflow=\u00bbvisible\u00bb overlay_strength=\u00bb0.3&#8243; gradient_direction=\u00bbleft_to_right\u00bb shape_divider_position=\u00bbbottom\u00bb bg_image_animation=\u00bbnone\u00bb shape_type=\u00bb\u00bb gradient_type=\u00bbdefault\u00bb][vc_column top_padding_desktop=\u00bb8%\u00bb bottom_padding_desktop=\u00bb2%\u00bb column_element_direction_desktop=\u00bbdefault\u00bb column_element_spacing=\u00bbdefault\u00bb desktop_text_alignment=\u00bbdefault\u00bb tablet_text_alignment=\u00bbdefault\u00bb phone_text_alignment=\u00bbdefault\u00bb background_color_opacity=\u00bb1&#8243; background_hover_color_opacity=\u00bb1&#8243; column_backdrop_filter=\u00bbnone\u00bb column_shadow=\u00bbnone\u00bb column_border_radius=\u00bbnone\u00bb column_link_target=\u00bb_self\u00bb column_position=\u00bbdefault\u00bb gradient_direction=\u00bbleft_to_right\u00bb overlay_strength=\u00bb0.3&#8243; width=\u00bb1\/1&#8243; tablet_width_inherit=\u00bbdefault\u00bb animation_type=\u00bbdefault\u00bb bg_image_animation=\u00bbnone\u00bb border_type=\u00bbsimple\u00bb column_border_width=\u00bbnone\u00bb column_border_style=\u00bbsolid\u00bb column_padding_type=\u00bbadvanced\u00bb gradient_type=\u00bbdefault\u00bb][vc_custom_heading source=\u00bbpost_title\u00bb font_container=\u00bbtag:h2|text_align:left|color:%23ffffff\u00bb use_theme_fonts=\u00bbyes\u00bb][\/vc_column][\/vc_row][vc_row type=\u00bbin_container\u00bb full_screen_row_position=\u00bbmiddle\u00bb column_margin=\u00bb50px\u00bb column_direction=\u00bbdefault\u00bb column_direction_tablet=\u00bbdefault\u00bb column_direction_phone=\u00bbdefault\u00bb scene_position=\u00bbcenter\u00bb text_color=\u00bbcustom\u00bb custom_text_color=\u00bb#919191&#8243; text_align=\u00bbleft\u00bb row_border_radius=\u00bbnone\u00bb row_border_radius_applies=\u00bbbg\u00bb overflow=\u00bbvisible\u00bb overlay_strength=\u00bb0.3&#8243; gradient_direction=\u00bbleft_to_right\u00bb shape_divider_position=\u00bbbottom\u00bb bg_image_animation=\u00bbnone\u00bb shape_type=\u00bb\u00bb][vc_column column_padding=\u00bbno-extra-padding\u00bb column_padding_tablet=\u00bbinherit\u00bb column_padding_phone=\u00bbinherit\u00bb column_padding_position=\u00bball\u00bb column_element_direction_desktop=\u00bbdefault\u00bb column_element_spacing=\u00bbdefault\u00bb desktop_text_alignment=\u00bbdefault\u00bb tablet_text_alignment=\u00bbdefault\u00bb phone_text_alignment=\u00bbdefault\u00bb background_color_opacity=\u00bb1&#8243; background_hover_color_opacity=\u00bb1&#8243; column_backdrop_filter=\u00bbnone\u00bb column_shadow=\u00bbnone\u00bb column_border_radius=\u00bbnone\u00bb column_link_target=\u00bb_self\u00bb column_position=\u00bbdefault\u00bb gradient_direction=\u00bbleft_to_right\u00bb overlay_strength=\u00bb0.3&#8243; width=\u00bb5\/12&#8243; tablet_width_inherit=\u00bbdefault\u00bb animation_type=\u00bbdefault\u00bb bg_image_animation=\u00bbnone\u00bb border_type=\u00bbsimple\u00bb column_border_width=\u00bbnone\u00bb column_border_style=\u00bbsolid\u00bb][vc_custom_heading text=\u00bbPara distintos tipos de ensayo y validaci\u00f3n\u00bb font_container=\u00bbtag:h5|text_align:left\u00bb use_theme_fonts=\u00bbyes\u00bb css=\u00bb.vc_custom_1747919539943{margin-top: 30px !important;}\u00bb][\/vc_column][vc_column column_padding=\u00bbno-extra-padding\u00bb column_padding_tablet=\u00bbinherit\u00bb column_padding_phone=\u00bbinherit\u00bb column_padding_position=\u00bball\u00bb top_margin=\u00bb-50px\u00bb top_margin_phone=\u00bb0&#8243; column_element_direction_desktop=\u00bbdefault\u00bb column_element_spacing=\u00bbdefault\u00bb desktop_text_alignment=\u00bbdefault\u00bb tablet_text_alignment=\u00bbdefault\u00bb phone_text_alignment=\u00bbdefault\u00bb background_color_opacity=\u00bb1&#8243; background_hover_color_opacity=\u00bb1&#8243; column_backdrop_filter=\u00bbnone\u00bb column_shadow=\u00bbnone\u00bb column_border_radius=\u00bbnone\u00bb column_link_target=\u00bb_self\u00bb column_position=\u00bbdefault\u00bb boxed=\u00bbtrue\u00bb gradient_direction=\u00bbleft_to_right\u00bb overlay_strength=\u00bb0.3&#8243; width=\u00bb7\/12&#8243; tablet_width_inherit=\u00bbdefault\u00bb animation_type=\u00bbdefault\u00bb bg_image_animation=\u00bbnone\u00bb border_type=\u00bbsimple\u00bb column_border_width=\u00bbnone\u00bb column_border_style=\u00bbsolid\u00bb column_padding_type=\u00bbdefault\u00bb gradient_type=\u00bbdefault\u00bb][image_with_animation image_url=\u00bb23305&#8243; image_size=\u00bbfull\u00bb animation_type=\u00bbentrance\u00bb animation=\u00bbFade In\u00bb animation_easing=\u00bbdefault\u00bb animation_movement_type=\u00bbtransform_y\u00bb hover_animation=\u00bbnone\u00bb alignment=\u00bbcenter\u00bb border_radius=\u00bbnone\u00bb box_shadow=\u00bbnone\u00bb image_loading=\u00bbdefault\u00bb max_width=\u00bb100%\u00bb max_width_mobile=\u00bbdefault\u00bb][\/vc_column][\/vc_row][vc_row type=\u00bbin_container\u00bb full_screen_row_position=\u00bbmiddle\u00bb column_margin=\u00bb50px\u00bb column_direction=\u00bbdefault\u00bb column_direction_tablet=\u00bbdefault\u00bb column_direction_phone=\u00bbdefault\u00bb scene_position=\u00bbcenter\u00bb text_color=\u00bbdark\u00bb text_align=\u00bbleft\u00bb row_border_radius=\u00bbnone\u00bb row_border_radius_applies=\u00bbbg\u00bb overflow=\u00bbvisible\u00bb overlay_strength=\u00bb0.3&#8243; gradient_direction=\u00bbleft_to_right\u00bb shape_divider_position=\u00bbbottom\u00bb bg_image_animation=\u00bbnone\u00bb shape_type=\u00bb\u00bb][vc_column column_padding=\u00bbno-extra-padding\u00bb column_padding_tablet=\u00bbinherit\u00bb column_padding_phone=\u00bbinherit\u00bb column_padding_position=\u00bball\u00bb column_element_direction_desktop=\u00bbdefault\u00bb column_element_spacing=\u00bbdefault\u00bb desktop_text_alignment=\u00bbdefault\u00bb tablet_text_alignment=\u00bbdefault\u00bb phone_text_alignment=\u00bbdefault\u00bb background_color_opacity=\u00bb1&#8243; background_hover_color_opacity=\u00bb1&#8243; column_backdrop_filter=\u00bbnone\u00bb column_shadow=\u00bbnone\u00bb column_border_radius=\u00bbnone\u00bb column_link_target=\u00bb_self\u00bb column_position=\u00bbdefault\u00bb el_class=\u00bbproduct-details\u00bb gradient_direction=\u00bbleft_to_right\u00bb overlay_strength=\u00bb0.3&#8243; width=\u00bb1\/1&#8243; tablet_width_inherit=\u00bbdefault\u00bb animation_type=\u00bbdefault\u00bb bg_image_animation=\u00bbnone\u00bb border_type=\u00bbsimple\u00bb column_border_width=\u00bbnone\u00bb column_border_style=\u00bbsolid\u00bb offset=\u00bbvc_col-lg-5 vc_col-md-6&#8243;][toggles style=\u00bbminimal\u00bb accordion=\u00bbtrue\u00bb accordion_starting_functionality=\u00bbdefault\u00bb][toggle color=\u00bbDefault\u00bb heading_tag=\u00bbdefault\u00bb heading_tag_functionality=\u00bbdefault\u00bb title=\u00bbCaracter\u00edsticas Destacadas\u00bb][vc_column_text]\n<h6><span style=\"font-size: 16px;\">Consolas (fixtures) manuales desarrolladas para diversos tipos de pruebas y configuraciones de validaci\u00f3n personalizadas<\/span><\/h6>\n<hr \/>\n<h6><span style=\"font-size: 16px;\">Soluci\u00f3n compacta, flexible y de bajo coste, ideal para entornos de laboratorio o producci\u00f3n de bajo volumen<\/span><\/h6>\n<hr \/>\n<h6><span style=\"font-size: 16px;\">Dise\u00f1ada para alojar instrumentos, interfaces de PC y elementos de seguridad en un espacio reducido<\/span><\/h6>\n<hr \/>\n<h6><span style=\"font-size: 16px;\">Concepto modular con sustituci\u00f3n r\u00e1pida y ergon\u00f3mica del kit intercambiable<\/span><\/h6>\n<hr \/>\n<h6><span style=\"font-size: 16px;\">Totalmente personalizable para todo tipo de PCB e interfaces de instrumentaci\u00f3n<\/span><\/h6>\n[\/vc_column_text][\/toggle][toggle color=\u00bbDefault\u00bb heading_tag=\u00bbdefault\u00bb heading_tag_functionality=\u00bbdefault\u00bb title=\u00bbIm\u00e1genes\u00bb][vc_gallery type=\u00bbparallax_image_grid\u00bb images=\u00bb12706,12693,30991,23295,30833,31016,31020,30995&#8243;][\/toggle][toggle color=\u00bbDefault\u00bb heading_tag=\u00bbdefault\u00bb heading_tag_functionality=\u00bbdefault\u00bb title=\u00bbDescargas\u00bb]<div class=\"nectar-fancy-ul\" data-list-icon=\"fa fa-arrow-circle-o-down\" data-animation=\"false\" data-animation-delay=\"0\" data-color=\"extra-color-2\" data-spacing=\"default\" data-alignment=\"left\"> \n<ul>\n<li><a href=\"https:\/\/controlar.com\/wp-content\/uploads\/2020\/09\/web_Monofolha_Consola.pdf\" target=\"_blank\" rel=\"noopener noreferrer\">Datasheet<\/a> (en ingl\u00e9s)<\/li>\n<li><a href=\"https:\/\/controlar.com\/wp-content\/uploads\/2026\/02\/Mod._238TS.EN_.D8_Test_Systems_Solutions.pdf\" target=\"_blank\" rel=\"noopener\">Folleto Test Systems Solutions<\/a> (en ingl\u00e9s)<\/li>\n<\/ul>\n <\/div>[\/toggle][\/toggles]<div class=\"iwithtext\"><div class=\"iwt-icon\"> <i class=\"icon-default-style fa fa-envelope-o extra-color-2\"><\/i> <\/div><div class=\"iwt-text\"> Si necesita m\u00e1s informaci\u00f3n, cont\u00e1ctenos a trav\u00e9s de\u00a0<a href=\"mailto:info@pt.controlar.com\">info@es.controlar.com<\/a> <\/div><div class=\"clear\"><\/div><\/div>[\/vc_column][vc_column column_padding=\u00bbno-extra-padding\u00bb column_padding_tablet=\u00bbinherit\u00bb column_padding_phone=\u00bbinherit\u00bb column_padding_position=\u00bball\u00bb column_element_direction_desktop=\u00bbdefault\u00bb column_element_spacing=\u00bbdefault\u00bb desktop_text_alignment=\u00bbdefault\u00bb tablet_text_alignment=\u00bbdefault\u00bb phone_text_alignment=\u00bbdefault\u00bb background_color_opacity=\u00bb1&#8243; background_hover_color_opacity=\u00bb1&#8243; column_backdrop_filter=\u00bbnone\u00bb column_shadow=\u00bbnone\u00bb column_border_radius=\u00bbnone\u00bb column_link_target=\u00bb_self\u00bb column_position=\u00bbdefault\u00bb gradient_direction=\u00bbleft_to_right\u00bb overlay_strength=\u00bb0.3&#8243; width=\u00bb1\/1&#8243; tablet_width_inherit=\u00bbdefault\u00bb animation_type=\u00bbdefault\u00bb bg_image_animation=\u00bbnone\u00bb border_type=\u00bbsimple\u00bb column_border_width=\u00bbnone\u00bb column_border_style=\u00bbsolid\u00bb offset=\u00bbvc_col-lg-7 vc_col-md-6&#8243;][vc_custom_heading text=\u00bbDescripci\u00f3n General\u00bb font_container=\u00bbtag:h3|text_align:left|color:%2392d2e4&#8243; use_theme_fonts=\u00bbyes\u00bb][vc_column_text]Nuestras consolas manuales est\u00e1n dise\u00f1adas para programar memorias flash integradas durante pruebas <strong>ICT (In-Circuit Testing), FCT (Prueba Funcional), Boundary Scan o pruebas de LED integrados<\/strong> en los circuitos.<\/p>\n<p>La programaci\u00f3n <strong>In-Circuit o In-System (ISP)<\/strong> elimina las limitaciones asociadas a los dispositivos programables tradicionales (On-Socket o Preprogramados). La programaci\u00f3n In-System ofrece ventajas tanto en los procesos de dise\u00f1o como en los de fabricaci\u00f3n, permitiendo la configuraci\u00f3n directamente en la placa de circuito o en el sistema.<br \/>\nComo \u00faltima etapa del proceso de inspecci\u00f3n y verificaci\u00f3n, la Prueba Funcional suele realizarse al final de la l\u00ednea de producci\u00f3n mediante un sistema de prueba funcional que valida si validar si las PCB o el producto (semi) ensamblado cumplen con las especificaciones.<\/p>\n<p>El m\u00e9todo <strong>Boundary Scan<\/strong> tiene la ventaja de ser muy vers\u00e1til, adecuado para diversas aplicaciones, como pruebas a nivel de sistema, pruebas de memorias RAM y flash, programaci\u00f3n de flash y emulaci\u00f3n de CPU, entre otras.<\/p>\n<p>Las <strong>pruebas de LED<\/strong> integradas en los circuitos verifican el correcto funcionamiento de los LED, confirmando si se encienden o parpadean como se espera. Esto ayuda a identificar fallos de soldadura, conexiones defectuosas o componentes da\u00f1ados de forma r\u00e1pida y eficaz durante la inspecci\u00f3n manual.[\/vc_column_text][vc_row_inner column_margin=\u00bbdefault\u00bb column_direction=\u00bbdefault\u00bb column_direction_tablet=\u00bbdefault\u00bb column_direction_phone=\u00bbdefault\u00bb top_padding=\u00bb4%\u00bb bottom_padding=\u00bb4%\u00bb text_align=\u00bbleft\u00bb row_position=\u00bbdefault\u00bb row_position_tablet=\u00bbinherit\u00bb row_position_phone=\u00bbinherit\u00bb overflow=\u00bbvisible\u00bb pointer_events=\u00bball\u00bb][vc_column_inner column_padding=\u00bbno-extra-padding\u00bb column_padding_tablet=\u00bbinherit\u00bb column_padding_phone=\u00bbinherit\u00bb column_padding_position=\u00bball\u00bb column_element_direction_desktop=\u00bbdefault\u00bb column_element_spacing=\u00bbdefault\u00bb desktop_text_alignment=\u00bbdefault\u00bb tablet_text_alignment=\u00bbdefault\u00bb phone_text_alignment=\u00bbdefault\u00bb background_color_opacity=\u00bb1&#8243; background_hover_color_opacity=\u00bb1&#8243; column_backdrop_filter=\u00bbnone\u00bb column_shadow=\u00bbnone\u00bb column_border_radius=\u00bbnone\u00bb column_link_target=\u00bb_self\u00bb overflow=\u00bbvisible\u00bb gradient_direction=\u00bbleft_to_right\u00bb overlay_strength=\u00bb0.3&#8243; width=\u00bb1\/3&#8243; tablet_width_inherit=\u00bbdefault\u00bb animation_type=\u00bbdefault\u00bb bg_image_animation=\u00bbnone\u00bb border_type=\u00bbsimple\u00bb column_border_width=\u00bbnone\u00bb column_border_style=\u00bbsolid\u00bb][image_with_animation image_url=\u00bb30983&#8243; image_size=\u00bbfull\u00bb animation_type=\u00bbentrance\u00bb animation=\u00bbNone\u00bb animation_movement_type=\u00bbtransform_y\u00bb hover_animation=\u00bbnone\u00bb alignment=\u00bb\u00bb border_radius=\u00bbnone\u00bb box_shadow=\u00bbnone\u00bb image_loading=\u00bbdefault\u00bb max_width=\u00bb100%\u00bb max_width_mobile=\u00bbdefault\u00bb][\/vc_column_inner][vc_column_inner column_padding=\u00bbno-extra-padding\u00bb column_padding_tablet=\u00bbinherit\u00bb column_padding_phone=\u00bbinherit\u00bb column_padding_position=\u00bball\u00bb column_element_direction_desktop=\u00bbdefault\u00bb column_element_spacing=\u00bbdefault\u00bb desktop_text_alignment=\u00bbdefault\u00bb tablet_text_alignment=\u00bbdefault\u00bb phone_text_alignment=\u00bbdefault\u00bb background_color_opacity=\u00bb1&#8243; background_hover_color_opacity=\u00bb1&#8243; column_backdrop_filter=\u00bbnone\u00bb column_shadow=\u00bbnone\u00bb column_border_radius=\u00bbnone\u00bb column_link_target=\u00bb_self\u00bb overflow=\u00bbvisible\u00bb gradient_direction=\u00bbleft_to_right\u00bb overlay_strength=\u00bb0.3&#8243; width=\u00bb1\/3&#8243; tablet_width_inherit=\u00bbdefault\u00bb animation_type=\u00bbdefault\u00bb bg_image_animation=\u00bbnone\u00bb border_type=\u00bbsimple\u00bb column_border_width=\u00bbnone\u00bb column_border_style=\u00bbsolid\u00bb][image_with_animation image_url=\u00bb31005&#8243; image_size=\u00bbfull\u00bb animation_type=\u00bbentrance\u00bb animation=\u00bbNone\u00bb animation_movement_type=\u00bbtransform_y\u00bb hover_animation=\u00bbnone\u00bb alignment=\u00bb\u00bb border_radius=\u00bbnone\u00bb box_shadow=\u00bbnone\u00bb image_loading=\u00bbdefault\u00bb max_width=\u00bb100%\u00bb max_width_mobile=\u00bbdefault\u00bb][\/vc_column_inner][vc_column_inner column_padding=\u00bbno-extra-padding\u00bb column_padding_tablet=\u00bbinherit\u00bb column_padding_phone=\u00bbinherit\u00bb column_padding_position=\u00bball\u00bb column_element_direction_desktop=\u00bbdefault\u00bb column_element_spacing=\u00bbdefault\u00bb desktop_text_alignment=\u00bbdefault\u00bb tablet_text_alignment=\u00bbdefault\u00bb phone_text_alignment=\u00bbdefault\u00bb background_color_opacity=\u00bb1&#8243; background_hover_color_opacity=\u00bb1&#8243; column_backdrop_filter=\u00bbnone\u00bb column_shadow=\u00bbnone\u00bb column_border_radius=\u00bbnone\u00bb column_link_target=\u00bb_self\u00bb overflow=\u00bbvisible\u00bb gradient_direction=\u00bbleft_to_right\u00bb overlay_strength=\u00bb0.3&#8243; width=\u00bb1\/3&#8243; tablet_width_inherit=\u00bbdefault\u00bb animation_type=\u00bbdefault\u00bb bg_image_animation=\u00bbnone\u00bb border_type=\u00bbsimple\u00bb column_border_width=\u00bbnone\u00bb column_border_style=\u00bbsolid\u00bb][image_with_animation image_url=\u00bb30987&#8243; image_size=\u00bbfull\u00bb animation_type=\u00bbentrance\u00bb animation=\u00bbNone\u00bb animation_movement_type=\u00bbtransform_y\u00bb hover_animation=\u00bbnone\u00bb alignment=\u00bb\u00bb border_radius=\u00bbnone\u00bb box_shadow=\u00bbnone\u00bb image_loading=\u00bbdefault\u00bb max_width=\u00bb100%\u00bb max_width_mobile=\u00bbdefault\u00bb][\/vc_column_inner][\/vc_row_inner][vc_custom_heading text=\u00bbArquitectura\u00bb font_container=\u00bbtag:h3|text_align:left|color:%2392d2e4&#8243; use_theme_fonts=\u00bbyes\u00bb][vc_column_text]\n<ul>\n<li>Fixture manual mec\u00e1nico con mecanismo de cierre por presi\u00f3n paralela.<\/li>\n<li>Capacidad de expansi\u00f3n individual gracias al sistema modular.<\/li>\n<li>Concepto modular con versiones de kit intercambiable, adaptable al producto a probar, o configuraci\u00f3n independiente.<\/li>\n<li>En la versi\u00f3n con kit intercambiable, dispone de una interfaz interna personalizada para integraciones espec\u00edficas como Pylon, VPC, ODU, entre otras.<\/li>\n<li>Interfaz trasera personalizada para instrumentaci\u00f3n y conexi\u00f3n de se\u00f1ales.<\/li>\n<li>\u00a0La carcasa puede abrirse f\u00e1cilmente para facilitar operaciones de depuraci\u00f3n y mantenimiento.<\/li>\n<li>Amplia gama de accesorios disponibles, incluyendo accionamiento neum\u00e1tico, bloqueo de placa de presi\u00f3n, detecci\u00f3n de la posici\u00f3n correcta del PCB, apertura autom\u00e1tica, entre otros recursos que aumentan la versatilidad y eficiencia del proceso de prueba.<\/li>\n<\/ul>\n[\/vc_column_text][vc_custom_heading text=\u00bbAplicaciones\u00bb font_container=\u00bbtag:h3|text_align:left|color:%2392d2e4&#8243; use_theme_fonts=\u00bbyes\u00bb][vc_column_text]\n<ul>\n<li>Programaci\u00f3n de memorias flash integradas en pruebas ICT, prueba funcional, Boundary Scan o pruebas de LED.<\/li>\n<li>Estaciones de programaci\u00f3n flash dedicadas: programaci\u00f3n offline y gang programming.<\/li>\n<li>Programadores dedicados frente a programadores universales.<\/li>\n<\/ul>\n<p>Controlar y EIIT &#8211; A Controlar company desarrollan modelos dise\u00f1ados completamente internamente (100% in-house), as\u00ed como soluciones basadas en modelos disponibles en el mercado, personalizados para el producto del cliente, utilizando marcas reconocidas como <strong>Ingun, ATX, GPS<\/strong>, entre otras.[\/vc_column_text][image_with_animation image_url=\u00bb32152&#8243; image_size=\u00bbfull\u00bb animation_type=\u00bbentrance\u00bb animation=\u00bbNone\u00bb animation_movement_type=\u00bbtransform_y\u00bb hover_animation=\u00bbnone\u00bb alignment=\u00bb\u00bb border_radius=\u00bbnone\u00bb box_shadow=\u00bbnone\u00bb image_loading=\u00bbdefault\u00bb max_width=\u00bb100%\u00bb max_width_mobile=\u00bbdefault\u00bb][\/vc_column][\/vc_row][vc_row type=\u00bbin_container\u00bb full_screen_row_position=\u00bbmiddle\u00bb column_margin=\u00bbdefault\u00bb column_direction=\u00bbdefault\u00bb column_direction_tablet=\u00bbdefault\u00bb column_direction_phone=\u00bbdefault\u00bb scene_position=\u00bbcenter\u00bb text_color=\u00bbdark\u00bb text_align=\u00bbleft\u00bb row_border_radius=\u00bbnone\u00bb row_border_radius_applies=\u00bbbg\u00bb overflow=\u00bbvisible\u00bb overlay_strength=\u00bb0.3&#8243; gradient_direction=\u00bbleft_to_right\u00bb shape_divider_position=\u00bbbottom\u00bb bg_image_animation=\u00bbnone\u00bb][vc_column column_padding=\u00bbno-extra-padding\u00bb column_padding_tablet=\u00bbinherit\u00bb column_padding_phone=\u00bbinherit\u00bb column_padding_position=\u00bball\u00bb column_element_direction_desktop=\u00bbdefault\u00bb column_element_spacing=\u00bbdefault\u00bb desktop_text_alignment=\u00bbdefault\u00bb tablet_text_alignment=\u00bbdefault\u00bb phone_text_alignment=\u00bbdefault\u00bb background_color_opacity=\u00bb1&#8243; background_hover_color_opacity=\u00bb1&#8243; column_backdrop_filter=\u00bbnone\u00bb column_shadow=\u00bbnone\u00bb column_border_radius=\u00bbnone\u00bb column_link_target=\u00bb_self\u00bb column_position=\u00bbdefault\u00bb gradient_direction=\u00bbleft_to_right\u00bb overlay_strength=\u00bb0.3&#8243; width=\u00bb1\/1&#8243; tablet_width_inherit=\u00bbdefault\u00bb animation_type=\u00bbdefault\u00bb bg_image_animation=\u00bbnone\u00bb border_type=\u00bbsimple\u00bb column_border_width=\u00bbnone\u00bb column_border_style=\u00bbsolid\u00bb][vc_raw_js]JTNDc2NyaXB0JTNFJTBBdmFyJTIwaW1hZ2VFbGVtZW50JTIwJTNEJTIwZG9jdW1lbnQucXVlcnlTZWxlY3RvciUyOCUyNy5zdG5kLnNraXAtbGF6eS5kYXJrLXZlcnNpb24lMjclMjklM0JpZiUyMCUyOGltYWdlRWxlbWVudCUyOSUyMCU3QiUwQSUyMCUyMCUyMCUyMGltYWdlRWxlbWVudC5zcmMlMjAlM0QlMjAlMjdodHRwcyUzQSUyRiUyRmNvbnRyb2xhci5jb20lMkZ3cC1jb250ZW50JTJGdXBsb2FkcyUyRjIwMjAlMkYwMSUyRkNvbnRyb2xhcl90ZXN0ZV9zeXN0ZW1fTG9nb19jb3Jlcy5zdmclMjclM0IlMjAlMkYlMkZNVURBUiUyMExPR08lMjBBUVVJJTIwJTIwJTIwJTIwJTBBdmFyJTIwYW5jaG9yRWxlbWVudCUyMCUzRCUyMGltYWdlRWxlbWVudC5jbG9zZXN0JTI4JTI3YSUyNyUyOSUzQiUwQSUyMCUyMCUyMCUyMGlmJTIwJTI4YW5jaG9yRWxlbWVudCUyOSUyMCU3QiUwQSUyMCUyMCUyMCUyMCUyMCUyMCUyMCUyMGFuY2hvckVsZW1lbnQuaHJlZiUyMCUzRCUyMCUyN2h0dHBzJTNBJTJGJTJGY29udHJvbGFyLmNvbSUyRmFyZWFzLWRlLW5lZ29jaW8lMkZzaXN0ZW1hcy1kZS10ZXN0ZSUyRiUyNyUzQiUyMCUyRiUyRk1VREFSJTIwTElOSyUyMEFRVUklMEElMjAlMjAlMjAlMjAlN0QlMjBlbHNlJTIwJTdCJTBBJTIwJTIwJTIwJTIwJTIwJTIwJTIwJTIwdmFyJTIwbmV3QW5jaG9yJTIwJTNEJTIwZG9jdW1lbnQuY3JlYXRlRWxlbWVudCUyOCUyN2ElMjclMjklM0IlMEElMjAlMjAlMjAlMjAlMjAlMjAlMjAlMjBuZXdBbmNob3IuaHJlZiUyMCUzRCUyMCUyN2h0dHBzJTNBJTJGJTJGY29udHJvbGFyLmNvbSUyRmFyZWFzLWRlLW5lZ29jaW8lMkZzaXN0ZW1hcy1kZS10ZXN0ZSUyRiUyNyUzQiUyMCUyRiUyRk1VREFSJTIwTElOSyUyMEFRVUklMEElMjAlMjAlMjAlMjAlMjAlMjAlMjAlMjBpbWFnZUVsZW1lbnQucGFyZW50Tm9kZS5pbnNlcnRCZWZvcmUlMjhuZXdBbmNob3IlMkMlMjBpbWFnZUVsZW1lbnQlMjklM0IlMEElMjAlMjAlMjAlMjAlMjAlMjAlMjAlMjBuZXdBbmNob3IuYXBwZW5kQ2hpbGQlMjhpbWFnZUVsZW1lbnQlMjklM0IlMEElMjAlMjAlMjAlMjAlN0QlMEElN0QlMEElM0MlMkZzY3JpcHQlM0U=[\/vc_raw_js][\/vc_column][\/vc_row]\n","protected":false},"excerpt":{"rendered":"<p>[vc_row type=\u00bbfull_width_background\u00bb full_screen_row_position=\u00bbmiddle\u00bb column_margin=\u00bbnone\u00bb column_direction=\u00bbdefault\u00bb column_direction_tablet=\u00bbdefault\u00bb column_direction_phone=\u00bbdefault\u00bb bg_color=\u00bb#858e92&#8243; scene_position=\u00bbcenter\u00bb text_color=\u00bbcustom\u00bb custom_text_color=\u00bb#919191&#8243; text_align=\u00bbleft\u00bb row_border_radius=\u00bbnone\u00bb row_border_radius_applies=\u00bbbg\u00bb overflow=\u00bbvisible\u00bb overlay_strength=\u00bb0.3&#8243; gradient_direction=\u00bbleft_to_right\u00bb shape_divider_position=\u00bbbottom\u00bb bg_image_animation=\u00bbnone\u00bb shape_type=\u00bb\u00bb gradient_type=\u00bbdefault\u00bb][vc_column top_padding_desktop=\u00bb8%\u00bb bottom_padding_desktop=\u00bb2%\u00bb column_element_direction_desktop=\u00bbdefault\u00bb column_element_spacing=\u00bbdefault\u00bb desktop_text_alignment=\u00bbdefault\u00bb tablet_text_alignment=\u00bbdefault\u00bb phone_text_alignment=\u00bbdefault\u00bb background_color_opacity=\u00bb1&#8243; background_hover_color_opacity=\u00bb1&#8243;&#8230;<\/p>\n","protected":false},"author":6,"featured_media":0,"parent":25294,"menu_order":0,"comment_status":"closed","ping_status":"closed","template":"","meta":{"_acf_changed":false,"inline_featured_image":false,"footnotes":""},"class_list":["post-26453","page","type-page","status-publish"],"acf":[],"aioseo_notices":[],"_links":{"self":[{"href":"https:\/\/controlar.com\/es\/wp-json\/wp\/v2\/pages\/26453","targetHints":{"allow":["GET"]}}],"collection":[{"href":"https:\/\/controlar.com\/es\/wp-json\/wp\/v2\/pages"}],"about":[{"href":"https:\/\/controlar.com\/es\/wp-json\/wp\/v2\/types\/page"}],"author":[{"embeddable":true,"href":"https:\/\/controlar.com\/es\/wp-json\/wp\/v2\/users\/6"}],"replies":[{"embeddable":true,"href":"https:\/\/controlar.com\/es\/wp-json\/wp\/v2\/comments?post=26453"}],"version-history":[{"count":37,"href":"https:\/\/controlar.com\/es\/wp-json\/wp\/v2\/pages\/26453\/revisions"}],"predecessor-version":[{"id":37431,"href":"https:\/\/controlar.com\/es\/wp-json\/wp\/v2\/pages\/26453\/revisions\/37431"}],"up":[{"embeddable":true,"href":"https:\/\/controlar.com\/es\/wp-json\/wp\/v2\/pages\/25294"}],"wp:attachment":[{"href":"https:\/\/controlar.com\/es\/wp-json\/wp\/v2\/media?parent=26453"}],"curies":[{"name":"wp","href":"https:\/\/api.w.org\/{rel}","templated":true}]}}