{"id":26190,"date":"2025-03-18T10:17:52","date_gmt":"2025-03-18T10:17:52","guid":{"rendered":"https:\/\/controlar.com\/?page_id=26190"},"modified":"2025-05-12T11:25:49","modified_gmt":"2025-05-12T11:25:49","slug":"codigo-de-etica-y-conducta","status":"publish","type":"page","link":"https:\/\/controlar.com\/es\/codigo-de-etica-y-conducta\/","title":{"rendered":"C\u00f3digo de \u00c9tica y Conducta"},"content":{"rendered":"[vc_row type=\u00bbin_container\u00bb full_screen_row_position=\u00bbmiddle\u00bb column_margin=\u00bbdefault\u00bb column_direction=\u00bbdefault\u00bb column_direction_tablet=\u00bbdefault\u00bb column_direction_phone=\u00bbdefault\u00bb scene_position=\u00bbcenter\u00bb text_color=\u00bbdark\u00bb text_align=\u00bbleft\u00bb row_border_radius=\u00bbnone\u00bb row_border_radius_applies=\u00bbbg\u00bb overflow=\u00bbvisible\u00bb overlay_strength=\u00bb0.3&#8243; gradient_direction=\u00bbleft_to_right\u00bb shape_divider_position=\u00bbbottom\u00bb bg_image_animation=\u00bbnone\u00bb][vc_column column_padding=\u00bbno-extra-padding\u00bb column_padding_tablet=\u00bbinherit\u00bb column_padding_phone=\u00bbinherit\u00bb column_padding_position=\u00bball\u00bb column_element_direction_desktop=\u00bbdefault\u00bb column_element_spacing=\u00bbdefault\u00bb desktop_text_alignment=\u00bbdefault\u00bb tablet_text_alignment=\u00bbdefault\u00bb phone_text_alignment=\u00bbdefault\u00bb background_color_opacity=\u00bb1&#8243; background_hover_color_opacity=\u00bb1&#8243; column_backdrop_filter=\u00bbnone\u00bb column_shadow=\u00bbnone\u00bb column_border_radius=\u00bbnone\u00bb column_link_target=\u00bb_self\u00bb column_position=\u00bbdefault\u00bb gradient_direction=\u00bbleft_to_right\u00bb overlay_strength=\u00bb0.3&#8243; width=\u00bb1\/1&#8243; tablet_width_inherit=\u00bbdefault\u00bb animation_type=\u00bbdefault\u00bb bg_image_animation=\u00bbnone\u00bb border_type=\u00bbsimple\u00bb column_border_width=\u00bbnone\u00bb column_border_style=\u00bbsolid\u00bb][vc_custom_heading text=\u00bbC\u00f3digo de \u00c9tica y Conducta\u00bb font_container=\u00bbtag:h2|font_size:50|text_align:left|color:%230091d1&#8243;][divider line_type=\u00bbNo Line\u00bb custom_height=\u00bb50 px\u00bb][vc_column_text]El C\u00f3digo de \u00c9tica y Conducta de Controlar establece el est\u00e1ndar de comportamiento responsable en todos los niveles de la organizaci\u00f3n. Define los valores y expectativas que gu\u00edan nuestras decisiones profesionales y \u00e9ticas.[\/vc_column_text][divider line_type=\u00bbNo Line\u00bb custom_height=\u00bb100 px\u00bb][tabbed_section style=\u00bbmaterial\u00bb tab_change_animation=\u00bbfade\u00bb alignment=\u00bbleft\u00bb spacing=\u00bbdefault\u00bb tab_color=\u00bbAccent-Color\u00bb vs_content_animation=\u00bbfade\u00bb vs_link_animation=\u00bbopacity\u00bb vs_navigation_alignment=\u00bbleft\u00bb vs_navigation_width_2=\u00bb25%\u00bb vs_navigation_func=\u00bbdefault\u00bb vs_navigation_width=\u00bbregular\u00bb vs_navigation_spacing=\u00bb15px\u00bb vs_navigation_mobile_display=\u00bbvisible\u00bb vs_tab_spacing=\u00bb5%\u00bb icon_size=\u00bb24&#8243;][tab icon_family=\u00bbnone\u00bb title=\u00bb<b>Controlar<\/b>\u00bb id=\u00bb1747049131765-7&#8243; tab_id=\u00bb1747049131765-6&#8243;][vc_column_text]\n<p data-start=\"28\" data-end=\"385\">En <strong>Controlar<\/strong>, estamos comprometidos con los m\u00e1s altos est\u00e1ndares de integridad y responsabilidad en todas nuestras actividades. Nuestro C\u00f3digo de \u00c9tica y Conducta establece las directrices esenciales para orientar nuestras acciones y garantizar que mantenemos una cultura de respeto, transparencia y compromiso con nuestros clientes, colaboradores y socios.<\/p>\n<p data-start=\"387\" data-end=\"693\">Este documento refleja los valores fundamentales que gu\u00edan nuestras decisiones e interacciones, asegurando que todas nuestras pr\u00e1cticas est\u00e9n en conformidad con los principios \u00e9ticos y legales, reforzando nuestra misi\u00f3n de crear un entorno de trabajo y negocios basado en la confianza y la responsabilidad.<\/p>\n<p data-start=\"835\" data-end=\"952\"><a href=\"https:\/\/controlar.com\/wp-content\/uploads\/2025\/05\/Controlar-code-of-ethics-and-conduct.pdf\" target=\"_blank\" rel=\"noopener\" data-start=\"835\" data-end=\"951\">Lea el C\u00f3digo de \u00c9tica y Conducta aqu\u00ed (en ingl\u00e9s)<\/a><\/p>\n[\/vc_column_text][\/tab][tab icon_family=\u00bbnone\u00bb title=\u00bb<b>EIIT &#8211; A Controlar Company<\/b>\u00bb id=\u00bb1747049131804-8&#8243; tab_id=\u00bb1747049131805-6&#8243;][vc_column_text]El<strong>\u00a0Canal \u00e9tico o canal de denuncias<\/strong>\u00a0se constituye como la v\u00eda que permite a trabajadores, proveedores, clientes y resto de personas o entidades que se relacionan con la organizaci\u00f3n o empresa en cuesti\u00f3n, comunicar incidencias e irregularidades en relaci\u00f3n al incumplimiento tanto de la normativa interna (c\u00f3digo de \u00e9tico) como externa con objeto de:<\/p>\n<ul>\n<li style=\"padding-bottom: 16px;\"><strong>Cumplir con la Ley 10\/2010<\/strong>\u00a0de Prevenci\u00f3n de Blanqueo de Capitales y Financiaci\u00f3n del Terrorismo (art. 26 bis).<\/li>\n<li style=\"padding-bottom: 16px;\"><strong>Cumplir uno de los requisitos m\u00ednimos establecidos por el C\u00f3digo Penal<\/strong>, para la exenci\u00f3n de la responsabilidad penal de la persona jur\u00eddica.<\/li>\n<li style=\"padding-bottom: 16px;\"><strong>Tener un \u00fanico canal para el ejercicio de derechos y denuncia en materia de Protecci\u00f3n de Datos.<\/strong><\/li>\n<li><strong>Garantizar la confidencialidad de la comunicaci\u00f3n<\/strong>, no trasladando al cliente los datos personales de comunicante en los supuestos de comunicaciones que no sean an\u00f3nimas.<\/li>\n<\/ul>\n<p><strong>El acceso al Canal se realizar\u00e1 desde e-mail:\u00a0<a href=\"mailto:compliance@eiit.com\">compliance@eiit.com<\/a>.<\/strong><\/p>\n<p>En este punto, resulta importante destacar que la\u00a0<strong>Fiscal\u00eda General del Estado en la Circular 1\/ 2016 considera el Canal \u00c9tico Externo m\u00e1s eficiente que el gestionado por el propio cliente<\/strong>, puesto que conlleva un menor rechazo de los empleados, menores niveles de\u00a0<em>\u201csilencio del empleado\u201d<\/em>, menor riesgo de filtraci\u00f3n de datos y mayores niveles de confidencialidad.<\/p>\n<p>Por tanto, disponer de un canal \u00e9tico nos servir\u00e1 para impulsar el cumplimiento normativo y el c\u00f3digo \u00e9tico de la organizaci\u00f3n. Asimismo, crear\u00e1 un clima de confianza que permitir\u00e1 una mejor gesti\u00f3n del buen gobierno y transparencia de la empresa.[\/vc_column_text][\/tab][\/tabbed_section][\/vc_column][\/vc_row]\n","protected":false},"excerpt":{"rendered":"<p>[vc_row type=\u00bbin_container\u00bb full_screen_row_position=\u00bbmiddle\u00bb column_margin=\u00bbdefault\u00bb column_direction=\u00bbdefault\u00bb column_direction_tablet=\u00bbdefault\u00bb column_direction_phone=\u00bbdefault\u00bb scene_position=\u00bbcenter\u00bb text_color=\u00bbdark\u00bb text_align=\u00bbleft\u00bb row_border_radius=\u00bbnone\u00bb row_border_radius_applies=\u00bbbg\u00bb overflow=\u00bbvisible\u00bb overlay_strength=\u00bb0.3&#8243; gradient_direction=\u00bbleft_to_right\u00bb shape_divider_position=\u00bbbottom\u00bb bg_image_animation=\u00bbnone\u00bb][vc_column column_padding=\u00bbno-extra-padding\u00bb column_padding_tablet=\u00bbinherit\u00bb column_padding_phone=\u00bbinherit\u00bb column_padding_position=\u00bball\u00bb column_element_direction_desktop=\u00bbdefault\u00bb column_element_spacing=\u00bbdefault\u00bb desktop_text_alignment=\u00bbdefault\u00bb tablet_text_alignment=\u00bbdefault\u00bb phone_text_alignment=\u00bbdefault\u00bb background_color_opacity=\u00bb1&#8243; background_hover_color_opacity=\u00bb1&#8243; column_backdrop_filter=\u00bbnone\u00bb column_shadow=\u00bbnone\u00bb&#8230;<\/p>\n","protected":false},"author":4,"featured_media":0,"parent":0,"menu_order":0,"comment_status":"closed","ping_status":"closed","template":"","meta":{"_acf_changed":false,"inline_featured_image":false,"footnotes":""},"class_list":["post-26190","page","type-page","status-publish"],"acf":[],"aioseo_notices":[],"_links":{"self":[{"href":"https:\/\/controlar.com\/es\/wp-json\/wp\/v2\/pages\/26190","targetHints":{"allow":["GET"]}}],"collection":[{"href":"https:\/\/controlar.com\/es\/wp-json\/wp\/v2\/pages"}],"about":[{"href":"https:\/\/controlar.com\/es\/wp-json\/wp\/v2\/types\/page"}],"author":[{"embeddable":true,"href":"https:\/\/controlar.com\/es\/wp-json\/wp\/v2\/users\/4"}],"replies":[{"embeddable":true,"href":"https:\/\/controlar.com\/es\/wp-json\/wp\/v2\/comments?post=26190"}],"version-history":[{"count":16,"href":"https:\/\/controlar.com\/es\/wp-json\/wp\/v2\/pages\/26190\/revisions"}],"predecessor-version":[{"id":30101,"href":"https:\/\/controlar.com\/es\/wp-json\/wp\/v2\/pages\/26190\/revisions\/30101"}],"wp:attachment":[{"href":"https:\/\/controlar.com\/es\/wp-json\/wp\/v2\/media?parent=26190"}],"curies":[{"name":"wp","href":"https:\/\/api.w.org\/{rel}","templated":true}]}}