{"id":5851,"date":"2020-10-19T15:50:29","date_gmt":"2020-10-19T14:50:29","guid":{"rendered":"https:\/\/controlar.com\/?page_id=5851"},"modified":"2025-04-24T08:32:24","modified_gmt":"2025-04-24T08:32:24","slug":"iot","status":"publish","type":"page","link":"https:\/\/controlar.com\/es-mx\/areas-de-negocio\/sistemas-de-automatizacion\/iot\/","title":{"rendered":"Soluci\u00f3n IoT Industrial (I4.0)"},"content":{"rendered":"[vc_row type=&#8221;full_width_background&#8221; full_screen_row_position=&#8221;middle&#8221; column_margin=&#8221;none&#8221; column_direction=&#8221;default&#8221; column_direction_tablet=&#8221;default&#8221; column_direction_phone=&#8221;default&#8221; bg_color=&#8221;#858e92&#8243; scene_position=&#8221;center&#8221; text_color=&#8221;custom&#8221; custom_text_color=&#8221;#919191&#8243; text_align=&#8221;left&#8221; row_border_radius=&#8221;none&#8221; row_border_radius_applies=&#8221;bg&#8221; overflow=&#8221;visible&#8221; overlay_strength=&#8221;0.3&#8243; gradient_direction=&#8221;left_to_right&#8221; shape_divider_position=&#8221;bottom&#8221; bg_image_animation=&#8221;none&#8221; shape_type=&#8221;&#8221; gradient_type=&#8221;default&#8221;][vc_column top_padding_desktop=&#8221;8%&#8221; bottom_padding_desktop=&#8221;2%&#8221; column_element_direction_desktop=&#8221;default&#8221; column_element_spacing=&#8221;default&#8221; desktop_text_alignment=&#8221;default&#8221; tablet_text_alignment=&#8221;default&#8221; phone_text_alignment=&#8221;default&#8221; background_color_opacity=&#8221;1&#8243; background_hover_color_opacity=&#8221;1&#8243; column_backdrop_filter=&#8221;none&#8221; column_shadow=&#8221;none&#8221; column_border_radius=&#8221;none&#8221; column_link_target=&#8221;_self&#8221; column_position=&#8221;default&#8221; gradient_direction=&#8221;left_to_right&#8221; overlay_strength=&#8221;0.3&#8243; width=&#8221;1\/1&#8243; tablet_width_inherit=&#8221;default&#8221; animation_type=&#8221;default&#8221; bg_image_animation=&#8221;none&#8221; border_type=&#8221;simple&#8221; column_border_width=&#8221;none&#8221; column_border_style=&#8221;solid&#8221; column_padding_type=&#8221;advanced&#8221; gradient_type=&#8221;default&#8221;][vc_custom_heading source=&#8221;post_title&#8221; font_container=&#8221;tag:h2|text_align:left|color:%23ffffff&#8221; use_theme_fonts=&#8221;yes&#8221;][\/vc_column][\/vc_row][vc_row type=&#8221;in_container&#8221; full_screen_row_position=&#8221;middle&#8221; column_margin=&#8221;50px&#8221; column_direction=&#8221;default&#8221; column_direction_tablet=&#8221;default&#8221; column_direction_phone=&#8221;default&#8221; scene_position=&#8221;center&#8221; text_color=&#8221;custom&#8221; custom_text_color=&#8221;#919191&#8243; text_align=&#8221;left&#8221; row_border_radius=&#8221;none&#8221; row_border_radius_applies=&#8221;bg&#8221; overflow=&#8221;visible&#8221; overlay_strength=&#8221;0.3&#8243; gradient_direction=&#8221;left_to_right&#8221; shape_divider_position=&#8221;bottom&#8221; bg_image_animation=&#8221;none&#8221; shape_type=&#8221;&#8221;][vc_column column_padding=&#8221;no-extra-padding&#8221; column_padding_tablet=&#8221;inherit&#8221; column_padding_phone=&#8221;inherit&#8221; column_padding_position=&#8221;all&#8221; column_element_direction_desktop=&#8221;default&#8221; column_element_spacing=&#8221;default&#8221; desktop_text_alignment=&#8221;default&#8221; tablet_text_alignment=&#8221;default&#8221; phone_text_alignment=&#8221;default&#8221; background_color_opacity=&#8221;1&#8243; background_hover_color_opacity=&#8221;1&#8243; column_backdrop_filter=&#8221;none&#8221; column_shadow=&#8221;none&#8221; column_border_radius=&#8221;none&#8221; column_link_target=&#8221;_self&#8221; column_position=&#8221;default&#8221; gradient_direction=&#8221;left_to_right&#8221; overlay_strength=&#8221;0.3&#8243; width=&#8221;5\/12&#8243; tablet_width_inherit=&#8221;default&#8221; animation_type=&#8221;default&#8221; bg_image_animation=&#8221;none&#8221; border_type=&#8221;simple&#8221; column_border_width=&#8221;none&#8221; column_border_style=&#8221;solid&#8221;][vc_custom_heading text=&#8221;Plataforma End-to-End para Aplicaciones Distribuidas&#8221; font_container=&#8221;tag:h5|text_align:left&#8221; use_theme_fonts=&#8221;yes&#8221; css=&#8221;.vc_custom_1618393797516{margin-top: 30px !important;}&#8221;][\/vc_column][vc_column column_padding=&#8221;no-extra-padding&#8221; column_padding_tablet=&#8221;inherit&#8221; column_padding_phone=&#8221;inherit&#8221; column_padding_position=&#8221;all&#8221; top_margin=&#8221;-50px&#8221; top_margin_phone=&#8221;0&#8243; column_element_direction_desktop=&#8221;default&#8221; column_element_spacing=&#8221;default&#8221; desktop_text_alignment=&#8221;default&#8221; tablet_text_alignment=&#8221;default&#8221; phone_text_alignment=&#8221;default&#8221; background_color_opacity=&#8221;1&#8243; background_hover_color_opacity=&#8221;1&#8243; column_backdrop_filter=&#8221;none&#8221; column_shadow=&#8221;none&#8221; column_border_radius=&#8221;none&#8221; column_link_target=&#8221;_self&#8221; column_position=&#8221;default&#8221; boxed=&#8221;true&#8221; gradient_direction=&#8221;left_to_right&#8221; overlay_strength=&#8221;0.3&#8243; width=&#8221;7\/12&#8243; tablet_width_inherit=&#8221;default&#8221; animation_type=&#8221;default&#8221; bg_image_animation=&#8221;none&#8221; border_type=&#8221;simple&#8221; column_border_width=&#8221;none&#8221; column_border_style=&#8221;solid&#8221; column_padding_type=&#8221;default&#8221; gradient_type=&#8221;default&#8221;][image_with_animation image_url=&#8221;7621&#8243; image_size=&#8221;full&#8221; animation_type=&#8221;entrance&#8221; animation=&#8221;Fade In&#8221; animation_easing=&#8221;default&#8221; animation_movement_type=&#8221;transform_y&#8221; hover_animation=&#8221;none&#8221; alignment=&#8221;center&#8221; border_radius=&#8221;none&#8221; box_shadow=&#8221;none&#8221; image_loading=&#8221;default&#8221; max_width=&#8221;100%&#8221; max_width_mobile=&#8221;default&#8221;][\/vc_column][\/vc_row][vc_row type=&#8221;in_container&#8221; full_screen_row_position=&#8221;middle&#8221; column_margin=&#8221;50px&#8221; column_direction=&#8221;default&#8221; column_direction_tablet=&#8221;default&#8221; column_direction_phone=&#8221;default&#8221; scene_position=&#8221;center&#8221; text_color=&#8221;dark&#8221; text_align=&#8221;left&#8221; row_border_radius=&#8221;none&#8221; row_border_radius_applies=&#8221;bg&#8221; overflow=&#8221;visible&#8221; overlay_strength=&#8221;0.3&#8243; gradient_direction=&#8221;left_to_right&#8221; shape_divider_position=&#8221;bottom&#8221; bg_image_animation=&#8221;none&#8221; shape_type=&#8221;&#8221;][vc_column column_padding=&#8221;no-extra-padding&#8221; column_padding_tablet=&#8221;inherit&#8221; column_padding_phone=&#8221;inherit&#8221; column_padding_position=&#8221;all&#8221; column_element_direction_desktop=&#8221;default&#8221; column_element_spacing=&#8221;default&#8221; desktop_text_alignment=&#8221;default&#8221; tablet_text_alignment=&#8221;default&#8221; phone_text_alignment=&#8221;default&#8221; background_color_opacity=&#8221;1&#8243; background_hover_color_opacity=&#8221;1&#8243; column_backdrop_filter=&#8221;none&#8221; column_shadow=&#8221;none&#8221; column_border_radius=&#8221;none&#8221; column_link_target=&#8221;_self&#8221; column_position=&#8221;default&#8221; el_class=&#8221;product-details&#8221; gradient_direction=&#8221;left_to_right&#8221; overlay_strength=&#8221;0.3&#8243; width=&#8221;1\/1&#8243; tablet_width_inherit=&#8221;default&#8221; animation_type=&#8221;default&#8221; bg_image_animation=&#8221;none&#8221; border_type=&#8221;simple&#8221; column_border_width=&#8221;none&#8221; column_border_style=&#8221;solid&#8221; offset=&#8221;vc_col-lg-5 vc_col-md-6&#8243;][toggles style=&#8221;minimal&#8221; accordion=&#8221;true&#8221; accordion_starting_functionality=&#8221;default&#8221;][toggle color=&#8221;Default&#8221; heading_tag=&#8221;default&#8221; heading_tag_functionality=&#8221;default&#8221; title=&#8221;Destacados&#8221;][vc_column_text]\n<div class=\"page\" title=\"Page 1\">\n<div class=\"section\">\n<div class=\"layoutArea\">\n<div class=\"column\">\n<hr \/>\n<h6><span style=\"font-size: 16px;\"> Uso de redes LoRaWAN\u00ae\ufe0f como alternativa para proyectos IIoT\/I4.0<\/span><\/h6>\n<hr \/>\n<h6><span style=\"font-size: 16px;\">Gateway multiprotocolo que ofrece cobertura de redes LoRaWAN\u00ae\ufe0f y Wi-Fi<\/span><\/h6>\n<hr \/>\n<h6><span style=\"font-size: 16px;\">Monitoreo en tiempo real con varios plugins de integraci\u00f3n<\/span><\/h6>\n<hr \/>\n<h6><span style=\"font-size: 16px;\">Escalabilidad para m\u00e1s fuentes de datos y datos combinados, promoviendo una verdadera transformaci\u00f3n digital<\/span><\/h6>\n<\/div>\n<\/div>\n<\/div>\n<\/div>\n[\/vc_column_text][\/toggle][toggle color=&#8221;Default&#8221; heading_tag=&#8221;default&#8221; heading_tag_functionality=&#8221;default&#8221; title=&#8221;Descargas&#8221;]<div class=\"nectar-fancy-ul\" data-list-icon=\"fa fa-arrow-circle-o-down\" data-animation=\"false\" data-animation-delay=\"0\" data-color=\"extra-color-2\" data-spacing=\"default\" data-alignment=\"left\"> \n<ul>\n<li><a href=\"https:\/\/controlar.com\/wp-content\/uploads\/2021\/04\/Web-Monofolha-QIO2-EN-1.pdf\">Folleto<\/a><\/li>\n<\/ul>\n <\/div>[\/toggle][\/toggles]<div class=\"iwithtext\"><div class=\"iwt-icon\"> <i class=\"icon-default-style fa fa-envelope-o extra-color-2\"><\/i> <\/div><div class=\"iwt-text\"> Para mayor informaci\u00f3n, cont\u00e1ctenos por <a href=\"mailto:info@pt.controlar.com\">info@mx.controlar.com<\/a> <\/div><div class=\"clear\"><\/div><\/div>[\/vc_column][vc_column column_padding=&#8221;no-extra-padding&#8221; column_padding_tablet=&#8221;inherit&#8221; column_padding_phone=&#8221;inherit&#8221; column_padding_position=&#8221;all&#8221; column_element_direction_desktop=&#8221;default&#8221; column_element_spacing=&#8221;default&#8221; desktop_text_alignment=&#8221;default&#8221; tablet_text_alignment=&#8221;default&#8221; phone_text_alignment=&#8221;default&#8221; background_color_opacity=&#8221;1&#8243; background_hover_color_opacity=&#8221;1&#8243; column_backdrop_filter=&#8221;none&#8221; column_shadow=&#8221;none&#8221; column_border_radius=&#8221;none&#8221; column_link_target=&#8221;_self&#8221; column_position=&#8221;default&#8221; gradient_direction=&#8221;left_to_right&#8221; overlay_strength=&#8221;0.3&#8243; width=&#8221;1\/1&#8243; tablet_width_inherit=&#8221;default&#8221; animation_type=&#8221;default&#8221; bg_image_animation=&#8221;none&#8221; border_type=&#8221;simple&#8221; column_border_width=&#8221;none&#8221; column_border_style=&#8221;solid&#8221; offset=&#8221;vc_col-lg-7 vc_col-md-6&#8243;][vc_custom_heading text=&#8221;Caracter\u00edsticas Generales&#8221; font_container=&#8221;tag:h3|text_align:left|color:%2340af6a&#8221; use_theme_fonts=&#8221;yes&#8221;][vc_column_text]<strong>QiO2<\/strong><sup>\u00ae\ufe0f<\/sup> es una soluci\u00f3n IoT altamente escalable para aplicaciones industriales (industria 4.0) que aprovecha la comunicaci\u00f3n LoRaWAN\u00ae\ufe0f y Wi-Fi para una cobertura de largo alcance y con una diversidad de sensores, actuadores y gateways.<br \/>\nEsta soluci\u00f3n est\u00e1 apoyada en un servidor hospedado en nube o aplicado localmente, lo que puede acomodar miles de sensores\/actuadores y gateways, otorgando un conjunto de plugins que act\u00faan como cliente\/servidor OPC-UA, broker MQTT\/AMQP, Modbus TCP\/RTU, entre varios otros, altamente adecuado para una conexi\u00f3n directa de dispositivos industriales comunes (por ejemplo, PLCs).<br \/>\nContiene tambi\u00e9n una aplicaci\u00f3n que permite f\u00e1cilmente gestionar, monitorear y analizar todos los par\u00e1metros provenientes de la plataforma.[\/vc_column_text][vc_custom_heading text=&#8221;Configuraci\u00f3n&#8221; font_container=&#8221;tag:h3|text_align:left|color:%2340af6a&#8221; use_theme_fonts=&#8221;yes&#8221;][vc_column_text]La arquitectura de <strong>QiO2<\/strong><sup>\u00ae\ufe0f<\/sup>\u00a0integra los siguientes componentes:[\/vc_column_text]<div class=\"iwithtext\"><div class=\"iwt-icon\"> <i class=\"icon-default-style fa fa-sliders extra-color-3\"><\/i> <\/div><div class=\"iwt-text\"> <strong>NODE<\/strong> &#8211; circuitos integrados con sensores\/dispositivos finales localizados en los puntos de detecci\u00f3n y\/o actuaci\u00f3n, siendo compatibles con soluciones comerciales para m\u00f3dulos LoRaWAN\u00ae\ufe0f, Wi-Fi y Ethernet. Est\u00e1n disponibles sensores\/nodos personalizados con comunicaci\u00f3n LoRaWAN\u00ae\ufe0f, Wi-Fi y Ethernet (por ejemplo, medici\u00f3n de energ\u00eda, arreglo inteligente y cajas IoT para industria 4.0). <\/div><div class=\"clear\"><\/div><\/div><div class=\"iwithtext\"><div class=\"iwt-icon\"> <i class=\"icon-default-style fa fa-sign-out extra-color-3\"><\/i> <\/div><div class=\"iwt-text\"> <strong>GATEWAY &#8211;<\/strong>\u00a0Gateway multiprotocolo LoRaWAN\u00ae\ufe0f\/Wi-Fi,que re\u00fane los datos de nodos y los dirige para el SERVER a trav\u00e9s del protocolo TCP\/IP MQTT seguro. Puede ser gestionado mediante una interfaz web de usuario (UI) de f\u00e1cil acceso en cualquier buscador. <\/div><div class=\"clear\"><\/div><\/div><div class=\"iwithtext\"><div class=\"iwt-icon\"> <i class=\"icon-default-style fa fa-server extra-color-3\"><\/i> <\/div><div class=\"iwt-text\"> <strong>SERVER &#8211;<\/strong>\u00a0hospedado en nube o instalado localmente y basado en soluciones open-source. Gestiona los datos para uplink de los gateways (GATEWAY u otra soluci\u00f3n comercial) y agenda el downlink de los datos destinados a la actuaci\u00f3n del nudo. Soporta las principales funciones de un servidor(gesti\u00f3n de usuarios, visualizaci\u00f3n de datos, etc.) y puede ser gestionado remotamente mediante una interfaz web de usuario (UI). <\/div><div class=\"clear\"><\/div><\/div><div class=\"iwithtext\"><div class=\"iwt-icon\"> <i class=\"icon-default-style fa fa-desktop extra-color-3\"><\/i> <\/div><div class=\"iwt-text\"> <strong>MONITOR (UGUI) &#8211;<\/strong>\u00a0interfaz gr\u00e1fica universal del usuario con un dise\u00f1o moderno ideal para estandarizar las interfaces de m\u00e1quinas industriales. Garantiza facilidad de uso y acceso distribuido de cualquier equipo, sea en la propia m\u00e1quina o en un dispositivo m\u00f3vil, separando el capa del display de la capa de operaci\u00f3n funcional de la m\u00e1quina. <\/div><div class=\"clear\"><\/div><\/div>[vc_custom_heading text=&#8221;Aplicaciones&#8221; font_container=&#8221;tag:h3|text_align:left|color:%2340af6a&#8221; use_theme_fonts=&#8221;yes&#8221;][vc_column_text]M\u00e1s adecuado para aplicaciones de la industria 4.0 que requieren muchos y diversos sensores\/actuadores con cobertura de largo alcance para ambientes industriales completos a trav\u00e9s de diferentes protocolos de comunicaci\u00f3n. Los ejemplos incluyen el uso en el proceso de monitoreo de par\u00e1metros y m\u00e9tricas de m\u00e1quina o f\u00e1brica, para su gesti\u00f3n remota y la actuaci\u00f3n de m\u00e1quinas\/dispositivos, entre muchos otros casos de uso de IoT industriales.[\/vc_column_text][\/vc_column][\/vc_row][vc_row type=&#8221;in_container&#8221; full_screen_row_position=&#8221;middle&#8221; column_margin=&#8221;default&#8221; column_direction=&#8221;default&#8221; column_direction_tablet=&#8221;default&#8221; column_direction_phone=&#8221;default&#8221; scene_position=&#8221;center&#8221; text_color=&#8221;dark&#8221; text_align=&#8221;left&#8221; row_border_radius=&#8221;none&#8221; row_border_radius_applies=&#8221;bg&#8221; overflow=&#8221;visible&#8221; overlay_strength=&#8221;0.3&#8243; gradient_direction=&#8221;left_to_right&#8221; shape_divider_position=&#8221;bottom&#8221; bg_image_animation=&#8221;none&#8221;][vc_column column_padding=&#8221;no-extra-padding&#8221; column_padding_tablet=&#8221;inherit&#8221; column_padding_phone=&#8221;inherit&#8221; column_padding_position=&#8221;all&#8221; column_element_direction_desktop=&#8221;default&#8221; column_element_spacing=&#8221;default&#8221; desktop_text_alignment=&#8221;default&#8221; tablet_text_alignment=&#8221;default&#8221; phone_text_alignment=&#8221;default&#8221; background_color_opacity=&#8221;1&#8243; background_hover_color_opacity=&#8221;1&#8243; column_backdrop_filter=&#8221;none&#8221; column_shadow=&#8221;none&#8221; column_border_radius=&#8221;none&#8221; column_link_target=&#8221;_self&#8221; column_position=&#8221;default&#8221; gradient_direction=&#8221;left_to_right&#8221; overlay_strength=&#8221;0.3&#8243; width=&#8221;1\/1&#8243; tablet_width_inherit=&#8221;default&#8221; animation_type=&#8221;default&#8221; bg_image_animation=&#8221;none&#8221; border_type=&#8221;simple&#8221; column_border_width=&#8221;none&#8221; column_border_style=&#8221;solid&#8221;][vc_raw_js]JTNDc2NyaXB0JTNFJTBBdmFyJTIwaW1hZ2VFbGVtZW50JTIwJTNEJTIwZG9jdW1lbnQucXVlcnlTZWxlY3RvciUyOCUyNy5zdG5kLnNraXAtbGF6eS5kYXJrLXZlcnNpb24lMjclMjklM0JpZiUyMCUyOGltYWdlRWxlbWVudCUyOSUyMCU3QiUwQSVDMiVBMCUyMCVDMiVBMCUyMGltYWdlRWxlbWVudC5zcmMlMjAlM0QlMjAlMjdodHRwcyUzQSUyRiUyRmNvbnRyb2xhci5jb20lMkZ3cC1jb250ZW50JTJGdXBsb2FkcyUyRjIwMjAlMkYwMSUyRkNvbnRyb2xhcl9hdXRvbWF0aW9uX3N5c3RlbV9Mb2dvX2NvcmVzLnN2ZyUyNyUzQiUyMCUyRiUyRk1VREFSJTIwTE9HTyUyMEFRVUklMjAlQzIlQTAlMjAlQzIlQTAlMEF2YXIlMjBhbmNob3JFbGVtZW50JTIwJTNEJTIwaW1hZ2VFbGVtZW50LmNsb3Nlc3QlMjglMjdhJTI3JTI5JTNCJTBBJUMyJUEwJTIwJUMyJUEwJTIwaWYlMjAlMjhhbmNob3JFbGVtZW50JTI5JTIwJTdCJTBBJUMyJUEwJTIwJUMyJUEwJTIwJUMyJUEwJTIwJUMyJUEwJTIwYW5jaG9yRWxlbWVudC5ocmVmJTIwJTNEJTIwJTI3aHR0cHMlM0ElMkYlMkZjb250cm9sYXIuY29tJTJGZXMtbXglMkZhcmVhcy1kZS1uZWdvY2lvJTJGc2lzdGVtYXMtZGUtYXV0b21hdGl6YWNpb24lMkYlMjclM0IlMjAlMkYlMkZNVURBUiUyMExJTkslMjBBUVVJJTBBJUMyJUEwJTIwJUMyJUEwJTIwJTdEJTIwZWxzZSUyMCU3QiUwQSVDMiVBMCUyMCVDMiVBMCUyMCVDMiVBMCUyMCVDMiVBMCUyMHZhciUyMG5ld0FuY2hvciUyMCUzRCUyMGRvY3VtZW50LmNyZWF0ZUVsZW1lbnQlMjglMjdhJTI3JTI5JTNCJTBBJUMyJUEwJTIwJUMyJUEwJTIwJUMyJUEwJTIwJUMyJUEwJTIwbmV3QW5jaG9yLmhyZWYlMjAlM0QlMjAlMjdodHRwcyUzQSUyRiUyRmNvbnRyb2xhci5jb20lMkZlcy1teCUyRmFyZWFzLWRlLW5lZ29jaW8lMkZzaXN0ZW1hcy1kZS1hdXRvbWF0aXphY2lvbiUyRiUyNyUzQiUyMCUyRiUyRk1VREFSJTIwTElOSyUyMEFRVUklMEElQzIlQTAlMjAlQzIlQTAlMjAlQzIlQTAlMjAlQzIlQTAlMjBpbWFnZUVsZW1lbnQucGFyZW50Tm9kZS5pbnNlcnRCZWZvcmUlMjhuZXdBbmNob3IlMkMlMjBpbWFnZUVsZW1lbnQlMjklM0IlMEElQzIlQTAlMjAlQzIlQTAlMjAlQzIlQTAlMjAlQzIlQTAlMjBuZXdBbmNob3IuYXBwZW5kQ2hpbGQlMjhpbWFnZUVsZW1lbnQlMjklM0IlMEElQzIlQTAlMjAlQzIlQTAlMjAlN0QlMEElN0QlMEElM0MlMkZzY3JpcHQlM0U=[\/vc_raw_js][\/vc_column][\/vc_row]\n","protected":false},"excerpt":{"rendered":"<p>[vc_row type=&#8221;full_width_background&#8221; full_screen_row_position=&#8221;middle&#8221; column_margin=&#8221;none&#8221; column_direction=&#8221;default&#8221; column_direction_tablet=&#8221;default&#8221; column_direction_phone=&#8221;default&#8221; bg_color=&#8221;#858e92&#8243; scene_position=&#8221;center&#8221; text_color=&#8221;custom&#8221; custom_text_color=&#8221;#919191&#8243; text_align=&#8221;left&#8221; row_border_radius=&#8221;none&#8221; row_border_radius_applies=&#8221;bg&#8221; overflow=&#8221;visible&#8221; overlay_strength=&#8221;0.3&#8243; gradient_direction=&#8221;left_to_right&#8221; shape_divider_position=&#8221;bottom&#8221; bg_image_animation=&#8221;none&#8221; shape_type=&#8221;&#8221; gradient_type=&#8221;default&#8221;][vc_column top_padding_desktop=&#8221;8%&#8221; bottom_padding_desktop=&#8221;2%&#8221; column_element_direction_desktop=&#8221;default&#8221; column_element_spacing=&#8221;default&#8221; desktop_text_alignment=&#8221;default&#8221; tablet_text_alignment=&#8221;default&#8221; phone_text_alignment=&#8221;default&#8221; background_color_opacity=&#8221;1&#8243; background_hover_color_opacity=&#8221;1&#8243;&#8230;<\/p>\n","protected":false},"author":7,"featured_media":0,"parent":3199,"menu_order":0,"comment_status":"closed","ping_status":"closed","template":"","meta":{"_acf_changed":false,"inline_featured_image":false,"footnotes":""},"class_list":["post-5851","page","type-page","status-publish"],"acf":[],"aioseo_notices":[],"_links":{"self":[{"href":"https:\/\/controlar.com\/es-mx\/wp-json\/wp\/v2\/pages\/5851","targetHints":{"allow":["GET"]}}],"collection":[{"href":"https:\/\/controlar.com\/es-mx\/wp-json\/wp\/v2\/pages"}],"about":[{"href":"https:\/\/controlar.com\/es-mx\/wp-json\/wp\/v2\/types\/page"}],"author":[{"embeddable":true,"href":"https:\/\/controlar.com\/es-mx\/wp-json\/wp\/v2\/users\/7"}],"replies":[{"embeddable":true,"href":"https:\/\/controlar.com\/es-mx\/wp-json\/wp\/v2\/comments?post=5851"}],"version-history":[{"count":5,"href":"https:\/\/controlar.com\/es-mx\/wp-json\/wp\/v2\/pages\/5851\/revisions"}],"predecessor-version":[{"id":29141,"href":"https:\/\/controlar.com\/es-mx\/wp-json\/wp\/v2\/pages\/5851\/revisions\/29141"}],"up":[{"embeddable":true,"href":"https:\/\/controlar.com\/es-mx\/wp-json\/wp\/v2\/pages\/3199"}],"wp:attachment":[{"href":"https:\/\/controlar.com\/es-mx\/wp-json\/wp\/v2\/media?parent=5851"}],"curies":[{"name":"wp","href":"https:\/\/api.w.org\/{rel}","templated":true}]}}