{"id":35638,"date":"2025-10-23T22:11:37","date_gmt":"2025-10-23T22:11:37","guid":{"rendered":"https:\/\/controlar.com\/?page_id=35638"},"modified":"2025-12-18T16:03:39","modified_gmt":"2025-12-18T16:03:39","slug":"picai","status":"publish","type":"page","link":"https:\/\/controlar.com\/es-mx\/areas-de-negocio\/sistemas-de-pruebas\/picai\/","title":{"rendered":"PicAI"},"content":{"rendered":"[vc_row type=&#8221;full_width_background&#8221; full_screen_row_position=&#8221;middle&#8221; column_margin=&#8221;none&#8221; column_direction=&#8221;default&#8221; column_direction_tablet=&#8221;default&#8221; column_direction_phone=&#8221;default&#8221; bg_color=&#8221;#858e92&#8243; scene_position=&#8221;center&#8221; text_color=&#8221;custom&#8221; custom_text_color=&#8221;#919191&#8243; text_align=&#8221;left&#8221; row_border_radius=&#8221;none&#8221; row_border_radius_applies=&#8221;bg&#8221; overflow=&#8221;visible&#8221; overlay_strength=&#8221;0.3&#8243; gradient_direction=&#8221;left_to_right&#8221; shape_divider_position=&#8221;bottom&#8221; bg_image_animation=&#8221;none&#8221; shape_type=&#8221;&#8221; gradient_type=&#8221;default&#8221;][vc_column top_padding_desktop=&#8221;8%&#8221; bottom_padding_desktop=&#8221;2%&#8221; column_element_direction_desktop=&#8221;default&#8221; column_element_spacing=&#8221;default&#8221; desktop_text_alignment=&#8221;default&#8221; tablet_text_alignment=&#8221;default&#8221; phone_text_alignment=&#8221;default&#8221; background_color_opacity=&#8221;1&#8243; background_hover_color_opacity=&#8221;1&#8243; column_backdrop_filter=&#8221;none&#8221; column_shadow=&#8221;none&#8221; column_border_radius=&#8221;none&#8221; column_link_target=&#8221;_self&#8221; column_position=&#8221;default&#8221; gradient_direction=&#8221;left_to_right&#8221; overlay_strength=&#8221;0.3&#8243; width=&#8221;1\/1&#8243; tablet_width_inherit=&#8221;default&#8221; animation_type=&#8221;default&#8221; bg_image_animation=&#8221;none&#8221; border_type=&#8221;simple&#8221; column_border_width=&#8221;none&#8221; column_border_style=&#8221;solid&#8221; column_padding_type=&#8221;advanced&#8221; gradient_type=&#8221;default&#8221;][vc_custom_heading source=&#8221;post_title&#8221; font_container=&#8221;tag:h2|text_align:left|color:%23ffffff&#8221; use_theme_fonts=&#8221;yes&#8221;][\/vc_column][\/vc_row][vc_row type=&#8221;in_container&#8221; full_screen_row_position=&#8221;middle&#8221; column_margin=&#8221;50px&#8221; column_direction=&#8221;default&#8221; column_direction_tablet=&#8221;default&#8221; column_direction_phone=&#8221;default&#8221; scene_position=&#8221;center&#8221; text_color=&#8221;custom&#8221; custom_text_color=&#8221;#919191&#8243; text_align=&#8221;left&#8221; row_border_radius=&#8221;none&#8221; row_border_radius_applies=&#8221;bg&#8221; overflow=&#8221;visible&#8221; overlay_strength=&#8221;0.3&#8243; gradient_direction=&#8221;left_to_right&#8221; shape_divider_position=&#8221;bottom&#8221; bg_image_animation=&#8221;none&#8221; shape_type=&#8221;&#8221;][vc_column column_padding=&#8221;no-extra-padding&#8221; column_padding_tablet=&#8221;inherit&#8221; column_padding_phone=&#8221;inherit&#8221; column_padding_position=&#8221;all&#8221; column_element_direction_desktop=&#8221;default&#8221; column_element_spacing=&#8221;default&#8221; desktop_text_alignment=&#8221;default&#8221; tablet_text_alignment=&#8221;default&#8221; phone_text_alignment=&#8221;default&#8221; background_color_opacity=&#8221;1&#8243; background_hover_color_opacity=&#8221;1&#8243; column_backdrop_filter=&#8221;none&#8221; column_shadow=&#8221;none&#8221; column_border_radius=&#8221;none&#8221; column_link_target=&#8221;_self&#8221; column_position=&#8221;default&#8221; gradient_direction=&#8221;left_to_right&#8221; overlay_strength=&#8221;0.3&#8243; width=&#8221;5\/12&#8243; tablet_width_inherit=&#8221;default&#8221; animation_type=&#8221;default&#8221; bg_image_animation=&#8221;none&#8221; border_type=&#8221;simple&#8221; column_border_width=&#8221;none&#8221; column_border_style=&#8221;solid&#8221;][divider line_type=&#8221;No Line&#8221;][vc_custom_heading text=&#8221;Control de Inspecci\u00f3n de Puntos de Test Basado en IA&#8221; font_container=&#8221;tag:h5|text_align:left&#8221; use_theme_fonts=&#8221;yes&#8221; css=&#8221;.vc_custom_1758276994022{margin-top: 30px !important;}&#8221;][\/vc_column][vc_column column_padding=&#8221;no-extra-padding&#8221; column_padding_tablet=&#8221;inherit&#8221; column_padding_phone=&#8221;inherit&#8221; column_padding_position=&#8221;all&#8221; top_margin=&#8221;-50px&#8221; top_margin_phone=&#8221;0&#8243; column_element_direction_desktop=&#8221;default&#8221; column_element_spacing=&#8221;default&#8221; desktop_text_alignment=&#8221;right&#8221; tablet_text_alignment=&#8221;default&#8221; phone_text_alignment=&#8221;default&#8221; background_color_opacity=&#8221;1&#8243; background_hover_color_opacity=&#8221;1&#8243; column_backdrop_filter=&#8221;none&#8221; column_shadow=&#8221;none&#8221; column_border_radius=&#8221;none&#8221; column_link_target=&#8221;_self&#8221; column_position=&#8221;default&#8221; boxed=&#8221;true&#8221; gradient_direction=&#8221;left_to_right&#8221; overlay_strength=&#8221;0.3&#8243; width=&#8221;7\/12&#8243; tablet_width_inherit=&#8221;default&#8221; animation_type=&#8221;default&#8221; bg_image_animation=&#8221;none&#8221; border_type=&#8221;simple&#8221; column_border_width=&#8221;none&#8221; column_border_style=&#8221;solid&#8221; column_padding_type=&#8221;default&#8221; gradient_type=&#8221;default&#8221;][image_with_animation image_url=&#8221;37126&#8243; image_size=&#8221;full&#8221; animation_type=&#8221;entrance&#8221; animation=&#8221;Fade In&#8221; animation_easing=&#8221;default&#8221; animation_movement_type=&#8221;transform_y&#8221; hover_animation=&#8221;none&#8221; alignment=&#8221;center&#8221; border_radius=&#8221;none&#8221; box_shadow=&#8221;none&#8221; image_loading=&#8221;default&#8221; max_width=&#8221;100%&#8221; max_width_mobile=&#8221;default&#8221;][nectar_video_lightbox link_style=&#8221;nectar-button&#8221; nectar_button_color=&#8221;Default-Accent-Color&#8221; video_url=&#8221;https:\/\/www.youtube.com\/watch?v=OVwKNZpkshk&#8221; link_text=&#8221;3D viewer&#8221;][\/vc_column][\/vc_row][vc_row type=&#8221;in_container&#8221; full_screen_row_position=&#8221;middle&#8221; column_margin=&#8221;50px&#8221; column_direction=&#8221;default&#8221; column_direction_tablet=&#8221;default&#8221; column_direction_phone=&#8221;default&#8221; scene_position=&#8221;center&#8221; text_color=&#8221;dark&#8221; text_align=&#8221;left&#8221; row_border_radius=&#8221;none&#8221; row_border_radius_applies=&#8221;bg&#8221; overflow=&#8221;visible&#8221; overlay_strength=&#8221;0.3&#8243; gradient_direction=&#8221;left_to_right&#8221; shape_divider_position=&#8221;bottom&#8221; bg_image_animation=&#8221;none&#8221; shape_type=&#8221;&#8221;][vc_column column_padding=&#8221;no-extra-padding&#8221; column_padding_tablet=&#8221;inherit&#8221; column_padding_phone=&#8221;inherit&#8221; column_padding_position=&#8221;all&#8221; column_element_direction_desktop=&#8221;default&#8221; column_element_spacing=&#8221;default&#8221; desktop_text_alignment=&#8221;default&#8221; tablet_text_alignment=&#8221;default&#8221; phone_text_alignment=&#8221;default&#8221; background_color_opacity=&#8221;1&#8243; background_hover_color_opacity=&#8221;1&#8243; column_backdrop_filter=&#8221;none&#8221; column_shadow=&#8221;none&#8221; column_border_radius=&#8221;none&#8221; column_link_target=&#8221;_self&#8221; column_position=&#8221;default&#8221; el_class=&#8221;product-details&#8221; gradient_direction=&#8221;left_to_right&#8221; overlay_strength=&#8221;0.3&#8243; width=&#8221;1\/1&#8243; tablet_width_inherit=&#8221;default&#8221; animation_type=&#8221;default&#8221; bg_image_animation=&#8221;none&#8221; border_type=&#8221;simple&#8221; column_border_width=&#8221;none&#8221; column_border_style=&#8221;solid&#8221; offset=&#8221;vc_col-lg-5 vc_col-md-6&#8243;][toggles style=&#8221;minimal&#8221; accordion=&#8221;true&#8221; accordion_starting_functionality=&#8221;default&#8221;][toggle color=&#8221;Default&#8221; heading_tag=&#8221;default&#8221; heading_tag_functionality=&#8221;default&#8221; title=&#8221;Caracter\u00edsticas Destacadas&#8221;][vc_column_text]\n<h6><span style=\"font-size: 16px;\">Inspecci\u00f3n automatizada de <em data-start=\"72\" data-end=\"82\">fixtures<\/em> ICT con patente en tr\u00e1mite, ofreciendo una velocidad y precisi\u00f3n inigualables.<\/span><\/h6>\n<hr \/>\n<h6><span style=\"font-size: 16px;\">Inteligencia Artificial Adaptativa para inspeccionar cualquier PCB, reduciendo falsas alarmas y aumentando la fiabilidad.<\/span><\/h6>\n<hr \/>\n<h6><span style=\"font-size: 16px;\">Inspecci\u00f3n simult\u00e1nea a doble cara con c\u00e1maras de alta resoluci\u00f3n y m\u00f3dulos de iluminaci\u00f3n sincronizados.<\/span><\/h6>\n<hr \/>\n<h6><span style=\"font-size: 16px;\">Alta precisi\u00f3n, capaz de detectar desalineaciones sutiles, contactos deficientes y desgaste temprano invisibles a la inspecci\u00f3n manual.<\/span><\/h6>\n<hr \/>\n<h6><span style=\"font-size: 16px;\">Resultados r\u00e1pidos y repetibles, sin variaciones entre operadores.<\/span><\/h6>\n[\/vc_column_text][\/toggle][toggle color=&#8221;Default&#8221; heading_tag=&#8221;default&#8221; heading_tag_functionality=&#8221;default&#8221; title=&#8221;Especificaciones T\u00e9cnicas&#8221;][vc_row_inner equal_height=&#8221;yes&#8221; content_placement=&#8221;middle&#8221; column_margin=&#8221;none&#8221; column_direction=&#8221;default&#8221; column_direction_tablet=&#8221;default&#8221; column_direction_phone=&#8221;default&#8221; text_align=&#8221;left&#8221; row_position=&#8221;default&#8221; row_position_tablet=&#8221;inherit&#8221; row_position_phone=&#8221;inherit&#8221; overflow=&#8221;visible&#8221; pointer_events=&#8221;all&#8221;][vc_column_inner column_padding=&#8221;padding-2-percent&#8221; column_padding_tablet=&#8221;inherit&#8221; column_padding_phone=&#8221;inherit&#8221; column_padding_position=&#8221;all&#8221; column_element_direction_desktop=&#8221;default&#8221; column_element_spacing=&#8221;default&#8221; desktop_text_alignment=&#8221;default&#8221; tablet_text_alignment=&#8221;default&#8221; phone_text_alignment=&#8221;default&#8221; background_color=&#8221;#a2a7aa&#8221; background_color_opacity=&#8221;1&#8243; background_hover_color_opacity=&#8221;1&#8243; column_backdrop_filter=&#8221;none&#8221; font_color=&#8221;#ffffff&#8221; column_shadow=&#8221;none&#8221; column_border_radius=&#8221;none&#8221; column_link_target=&#8221;_self&#8221; overflow=&#8221;visible&#8221; el_class=&#8221;unit-color&#8221; gradient_direction=&#8221;left_to_right&#8221; overlay_strength=&#8221;0.3&#8243; width=&#8221;1\/3&#8243; tablet_width_inherit=&#8221;default&#8221; animation_type=&#8221;default&#8221; bg_image_animation=&#8221;none&#8221; border_type=&#8221;simple&#8221; column_border_width=&#8221;none&#8221; column_border_style=&#8221;solid&#8221; offset=&#8221;vc_col-xs-4&#8243;][vc_column_text]<strong>Dimensiones<br \/>\n<\/strong>(en mm)[\/vc_column_text][\/vc_column_inner][vc_column_inner column_padding=&#8221;padding-2-percent&#8221; column_padding_tablet=&#8221;inherit&#8221; column_padding_phone=&#8221;inherit&#8221; column_padding_position=&#8221;all&#8221; column_element_direction_desktop=&#8221;default&#8221; column_element_spacing=&#8221;default&#8221; desktop_text_alignment=&#8221;default&#8221; tablet_text_alignment=&#8221;default&#8221; phone_text_alignment=&#8221;default&#8221; background_color_opacity=&#8221;1&#8243; background_hover_color_opacity=&#8221;1&#8243; column_backdrop_filter=&#8221;none&#8221; column_shadow=&#8221;none&#8221; column_border_radius=&#8221;none&#8221; column_link_target=&#8221;_self&#8221; overflow=&#8221;visible&#8221; gradient_direction=&#8221;left_to_right&#8221; overlay_strength=&#8221;0.3&#8243; width=&#8221;2\/3&#8243; tablet_width_inherit=&#8221;default&#8221; animation_type=&#8221;default&#8221; bg_image_animation=&#8221;none&#8221; border_type=&#8221;simple&#8221; column_border_width=&#8221;none&#8221; column_border_style=&#8221;solid&#8221; offset=&#8221;vc_col-xs-8&#8243;][vc_column_text]1050 (A) x 1150 (L) x 1600 (Al)[\/vc_column_text][\/vc_column_inner][\/vc_row_inner][vc_row_inner equal_height=&#8221;yes&#8221; content_placement=&#8221;middle&#8221; column_margin=&#8221;none&#8221; column_direction=&#8221;default&#8221; column_direction_tablet=&#8221;default&#8221; column_direction_phone=&#8221;default&#8221; text_align=&#8221;left&#8221; row_position=&#8221;default&#8221; row_position_tablet=&#8221;inherit&#8221; row_position_phone=&#8221;inherit&#8221; overflow=&#8221;visible&#8221; pointer_events=&#8221;all&#8221;][vc_column_inner column_padding=&#8221;padding-2-percent&#8221; column_padding_tablet=&#8221;inherit&#8221; column_padding_phone=&#8221;inherit&#8221; column_padding_position=&#8221;all&#8221; column_element_direction_desktop=&#8221;default&#8221; column_element_spacing=&#8221;default&#8221; desktop_text_alignment=&#8221;default&#8221; tablet_text_alignment=&#8221;default&#8221; phone_text_alignment=&#8221;default&#8221; background_color=&#8221;#a2a7aa&#8221; background_color_opacity=&#8221;1&#8243; background_hover_color_opacity=&#8221;1&#8243; column_backdrop_filter=&#8221;none&#8221; font_color=&#8221;#ffffff&#8221; column_shadow=&#8221;none&#8221; column_border_radius=&#8221;none&#8221; column_link_target=&#8221;_self&#8221; overflow=&#8221;visible&#8221; el_class=&#8221;unit-color&#8221; gradient_direction=&#8221;left_to_right&#8221; overlay_strength=&#8221;0.3&#8243; width=&#8221;1\/3&#8243; tablet_width_inherit=&#8221;default&#8221; animation_type=&#8221;default&#8221; bg_image_animation=&#8221;none&#8221; border_type=&#8221;simple&#8221; column_border_width=&#8221;none&#8221; column_border_style=&#8221;solid&#8221; offset=&#8221;vc_col-xs-4&#8243;][vc_column_text]<strong>Suministro El\u00e9ctrico<\/strong><br \/>\nVoltaje<br \/>\nFrecuencia<br \/>\nCorriente[\/vc_column_text][\/vc_column_inner][vc_column_inner column_padding=&#8221;padding-2-percent&#8221; column_padding_tablet=&#8221;inherit&#8221; column_padding_phone=&#8221;inherit&#8221; column_padding_position=&#8221;all&#8221; column_element_direction_desktop=&#8221;default&#8221; column_element_spacing=&#8221;default&#8221; desktop_text_alignment=&#8221;default&#8221; tablet_text_alignment=&#8221;default&#8221; phone_text_alignment=&#8221;default&#8221; background_color_opacity=&#8221;1&#8243; background_hover_color_opacity=&#8221;1&#8243; column_backdrop_filter=&#8221;none&#8221; column_shadow=&#8221;none&#8221; column_border_radius=&#8221;none&#8221; column_link_target=&#8221;_self&#8221; overflow=&#8221;visible&#8221; gradient_direction=&#8221;left_to_right&#8221; overlay_strength=&#8221;0.3&#8243; width=&#8221;2\/3&#8243; tablet_width_inherit=&#8221;default&#8221; animation_type=&#8221;default&#8221; bg_image_animation=&#8221;none&#8221; border_type=&#8221;simple&#8221; column_border_width=&#8221;none&#8221; column_border_style=&#8221;solid&#8221; offset=&#8221;vc_col-xs-8&#8243;][vc_column_text]230V<br \/>\n50 Hz<br \/>\n25 A[\/vc_column_text][\/vc_column_inner][\/vc_row_inner][\/toggle][toggle color=&#8221;Default&#8221; heading_tag=&#8221;default&#8221; heading_tag_functionality=&#8221;default&#8221; title=&#8221;Galer\u00eda&#8221;][vc_gallery type=&#8221;flexslider_style&#8221; images=&#8221;35648,35652,35656,35660,35210&#8243; onclick=&#8221;link_no&#8221;][\/toggle][toggle color=&#8221;Default&#8221; heading_tag=&#8221;default&#8221; heading_tag_functionality=&#8221;default&#8221; title=&#8221;Descargas&#8221;]<div class=\"nectar-fancy-ul\" data-list-icon=\"fa fa-arrow-circle-o-down\" data-animation=\"false\" data-animation-delay=\"0\" data-color=\"extra-color-2\" data-spacing=\"default\" data-alignment=\"left\"> \n<ul>\n<li><a href=\"https:\/\/controlar.com\/wp-content\/uploads\/2025\/10\/Mod._239PICAI.EN_.D.pdf\" target=\"_blank\" rel=\"noopener\">Hoja de producto<\/a> (en ingl\u00e9s)<\/li>\n<li><a href=\"https:\/\/controlar.com\/wp-content\/uploads\/2026\/02\/Mod._238TS.EN_.D8_Test_Systems_Solutions.pdf\" target=\"_blank\" rel=\"noopener\">Brochura<\/a> (en ingl\u00e9s)<\/li>\n<\/ul>\n <\/div>[\/toggle][\/toggles][vc_video link=&#8221;https:\/\/www.youtube.com\/watch?v=6H-naNd4ooQ&#8221;]<div class=\"iwithtext\"><div class=\"iwt-icon\"> <i class=\"icon-default-style fa fa-envelope-o extra-color-2\"><\/i> <\/div><div class=\"iwt-text\"> Para informaci\u00f3n adicional, por favor contactad con <a href=\"mailto:info@pt.controlar.com\">info@pt.controlar.com<\/a> <\/div><div class=\"clear\"><\/div><\/div>[\/vc_column][vc_column column_padding=&#8221;no-extra-padding&#8221; column_padding_tablet=&#8221;inherit&#8221; column_padding_phone=&#8221;inherit&#8221; column_padding_position=&#8221;all&#8221; column_element_direction_desktop=&#8221;default&#8221; column_element_spacing=&#8221;default&#8221; desktop_text_alignment=&#8221;default&#8221; tablet_text_alignment=&#8221;default&#8221; phone_text_alignment=&#8221;default&#8221; background_color_opacity=&#8221;1&#8243; background_hover_color_opacity=&#8221;1&#8243; column_backdrop_filter=&#8221;none&#8221; column_shadow=&#8221;none&#8221; column_border_radius=&#8221;none&#8221; column_link_target=&#8221;_self&#8221; column_position=&#8221;default&#8221; gradient_direction=&#8221;left_to_right&#8221; overlay_strength=&#8221;0.3&#8243; width=&#8221;1\/1&#8243; tablet_width_inherit=&#8221;default&#8221; animation_type=&#8221;default&#8221; bg_image_animation=&#8221;none&#8221; border_type=&#8221;simple&#8221; column_border_width=&#8221;none&#8221; column_border_style=&#8221;solid&#8221; offset=&#8221;vc_col-lg-7 vc_col-md-6&#8243;][vc_custom_heading text=&#8221;Caracter\u00edsticas Generales&#8221; font_container=&#8221;tag:h3|text_align:left|color:%2392d2e4&#8243; use_theme_fonts=&#8221;yes&#8221;][vc_column_text]\n<p data-start=\"95\" data-end=\"288\"><strong data-start=\"95\" data-end=\"141\">PicAI \u2013 Control de Inspecci\u00f3n de Puntos de Test basado en IA<\/strong>\u00a0es el primer sistema de inspecci\u00f3n de sondas totalmente automatizado del mundo, dise\u00f1ado para eliminar la verificaci\u00f3n manual de <em data-start=\"271\" data-end=\"281\">fixtures<\/em> ICT.<\/p>\n<p data-start=\"290\" data-end=\"515\">Con una tecnolog\u00eda pendiente de patente, PicAI combina un m\u00f3dulo de visi\u00f3n de doble cara con Inteligencia Artificial (IA) adaptativa para analizar las marcas de las sondas y verificar su conformidad con rapidez y precisi\u00f3n.<\/p>\n<p data-start=\"517\" data-end=\"731\">El sistema captura toda la PCB en una sola pasada, detectando las perforaciones en cada <em data-start=\"605\" data-end=\"617\">Test Point<\/em> (TP) y midiendo las desviaciones respecto al centro del TP con una precisi\u00f3n de aproximadamente 7 \u03bcm por p\u00edxel.<\/p>\n<p data-start=\"733\" data-end=\"949\">Todos los datos de inspecci\u00f3n se transforman en informes inteligentes, que incluyen an\u00e1lisis estad\u00edstico, trazabilidad completa y monitoreo de tendencias, lo que permite una toma de decisiones m\u00e1s r\u00e1pida y precisa.<\/p>\n[\/vc_column_text][vc_custom_heading text=&#8221;Configuraci\u00f3n&#8221; font_container=&#8221;tag:h3|text_align:left|color:%2392d2e4&#8243; use_theme_fonts=&#8221;yes&#8221;][vc_column_text]\n<ul class=\"ul1\">\n<li style=\"padding-bottom: 16px;\"><b>Hardware: <\/b>Unidad compacta y todo en uno, construida con materiales de grado industrial y alta resistencia para garantizar una durabilidad a largo plazo en entornos de producci\u00f3n exigentes.<\/li>\n<li style=\"padding-bottom: 16px;\"><b>Sistema \u00d3ptico:<\/b>\u00a0Sistema integrado con c\u00e1maras lineales de alta resoluci\u00f3n y m\u00f3dulos de iluminaci\u00f3n sincronizados para una inspecci\u00f3n precisa y simult\u00e1nea de las caras superior e inferior de la PCB.<\/li>\n<li style=\"padding-bottom: 16px;\"><b>Software: <\/b>Software basado en PC con una interfaz f\u00e1cil de usar y an\u00e1lisis impulsado por IA para generar informes detallados, trazabilidad y optimizaci\u00f3n de procesos.<\/li>\n<li style=\"padding-bottom: 16px;\"><b>Visi\u00f3n Artificial Adaptativa: <\/b>Reconocimiento impulsado por IA que ajusta autom\u00e1ticamente los par\u00e1metros de inspecci\u00f3n para minimizar detecciones falsas, garantizando compatibilidad con PCBs de cualquier tama\u00f1o, color o material.<\/li>\n<\/ul>\n[\/vc_column_text][vc_custom_heading text=&#8221;Principales Aplicaciones&#8221; font_container=&#8221;tag:h3|text_align:left|color:%2392d2e4&#8243; use_theme_fonts=&#8221;yes&#8221;][vc_column_text]\n<p data-start=\"46\" data-end=\"181\">La versatilidad de <strong data-start=\"65\" data-end=\"74\">PicAI<\/strong> lo convierte en la soluci\u00f3n ideal para m\u00faltiples etapas del ciclo de vida de la fabricaci\u00f3n electr\u00f3nica.<\/p>\n<p data-start=\"183\" data-end=\"406\">En la planta de producci\u00f3n, act\u00faa como un punto de <strong>control de calidad cr\u00edtico<\/strong>, garantizando que los <em data-start=\"283\" data-end=\"293\">fixtures<\/em> ICT est\u00e9n perfectamente alineados con las PCBs y detectando defectos antes de que generen costosos retrabajos.<\/p>\n<p data-start=\"408\" data-end=\"564\">En I+D y dise\u00f1o, proporciona <strong>datos precisos sobre el rendimiento de los <em data-start=\"480\" data-end=\"490\">fixtures<\/em><\/strong>, acelerando el desarrollo de PCBs y ayudando a prevenir fallos futuros.<\/p>\n<p data-start=\"566\" data-end=\"790\">En \u00faltima instancia, PicAI ofrece <strong>datos e informes de inspecci\u00f3n objetivos y repetibles<\/strong>, lo que permite a los equipos de calidad mantener est\u00e1ndares consistentes y cumplir con las normativas en cada lote de producci\u00f3n.<\/p>\n[\/vc_column_text][\/vc_column][\/vc_row][vc_row type=&#8221;in_container&#8221; full_screen_row_position=&#8221;middle&#8221; column_margin=&#8221;default&#8221; column_direction=&#8221;default&#8221; column_direction_tablet=&#8221;default&#8221; column_direction_phone=&#8221;default&#8221; scene_position=&#8221;center&#8221; text_color=&#8221;dark&#8221; text_align=&#8221;left&#8221; row_border_radius=&#8221;none&#8221; row_border_radius_applies=&#8221;bg&#8221; overflow=&#8221;visible&#8221; overlay_strength=&#8221;0.3&#8243; gradient_direction=&#8221;left_to_right&#8221; shape_divider_position=&#8221;bottom&#8221; bg_image_animation=&#8221;none&#8221;][vc_column column_padding=&#8221;no-extra-padding&#8221; column_padding_tablet=&#8221;inherit&#8221; column_padding_phone=&#8221;inherit&#8221; column_padding_position=&#8221;all&#8221; column_element_direction_desktop=&#8221;default&#8221; column_element_spacing=&#8221;default&#8221; desktop_text_alignment=&#8221;default&#8221; tablet_text_alignment=&#8221;default&#8221; phone_text_alignment=&#8221;default&#8221; background_color_opacity=&#8221;1&#8243; background_hover_color_opacity=&#8221;1&#8243; column_backdrop_filter=&#8221;none&#8221; column_shadow=&#8221;none&#8221; column_border_radius=&#8221;none&#8221; column_link_target=&#8221;_self&#8221; column_position=&#8221;default&#8221; gradient_direction=&#8221;left_to_right&#8221; overlay_strength=&#8221;0.3&#8243; width=&#8221;1\/1&#8243; tablet_width_inherit=&#8221;default&#8221; animation_type=&#8221;default&#8221; bg_image_animation=&#8221;none&#8221; border_type=&#8221;simple&#8221; column_border_width=&#8221;none&#8221; column_border_style=&#8221;solid&#8221;][vc_raw_js]JTNDc2NyaXB0JTNFJTBBdmFyJTIwaW1hZ2VFbGVtZW50JTIwJTNEJTIwZG9jdW1lbnQucXVlcnlTZWxlY3RvciUyOCUyNy5zdG5kLnNraXAtbGF6eS5kYXJrLXZlcnNpb24lMjclMjklM0JpZiUyMCUyOGltYWdlRWxlbWVudCUyOSUyMCU3QiUwQSUyMCUyMCUyMCUyMGltYWdlRWxlbWVudC5zcmMlMjAlM0QlMjAlMjdodHRwcyUzQSUyRiUyRmNvbnRyb2xhci5jb20lMkZ3cC1jb250ZW50JTJGdXBsb2FkcyUyRjIwMjAlMkYwMSUyRkNvbnRyb2xhcl90ZXN0ZV9zeXN0ZW1fTG9nb19jb3Jlcy5zdmclMjclM0IlMjAlMkYlMkZNVURBUiUyMExPR08lMjBBUVVJJTIwJTIwJTIwJTIwJTBBdmFyJTIwYW5jaG9yRWxlbWVudCUyMCUzRCUyMGltYWdlRWxlbWVudC5jbG9zZXN0JTI4JTI3YSUyNyUyOSUzQiUwQSUyMCUyMCUyMCUyMGlmJTIwJTI4YW5jaG9yRWxlbWVudCUyOSUyMCU3QiUwQSUyMCUyMCUyMCUyMCUyMCUyMCUyMCUyMGFuY2hvckVsZW1lbnQuaHJlZiUyMCUzRCUyMCUyN2h0dHBzJTNBJTJGJTJGY29udHJvbGFyLmNvbSUyRmVzLW14JTJGYXJlYXMtZGUtbmVnb2NpbyUyRnNpc3RlbWFzLWRlLWF1dG9tYXRpemFjaW9uJTJGJTI3JTNCJTIwJTJGJTJGTVVEQVIlMjBMSU5LJTIwQVFVSSUwQSUyMCUyMCUyMCUyMCU3RCUyMGVsc2UlMjAlN0IlMEElMjAlMjAlMjAlMjAlMjAlMjAlMjAlMjB2YXIlMjBuZXdBbmNob3IlMjAlM0QlMjBkb2N1bWVudC5jcmVhdGVFbGVtZW50JTI4JTI3YSUyNyUyOSUzQiUwQSUyMCUyMCUyMCUyMCUyMCUyMCUyMCUyMG5ld0FuY2hvci5ocmVmJTIwJTNEJTIwJTI3aHR0cHMlM0ElMkYlMkZjb250cm9sYXIuY29tJTJGZXMtbXglMkZhcmVhcy1kZS1uZWdvY2lvJTJGc2lzdGVtYXMtZGUtYXV0b21hdGl6YWNpb24lMkYlMjclM0IlMjAlMkYlMkZNVURBUiUyMExJTkslMjBBUVVJJTBBJTIwJTIwJTIwJTIwJTIwJTIwJTIwJTIwaW1hZ2VFbGVtZW50LnBhcmVudE5vZGUuaW5zZXJ0QmVmb3JlJTI4bmV3QW5jaG9yJTJDJTIwaW1hZ2VFbGVtZW50JTI5JTNCJTBBJTIwJTIwJTIwJTIwJTIwJTIwJTIwJTIwbmV3QW5jaG9yLmFwcGVuZENoaWxkJTI4aW1hZ2VFbGVtZW50JTI5JTNCJTBBJTIwJTIwJTIwJTIwJTdEJTBBJTdEJTBBJTNDJTJGc2NyaXB0JTNF[\/vc_raw_js][\/vc_column][\/vc_row]\n","protected":false},"excerpt":{"rendered":"<p>[vc_row type=&#8221;full_width_background&#8221; full_screen_row_position=&#8221;middle&#8221; column_margin=&#8221;none&#8221; column_direction=&#8221;default&#8221; column_direction_tablet=&#8221;default&#8221; column_direction_phone=&#8221;default&#8221; bg_color=&#8221;#858e92&#8243; scene_position=&#8221;center&#8221; text_color=&#8221;custom&#8221; custom_text_color=&#8221;#919191&#8243; text_align=&#8221;left&#8221; row_border_radius=&#8221;none&#8221; row_border_radius_applies=&#8221;bg&#8221; overflow=&#8221;visible&#8221; overlay_strength=&#8221;0.3&#8243; gradient_direction=&#8221;left_to_right&#8221; shape_divider_position=&#8221;bottom&#8221; bg_image_animation=&#8221;none&#8221; shape_type=&#8221;&#8221; gradient_type=&#8221;default&#8221;][vc_column top_padding_desktop=&#8221;8%&#8221; bottom_padding_desktop=&#8221;2%&#8221; column_element_direction_desktop=&#8221;default&#8221; column_element_spacing=&#8221;default&#8221; desktop_text_alignment=&#8221;default&#8221; tablet_text_alignment=&#8221;default&#8221; phone_text_alignment=&#8221;default&#8221; background_color_opacity=&#8221;1&#8243; background_hover_color_opacity=&#8221;1&#8243;&#8230;<\/p>\n","protected":false},"author":4,"featured_media":0,"parent":3206,"menu_order":0,"comment_status":"closed","ping_status":"closed","template":"","meta":{"_acf_changed":false,"inline_featured_image":false,"footnotes":""},"class_list":["post-35638","page","type-page","status-publish"],"acf":[],"aioseo_notices":[],"_links":{"self":[{"href":"https:\/\/controlar.com\/es-mx\/wp-json\/wp\/v2\/pages\/35638","targetHints":{"allow":["GET"]}}],"collection":[{"href":"https:\/\/controlar.com\/es-mx\/wp-json\/wp\/v2\/pages"}],"about":[{"href":"https:\/\/controlar.com\/es-mx\/wp-json\/wp\/v2\/types\/page"}],"author":[{"embeddable":true,"href":"https:\/\/controlar.com\/es-mx\/wp-json\/wp\/v2\/users\/4"}],"replies":[{"embeddable":true,"href":"https:\/\/controlar.com\/es-mx\/wp-json\/wp\/v2\/comments?post=35638"}],"version-history":[{"count":6,"href":"https:\/\/controlar.com\/es-mx\/wp-json\/wp\/v2\/pages\/35638\/revisions"}],"predecessor-version":[{"id":38282,"href":"https:\/\/controlar.com\/es-mx\/wp-json\/wp\/v2\/pages\/35638\/revisions\/38282"}],"up":[{"embeddable":true,"href":"https:\/\/controlar.com\/es-mx\/wp-json\/wp\/v2\/pages\/3206"}],"wp:attachment":[{"href":"https:\/\/controlar.com\/es-mx\/wp-json\/wp\/v2\/media?parent=35638"}],"curies":[{"name":"wp","href":"https:\/\/api.w.org\/{rel}","templated":true}]}}