{"id":3491,"date":"2020-01-06T15:52:06","date_gmt":"2020-01-06T15:52:06","guid":{"rendered":"https:\/\/controlar.com\/politica-privacidade\/"},"modified":"2025-04-09T08:31:13","modified_gmt":"2025-04-09T08:31:13","slug":"politica-privacidad","status":"publish","type":"page","link":"https:\/\/controlar.com\/es-mx\/politica-privacidad\/","title":{"rendered":"Pol\u00edtica de Privacidad y Protecci\u00f3n de Datos Personales"},"content":{"rendered":"[vc_row type=&#8221;in_container&#8221; full_screen_row_position=&#8221;middle&#8221; column_margin=&#8221;default&#8221; column_direction=&#8221;default&#8221; column_direction_tablet=&#8221;default&#8221; column_direction_phone=&#8221;default&#8221; scene_position=&#8221;center&#8221; text_color=&#8221;dark&#8221; text_align=&#8221;left&#8221; row_border_radius=&#8221;none&#8221; row_border_radius_applies=&#8221;bg&#8221; overflow=&#8221;visible&#8221; overlay_strength=&#8221;0.3&#8243; gradient_direction=&#8221;left_to_right&#8221; shape_divider_position=&#8221;bottom&#8221; bg_image_animation=&#8221;none&#8221;][vc_column column_padding=&#8221;no-extra-padding&#8221; column_padding_tablet=&#8221;inherit&#8221; column_padding_phone=&#8221;inherit&#8221; column_padding_position=&#8221;all&#8221; column_element_direction_desktop=&#8221;default&#8221; column_element_spacing=&#8221;default&#8221; desktop_text_alignment=&#8221;default&#8221; tablet_text_alignment=&#8221;default&#8221; phone_text_alignment=&#8221;default&#8221; background_color_opacity=&#8221;1&#8243; background_hover_color_opacity=&#8221;1&#8243; column_backdrop_filter=&#8221;none&#8221; column_shadow=&#8221;none&#8221; column_border_radius=&#8221;none&#8221; column_link_target=&#8221;_self&#8221; column_position=&#8221;default&#8221; gradient_direction=&#8221;left_to_right&#8221; overlay_strength=&#8221;0.3&#8243; width=&#8221;1\/1&#8243; tablet_width_inherit=&#8221;default&#8221; animation_type=&#8221;default&#8221; bg_image_animation=&#8221;none&#8221; border_type=&#8221;simple&#8221; column_border_width=&#8221;none&#8221; column_border_style=&#8221;solid&#8221;][vc_custom_heading text=&#8221;Pol\u00edtica de Privacidad&#8221; font_container=&#8221;tag:h2|font_size:50|text_align:left|color:%230091d1&#8243; use_theme_fonts=&#8221;yes&#8221;][divider line_type=&#8221;No Line&#8221; custom_height=&#8221;100px&#8221;][vc_column_text]Controlar &#8211; Electr\u00f3nica Industrial e Sistemas, S.A., est\u00e1 empe\u00f1ada en el cumplimiento del <strong>Reglamento General de Protecci\u00f3n de Datos (RGDP) de la Uni\u00f3n Europea<\/strong>, asegurando la protecci\u00f3n de datos personales y reforzando la relaci\u00f3n de confianza que la compromete con sus clientes.<\/p>\n<p>Esta Pol\u00edtica de Privacidad y Protecci\u00f3n de Datos Personales consiste en presentar la informaci\u00f3n que recogemos y la forma en que podemos utilizarla, adem\u00e1s de las reglas de seguridad adoptadas para proteger su identidad y sus datos personales.<\/p>\n<p>Controlar &#8211; Electr\u00f3nica Industrial e Sistemas, S.A., se reserva el derecho de alterar su Pol\u00edtica de Privacidad y Protecci\u00f3n de Datos Personales, por lo que le invitamos a consultar regularmente el presente documento.<\/p>\n<p>Por favor note que la presente Pol\u00edtica de Privacidad y Protecci\u00f3n de Datos Personales se aplica a la informaci\u00f3n recogida exclusivamente por Controlar &#8211; Electr\u00f3nica Industrial e Sistemas, S.A., por lo que no se extiende a la informaci\u00f3n que pueda haber proporcionado en otros sitios o plataformas sociales gestionadas por otras entidades u organizaciones.<\/p>\n<p><strong>1. Responsable del tratamiento de datos<\/strong><br \/>\nControlar &#8211; Electr\u00f3nica Industrial e Sistemas, S.A., NIPC 503349283, NISS 20006195965, con sede en Rua do Caulino n.\u00b0 314, Freguesia de Alfena , concelho de Valongo, Portugal.<\/p>\n<p><strong>2. Datos personales<\/strong><br \/>\nEn los t\u00e9rminos del RGPD, son considerados datos personales toda la informaci\u00f3n relativa a una persona singular identificada o identificable (denominado \u201ctitular de los datos\u201d). Es considerada identificable una persona que pueda ser identificada, directa o indirectamente, en especial con referencia a un identificador, como puede ser el nombre, n\u00famero de identificaci\u00f3n, datos de localizaci\u00f3n, direcci\u00f3n IP (protocolo de internet), cookies, identificadores por v\u00eda electr\u00f3nica o uno o m\u00e1s elementos espec\u00edficos de identidad f\u00edsica, fisiol\u00f3gica, gen\u00e9tica, mental, econ\u00f3mica, cultural o social de esa persona en particular. Tambi\u00e9n constituyen datos personales el conjunto de otros datos que puedan llevar a la identificaci\u00f3n de una determinada persona.<\/p>\n<p><strong>3. Titular de datos personales<\/strong><br \/>\nEl titular de datos personales es la persona particular a quien se refieren los datos y que utiliz\u00f3 el sitio de Controlar &#8211; Electr\u00f3nica Industrial e Sistemas, S.A.<\/p>\n<p><strong>4. Categor\u00edas de datos personales y finalidades<\/strong><br \/>\nControlar &#8211; Electr\u00f3nica Industrial e Sistemas, S.A., recoge diferentes categor\u00edas de datos:<br \/>\nNombre;<br \/>\nDirecci\u00f3n de correo electr\u00f3nico<br \/>\nTel\u00e9fono;<br \/>\nLocalidad;<br \/>\nFormaci\u00f3n profesional;<br \/>\n<em>Curriculum Vitae.<\/em><\/p>\n<p>Los datos son recabados y tratados para diferentes finalidades. Entre otras, recogemos y tratamos datos para el formulario de contacto, cuando recibe o env\u00eda mensajes de correo electr\u00f3nico y\/o cuando suscribe servicios que exigen registro, env\u00edo de invitaciones para eventos de Controlar &#8211; Electr\u00f3nica Industrial e Sistemas, S.A., o de entidades asociadas e identificaci\u00f3n de visitantes, suscripci\u00f3n al newsletter y posibles acciones de marketing de Controlar &#8211; Electr\u00f3nica Industrial e Sistemas, S.A., env\u00edo de candidaturas, as\u00ed como para entrar en contacto con usted.<\/p>\n<p>Controlar &#8211; Electr\u00f3nica Industrial e Sistemas, S.A., solicita el consentimiento expreso del visitante de su sitio antes de utilizar los datos personales para finalidades diferentes de las previstas en la presente Pol\u00edtica de Privacidad y Protecci\u00f3n de Datos Personales.<\/p>\n<p><strong>5. Encargado de la Protecci\u00f3n de Datos<\/strong><br \/>\nControlar &#8211; Electr\u00f3nica Industrial e Sistemas, S.A., tiene un Encargado de la Protecci\u00f3n de Datos (EPD o Data Protection Officer), cuyas funciones son informar y aconsejar al responsable del tratamiento o al subcontratista, as\u00ed como a sus trabajadores, sobre las respectivas obligaciones en t\u00e9rminos de la ley de protecci\u00f3n de datos; controlar el cumplimiento, por parte de la organizaci\u00f3n, de toda la legislaci\u00f3n relacionada con la protecci\u00f3n de datos, especialmente en auditor\u00edas, actividades de sensibilizaci\u00f3n y formaci\u00f3n del personal implicado en las operaciones de tratamiento; prestar consejer\u00eda siempre que haya sido realizada una evaluaci\u00f3n de impacto de protecci\u00f3n de datos y controlar su realizaci\u00f3n; actuar como punto de contacto para pedidos relativos al tratamiento de sus datos personales, reclamaciones y ejercicio de sus derechos; cooperar con las autoridades de control (Comisi\u00f3n Nacional de Protecci\u00f3n de Datos de Portugal &#8211; CNPD) y actuar como punto de contacto de la misma sobre cuestiones relacionadas con el tratamiento de datos personales.<\/p>\n<p>El Encargado de Protecci\u00f3n de Datos de Controlar &#8211; Electr\u00f3nica Industrial e Sistemas, S.A. puede ser contactado a trav\u00e9s del correo <a href=\"mailto:dpo@pt.controlar.com\">dpo@pt.controlar.com<\/a><\/p>\n<p><strong>6. Tiempo y modo de conservaci\u00f3n de datos personales<\/strong><br \/>\nControlar &#8211; Electr\u00f3nica Industrial e Sistemas, S.A. trata y conserva sus datos personales conforme las finalidades para la que estos son recogidos y tratados, y apenas por el periodo necesario para el cumplimiento de las finalidades que motivaron su colecta.<\/p>\n<p>En los t\u00e9rminos de la ley, Controlar &#8211; Electr\u00f3nica Industrial e Sistemas, S.A., podr\u00e1 conservar los datos por un periodo m\u00ednimo: un a\u00f1o, para los datos de tr\u00e1fico y localizaci\u00f3n para efectos de investigaci\u00f3n, detecci\u00f3n y reprensi\u00f3n de cr\u00edmenes graves; 10 a\u00f1os, para informaci\u00f3n ante la Autoridad Tributaria para efectos de contabilidad o fiscales.<\/p>\n<p>La informaci\u00f3n que nos proporciona al visitar nuestro sitio web est\u00e1 protegida en el \u00e1mbito de implementaci\u00f3n de varias medidas de seguridad, especialmente a trav\u00e9s del acceso condicionado y la salvaguarda de la confidencialidad de la informaci\u00f3n.<\/p>\n<p>Sin embargo, alertamos que al proporcionar informaci\u00f3n personal en l\u00ednea, existe un riesgo de que terceros puedan interceptar y utilizar esta informaci\u00f3n, lo que en t\u00e9rminos de seguridad de cualquier informaci\u00f3n que divulgue en l\u00ednea, ser\u00e1 por cuenta propia y bajo su propio riesgo.<\/p>\n<p>Para mayor privacidad, aconsejamos que no incluya datos personales, especialmente sensibles, y\/o confidenciales en los correos electr\u00f3nicos que nos env\u00eda. Por favor, no nos mande v\u00eda electr\u00f3nica n\u00fameros de tarjeta de cr\u00e9dito o cualquier informaci\u00f3n personal sensible.<\/p>\n<p>No recabamos conscientemente informaci\u00f3n personal de menores de edad. En tanto padre, madre o responsable legal de una persona menor, no permita que sus hijas\/os env\u00eden informaci\u00f3n personal sin su expresa autorizaci\u00f3n.<\/p>\n<p><strong>7. Uso de cookies<\/strong><br \/>\nPodemos usar tecnolog\u00edas como cookies para registrar informaci\u00f3n de sesi\u00f3n, recabar visitas y acceder a detalles de nuestro sitio web que nos permiten mejorar nuestros servicios y proveer recursos mejores y m\u00e1s \u00fatiles a los usuarios y visitantes de nuestro sitio.<\/p>\n<p>Los cookies son piezas de informaci\u00f3n que son utilizadas normalmente por muchos sitios para fines de mantener registros que pueden ayudar a recordar, por ejemplo, sus preferencias. Un cookie, por s\u00ed solo, no identifica personalmente a ning\u00fan usuario o visitante.<\/p>\n<p>En caso de que lo desee, podr\u00e1 desactivar todos los cookies. Tambi\u00e9n puede hacer que su computadora le notifique sobre el uso de cookies. En ambos casos, debe ajustar la configuraci\u00f3n de su navegador.<\/p>\n<p><strong>8. Enlaces de terceros<\/strong><br \/>\nNote, por favor, que a pesar de encontrarse en un sitio web operado por nosotros, podr\u00e1 tambi\u00e9n ser dirigido a enlaces de sitios web de terceros. Estos sitios de terceros tienen pol\u00edticas de privacidad separadas e independientes. Estas pol\u00edticas no son gestionadas ni controladas por Controlar &#8211; Electr\u00f3nica Industrial e Sistemas, S.A., por lo que no asumimos cualquier responsabilidad por el contenido y actividades de esos sitios web. No obstante, procuramos proteger la integridad de nuestro sitio y de nuestras plataformas, y agradeceremos que nos contacte en caso de que desee darnos sus comentarios sobre los mismos. De la misma manera, le recomendamos que lea atentamente los t\u00e9rminos y condiciones y las pol\u00edticas de privacidad de esos sitios antes de compartir cualquier informaci\u00f3n o datos personales.<\/p>\n<p><strong>9. Su consentimiento<\/strong><br \/>\nAl utilizar nuestro sitio web, concuerda con nuestra Pol\u00edtica de Privacidad y Protecci\u00f3n de Datos.<\/p>\n<p><strong>10. Inter\u00e9s leg\u00edtimo<\/strong><br \/>\nSeg\u00fan el Art\u00edculo 6(1)(f) del GDPR, junto con el Considerando 47 del pre\u00e1mbulo de la misma ley, el tratamiento de datos personales de los sujetos de datos se considera legal cuando existe un inter\u00e9s leg\u00edtimo para dicho tratamiento, especialmente cuando los sujetos de datos tienen una relaci\u00f3n de cliente con el responsable del tratamiento de datos. De esta manera, Controlar considera que el tratamiento de datos personales es legal y leg\u00edtimo para estos sujetos de datos con el prop\u00f3sito de enviar boletines informativos e informaci\u00f3n promocional, incluso sin su consentimiento expl\u00edcito, cuando los datos fueron registrados tras contactos comerciales, como la participaci\u00f3n en ferias comerciales u otros eventos, o solicitudes de propuestas y cotizaciones, ya sea digitalmente o en persona.<\/p>\n<p>Los sujetos de datos que lo deseen pueden solicitar que este tratamiento sea interrumpido o eliminado comunic\u00e1ndolo al Delegado de Protecci\u00f3n de Datos (DPO) de Controlar, de acuerdo con los Art\u00edculos 12 y 13 de esta Pol\u00edtica de Privacidad.<\/p>\n<p><strong>11. Compartir de datos<\/strong><br \/>\nControlar puede, en algunos casos, compartir datos personales con otras empresas dentro de Controlar. La compartici\u00f3n de estos datos solo ocurrir\u00e1 con fines de divulgaci\u00f3n comercial, env\u00edo de boletines informativos y correos electr\u00f3nicos promocionales. Controlar se compromete a garantizar que todas las empresas que reciben estos datos cumplan con todos los est\u00e1ndares determinados por Controlar y el GDPR.<\/p>\n<p><strong>12. Derechos del titular de datos personales<\/strong><br \/>\nComo queremos garantizar que est\u00e1 consciente de sus derechos, y en los t\u00e9rminos de la legislaci\u00f3n aplicable, le informamos lo siguiente:<\/p>\n<ul>\n<li>Sus datos personales le pertenecen a usted. Como tal, tiene derecho a acceder, rectificar, limitar, borrar u oponerse al tratamiento de los mismos, as\u00ed como a obtenerlos en conjunto con Controlar &#8211; Electr\u00f3nica Industrial e Sistemas, S.A.<\/li>\n<li>Haremos todos los esfuerzos para que sus datos personales se mantengan actualizados y protegidos de acuerdo con los mejores est\u00e1ndares practicados por la industria.<\/li>\n<li>Tiene derecho a presentar una queja junto con la autoridad de protecci\u00f3n de datos competente. En Portugal, esta autoridad es la Comisi\u00f3n Nacional de Protecci\u00f3n de Datos (\u201cCNPD\u201d). Para m\u00e1s informaci\u00f3n sobre la CNPD, puede visitar el sitio web <a href=\"https:\/\/www.cnpd.pt\" target=\"_blank\" rel=\"noopener noreferrer\">www.cnpd.pt<\/a>.<\/li>\n<li>Podr\u00e1 retirar, en todo momento, el consentimiento que previamente otorg\u00f3 para el tratamiento de sus datos personales, en el marco del RGPD, lo que no perjudica la licitud del tratamiento de los datos personales que hasta aqu\u00ed haya sido efectuado, con base en el consentimiento que previamente haya otorgado.<\/li>\n<\/ul>\n<p><strong>13. Cont\u00e1ctenos<br \/>\n<\/strong>En caso de tener dudas sobre esta Pol\u00edtica de Privacidad y Protecci\u00f3n de Datos Personales, o en caso de desear ejercer cualquiera de los derechos anteriormente referidos, por favor cont\u00e1ctenos a trav\u00e9s del correo electr\u00f3nico del DPO: <a href=\"mailto:dpo@pt.controlar.com\">dpo@pt.controlar.com<\/a>[\/vc_column_text][\/vc_column][\/vc_row]\n","protected":false},"excerpt":{"rendered":"<p>[vc_row type=&#8221;in_container&#8221; full_screen_row_position=&#8221;middle&#8221; column_margin=&#8221;default&#8221; column_direction=&#8221;default&#8221; column_direction_tablet=&#8221;default&#8221; column_direction_phone=&#8221;default&#8221; scene_position=&#8221;center&#8221; text_color=&#8221;dark&#8221; text_align=&#8221;left&#8221; row_border_radius=&#8221;none&#8221; row_border_radius_applies=&#8221;bg&#8221; overflow=&#8221;visible&#8221; overlay_strength=&#8221;0.3&#8243; gradient_direction=&#8221;left_to_right&#8221; shape_divider_position=&#8221;bottom&#8221; bg_image_animation=&#8221;none&#8221;][vc_column column_padding=&#8221;no-extra-padding&#8221; column_padding_tablet=&#8221;inherit&#8221; column_padding_phone=&#8221;inherit&#8221; column_padding_position=&#8221;all&#8221; column_element_direction_desktop=&#8221;default&#8221; column_element_spacing=&#8221;default&#8221; desktop_text_alignment=&#8221;default&#8221; tablet_text_alignment=&#8221;default&#8221; phone_text_alignment=&#8221;default&#8221; background_color_opacity=&#8221;1&#8243; background_hover_color_opacity=&#8221;1&#8243; column_backdrop_filter=&#8221;none&#8221; column_shadow=&#8221;none&#8221;&#8230;<\/p>\n","protected":false},"author":7,"featured_media":0,"parent":0,"menu_order":0,"comment_status":"closed","ping_status":"closed","template":"","meta":{"_acf_changed":false,"inline_featured_image":false,"footnotes":""},"class_list":["post-3491","page","type-page","status-publish"],"acf":[],"aioseo_notices":[],"_links":{"self":[{"href":"https:\/\/controlar.com\/es-mx\/wp-json\/wp\/v2\/pages\/3491","targetHints":{"allow":["GET"]}}],"collection":[{"href":"https:\/\/controlar.com\/es-mx\/wp-json\/wp\/v2\/pages"}],"about":[{"href":"https:\/\/controlar.com\/es-mx\/wp-json\/wp\/v2\/types\/page"}],"author":[{"embeddable":true,"href":"https:\/\/controlar.com\/es-mx\/wp-json\/wp\/v2\/users\/7"}],"replies":[{"embeddable":true,"href":"https:\/\/controlar.com\/es-mx\/wp-json\/wp\/v2\/comments?post=3491"}],"version-history":[{"count":4,"href":"https:\/\/controlar.com\/es-mx\/wp-json\/wp\/v2\/pages\/3491\/revisions"}],"predecessor-version":[{"id":27728,"href":"https:\/\/controlar.com\/es-mx\/wp-json\/wp\/v2\/pages\/3491\/revisions\/27728"}],"wp:attachment":[{"href":"https:\/\/controlar.com\/es-mx\/wp-json\/wp\/v2\/media?parent=3491"}],"curies":[{"name":"wp","href":"https:\/\/api.w.org\/{rel}","templated":true}]}}